{"id":265190,"date":"2026-01-14T00:05:37","date_gmt":"2026-01-13T21:05:37","guid":{"rendered":"https:\/\/baldumarket.lt\/product\/regal-zamkniety-z-szuflada-balder-62-cm-dab-riviera-bialy-polysk\/"},"modified":"2026-02-11T18:18:41","modified_gmt":"2026-02-11T15:18:41","slug":"regal-zamkniety-z-szuflada-balder-62-cm-dab-riviera-bialy-polysk","status":"publish","type":"product","link":"https:\/\/baldumarket.lt\/lt\/product\/regal-zamkniety-z-szuflada-balder-62-cm-dab-riviera-bialy-polysk\/","title":{"rendered":"U\u017edara knyg\u0173 lentyna su stal\u010diumi BALDER 62 cm, Riviera \u0105\u017euolas\/blizgi balta"},"content":{"rendered":"<p>U\u017edara lentyna \u201eBalder\u201c \u2013 tai prakti\u0161kas baldas, skirtas tiems, kurie m\u0117gsta paprastum\u0105 ir modern\u0173 interjero dizain\u0105. U\u017e tvirtos lentynos priekio yra trys lentynos, leid\u017eian\u010dios efektyviai organizuoti laikomus daiktus. Be to, u\u017edaros lentynos apa\u010dioje esantis stal\u010dius u\u017etikrina patog\u0173 smulki\u0173 daikt\u0173 laikym\u0105. \u201eBalder\u201c lentynai b\u016bdinga geometrin\u0117 forma ir dizainas, kur\u012f pabr\u0117\u017eia pastorintos korpuso grotel\u0117s. \u0160iltos \u201eRiviera\u201c \u0105\u017euolo spalvos ir neutralaus balto blizgesio derinys sukuria universal\u0173 pagrind\u0105, kuris puikiai dera su \u012fvairiais dekoro elementais. Firminiai aksesuarai ir paprastos rankenos u\u017etikrina patog\u0173 lentynos naudojim\u0105. Derindami j\u0105 su kitais \u201eBalder\u201c kolekcijos elementais, galite sukurti darni\u0105 kompozicij\u0105 svetain\u0117je, miegamajame ar jaunimo kambaryje, naudodami \u012fvairius modulius lanks\u010diam bald\u0173 i\u0161d\u0117stymui.<\/p>\n<p>Prek\u0117s kodas S382-REG1D1S-DRI\/BIP Simbolis ZM EAN Plotis 62 cm Gylis 39 cm Auk\u0161tis 192 cm Kolekcija Balder Spalva Rivjeros \u0105\u017euolas\/blizgi balta Gaubtas \u0161viesus medis Stilius modernus Med\u017eiaga laminatas Dureli\u0173 skai\u010dius 1 dur\u0173 Stal\u010di\u0173 skai\u010dius 1 stal\u010dius Rankena su ranken\u0117l\u0117mis Gamintojas Juoda Raudona Balta Baldo tipas Lentynos ir vitrinos PVM 23% EAN 5906123928151<\/p>","protected":false},"excerpt":{"rendered":"<p>U\u017edara lentyna \u201eBalder\u201c \u2013 prakti\u0161kas baldas, skirtas tiems, kurie renkasi paprastum\u0105 ir modern\u0173 interjero dizain\u0105. U\u017e tvirtos lentynos priekio yra trys lentynos, leid\u017eian\u010dios efektyviai sutvarkyti laikomus daiktus. Be to, u\u017edaros lentynos apa\u010dioje esantis stal\u010dius suteikia patog\u0173 b\u016bd\u0105 laikyti smulkius daiktus. [\u2026]<\/p>","protected":false},"featured_media":265191,"comment_status":"open","ping_status":"open","template":"","meta":[],"product_brand":[],"product_cat":[9200,1987],"product_tag":[],"class_list":{"0":"post-265190","1":"product","2":"type-product","3":"status-publish","4":"has-post-thumbnail","6":"product_cat-black-red-white","7":"product_cat-shelving-units","9":"first","10":"instock","11":"purchasable","12":"product-type-simple"},"_links":{"self":[{"href":"https:\/\/baldumarket.lt\/lt\/wp-json\/wp\/v2\/product\/265190","targetHints":{"allow":["GET"]}}],"collection":[{"href":"https:\/\/baldumarket.lt\/lt\/wp-json\/wp\/v2\/product"}],"about":[{"href":"https:\/\/baldumarket.lt\/lt\/wp-json\/wp\/v2\/types\/product"}],"replies":[{"embeddable":true,"href":"https:\/\/baldumarket.lt\/lt\/wp-json\/wp\/v2\/comments?post=265190"}],"wp:featuredmedia":[{"embeddable":true,"href":"https:\/\/baldumarket.lt\/lt\/wp-json\/wp\/v2\/media\/265191"}],"wp:attachment":[{"href":"https:\/\/baldumarket.lt\/lt\/wp-json\/wp\/v2\/media?parent=265190"}],"wp:term":[{"taxonomy":"product_brand","embeddable":true,"href":"https:\/\/baldumarket.lt\/lt\/wp-json\/wp\/v2\/product_brand?post=265190"},{"taxonomy":"product_cat","embeddable":true,"href":"https:\/\/baldumarket.lt\/lt\/wp-json\/wp\/v2\/product_cat?post=265190"},{"taxonomy":"product_tag","embeddable":true,"href":"https:\/\/baldumarket.lt\/lt\/wp-json\/wp\/v2\/product_tag?post=265190"}],"curies":[{"name":"wp","href":"https:\/\/api.w.org\/{rel}","templated":true}]}}