{"id":265182,"date":"2026-01-14T00:05:31","date_gmt":"2026-01-13T21:05:31","guid":{"rendered":"https:\/\/baldumarket.lt\/product\/regal-zamkniety-z-drzwiami-multido-50-cm-jasny-atelier\/"},"modified":"2026-02-11T18:18:41","modified_gmt":"2026-02-11T15:18:41","slug":"regal-zamkniety-z-drzwiami-multido-50-cm-jasny-atelier","status":"publish","type":"product","link":"https:\/\/baldumarket.lt\/lt\/product\/regal-zamkniety-z-drzwiami-multido-50-cm-jasny-atelier\/","title":{"rendered":"U\u017edara knyg\u0173 lentyna su durel\u0117mis MultiDo 50 cm \u0161viesi atelj\u0117"},"content":{"rendered":"<p>\u201eMultiDo\u201c knyg\u0173 lentyna su durel\u0117mis \u2013 funkcionalumas biurui ir ne tik. \u201eMultiDo\u201c knyg\u0173 lentyna su 1D\/50 cm durel\u0117mis yra puikus sprendimas \u017emon\u0117ms, kuriems reikia papildomos vietos daiktams laikyti svarbiuose kambariuose, tokiuose kaip biuras, r\u016bbin\u0117, vonios kambarys ar paauglio kambarys. D\u0117l erdvi\u0173 lentyn\u0173 ir u\u017edar\u0173 spinteli\u0173 galite lengvai susisteminti visus savo daiktus, juos tvarkingai laikyti ir tuo pa\u010diu metu ranka pasiekiamu atstumu. \u0160i knyg\u0173 lentyna pad\u0117s sukurti esteti\u0161k\u0105 ir funkcionali\u0105 erdv\u0119. Ypatingos savyb\u0117s: Galimos trys apdailos: dirbtinio \u0105\u017euolo, balta, grafito ir \u0161viesios atelj\u0117, tod\u0117l knyg\u0173 lentyn\u0105 galite priderinti prie bet kokio interjero \u2013 nuo eleganti\u0161ko biuro iki modernios r\u016bbin\u0117s ar stilingo paauglio kambario. Funkcionalumas \u012fvairiuose kambariuose: Biure knyg\u0173 lentyna tarnaus kaip dokument\u0173 ir knyg\u0173 vieta, r\u016bbin\u0117je \u2013 kaip drabu\u017ei\u0173 ir aksesuar\u0173 laikymo vieta, vonios kambaryje \u2013 kaip rank\u0161luos\u010di\u0173 ir kosmetikos laikymo vieta, o paauglio kambaryje \u2013 kaip vadov\u0117li\u0173, s\u0105siuvini\u0173 ir elektronin\u0117s \u012frangos laikymo vieta. Modulin\u0117 \u201eMultiDo\u201c sistema: D\u0117l galimyb\u0117s bet kokiai \u201eMultiDo\u201c serijos element\u0173 konfig\u016bracijai galite susikurti j\u016bs\u0173 poreikiams pritaikyt\u0105 sprendim\u0105, kuris puikiai papildys j\u016bs\u0173 biuro, persirengimo kambario, vonios kambario ar jaunimo kambario interjer\u0105. Universalus atidarymas: D\u0117l ergonomi\u0161k\u0173 ranken\u0173 ir \u012f kair\u0119 arba \u012f de\u0161in\u0119 atsidaran\u010di\u0173 dureli\u0173 lentyn\u0173 blokas suteikia patogumo ir laisv\u0117s j\u012f i\u0161d\u0117styti bei pasiekti. Papildomos lentynos: kaip papildom\u0105 pried\u0105 galite \u012fsigyti dviej\u0173 lentyn\u0173 komplekt\u0105, kad padidintum\u0117te daikt\u0173 laikymo erdv\u0119 ir pritaikytum\u0117te lentyn\u0173 blok\u0105 pagal savo poreikius. Santrauka: \u201eMultiDo\u201c lentyn\u0173 blokas su durel\u0117mis yra prakti\u0161kas baldas, kuris puikiai tiks biuruose, persirengimo kambariuose, vonios kambariuose ir jaunimo kambariuose. D\u0117l erdvi\u0173 lentyn\u0173, \u012fvairi\u0173 apdailos variant\u0173 ir lankstaus i\u0161d\u0117stymo galite lengvai sukurti puikiai organizuot\u0105 erdv\u0119, pritaikyt\u0105 j\u016bs\u0173 individualiems poreikiams. Modulin\u0117 \u201eMultiDo\u201c sistema leid\u017eia visi\u0161kai pritaikyti sistem\u0105, u\u017etikrindama funkcionalum\u0105 ir estetik\u0105 bet kokiame interjere. Per\u017ei\u016br\u0117kite \u201eMultiDo\u201c sistemos katalog\u0105 ir atraskite visas jos konfig\u016bravimo galimybes.<\/p>\n<p>Prek\u0117s kodas S588-REG1D\/50\/190\/40-JAT Plotis 50 cm Gylis 40 cm Auk\u0161tis 190 cm Kolekcija MultiDo Spalva \u0161viesi atelj\u0117 Atspalvis pilkas Stilius modernus Med\u017eiaga laminatas Dureli\u0173 skai\u010dius 1 dur\u0173 Stal\u010di\u0173 skai\u010dius be stal\u010di\u0173 Rankena su rankenomis Gamintojas Juoda Raudona Balta Baldo tipas Lentynos ir vitrinos PVM 23% EAN 5906123124775<\/p>","protected":false},"excerpt":{"rendered":"<p>\u201eMultiDo\u201c knyg\u0173 lentyna su durel\u0117mis \u2013 funkcionalumas biurui ir ne tik. \u201eMultiDo\u201c knyg\u0173 lentyna su 1D\/50 cm durel\u0117mis yra puikus sprendimas \u017emon\u0117ms, kuriems reikia papildomos vietos daiktams laikyti svarbiuose kambariuose, tokiuose kaip biuras, persirengimo kambarys, vonios kambarys ar paauglio kambarys. D\u0117l erdvi\u0173 lentyn\u0173 ir u\u017edar\u0173 spinteli\u0173 galite lengvai susitvarkyti visus [\u2026]<\/p>","protected":false},"featured_media":265183,"comment_status":"open","ping_status":"open","template":"","meta":[],"product_brand":[],"product_cat":[9200,1987],"product_tag":[],"class_list":{"0":"post-265182","1":"product","2":"type-product","3":"status-publish","4":"has-post-thumbnail","6":"product_cat-black-red-white","7":"product_cat-shelving-units","9":"first","10":"instock","11":"purchasable","12":"product-type-simple"},"_links":{"self":[{"href":"https:\/\/baldumarket.lt\/lt\/wp-json\/wp\/v2\/product\/265182","targetHints":{"allow":["GET"]}}],"collection":[{"href":"https:\/\/baldumarket.lt\/lt\/wp-json\/wp\/v2\/product"}],"about":[{"href":"https:\/\/baldumarket.lt\/lt\/wp-json\/wp\/v2\/types\/product"}],"replies":[{"embeddable":true,"href":"https:\/\/baldumarket.lt\/lt\/wp-json\/wp\/v2\/comments?post=265182"}],"wp:featuredmedia":[{"embeddable":true,"href":"https:\/\/baldumarket.lt\/lt\/wp-json\/wp\/v2\/media\/265183"}],"wp:attachment":[{"href":"https:\/\/baldumarket.lt\/lt\/wp-json\/wp\/v2\/media?parent=265182"}],"wp:term":[{"taxonomy":"product_brand","embeddable":true,"href":"https:\/\/baldumarket.lt\/lt\/wp-json\/wp\/v2\/product_brand?post=265182"},{"taxonomy":"product_cat","embeddable":true,"href":"https:\/\/baldumarket.lt\/lt\/wp-json\/wp\/v2\/product_cat?post=265182"},{"taxonomy":"product_tag","embeddable":true,"href":"https:\/\/baldumarket.lt\/lt\/wp-json\/wp\/v2\/product_tag?post=265182"}],"curies":[{"name":"wp","href":"https:\/\/api.w.org\/{rel}","templated":true}]}}