{"id":265158,"date":"2026-01-14T00:05:09","date_gmt":"2026-01-13T21:05:09","guid":{"rendered":"https:\/\/baldumarket.lt\/product\/regal-zamkniety-z-drzwiami-multido-50-cm-bialy\/"},"modified":"2026-02-11T18:18:41","modified_gmt":"2026-02-11T15:18:41","slug":"regal-zamkniety-z-drzwiami-multido-50-cm-bialy","status":"publish","type":"product","link":"https:\/\/baldumarket.lt\/lt\/product\/regal-zamkniety-z-drzwiami-multido-50-cm-bialy\/","title":{"rendered":"U\u017edara lentyna su durel\u0117mis MultiDo 50 cm balta"},"content":{"rendered":"<p>\u201eMultiDo\u201c lentyna su durel\u0117mis \u2013 funkcionalumas biurui ir ne tik. \u201eMultiDo\u201c lentyna su 1D\/50 cm durel\u0117mis yra puikus sprendimas tiems, kuriems reikia papildomos vietos daiktams laikyti svarbiuose kambariuose, tokiuose kaip biuras, persirengimo kambarys, vonios kambarys ar jaunimo kambarys. D\u0117l erdvi\u0173 lentyn\u0173 ir u\u017edar\u0173 spinteli\u0173 galite lengvai susitvarkyti visus savo daiktus, juos tvarkingai ir lengvai pasiekiamus. \u0160i lentyn\u0173 sistema pad\u0117s sukurti erdv\u0119, kuri b\u016bt\u0173 ir esteti\u0161kai patraukli, ir funkcionali. Ypatingos savyb\u0117s: Galimos trys apdailos: dirbtinio \u0105\u017euolo, baltos ir grafito, tod\u0117l lentyn\u0173 sistem\u0105 galite priderinti prie bet kokio interjero \u2013 nuo eleganti\u0161ko biuro iki modernios persirengimo kambario ar stilingo jaunimo kambario. Funkcionalumas \u012fvairiuose kambariuose: Biure lentyn\u0173 sistema puikiai tiks kaip dokument\u0173 ir knyg\u0173 vieta, persirengimo kambaryje \u2013 kaip drabu\u017ei\u0173 ir aksesuar\u0173 laikymo vieta, vonios kambaryje \u2013 kaip rank\u0161luos\u010di\u0173 ir kosmetikos laikymo vieta, o jaunimo kambaryje \u2013 kaip vadov\u0117li\u0173, s\u0105siuvini\u0173 ir elektronin\u0117s \u012frangos laikymo vieta. Modulin\u0117 \u201eMultiDo\u201c sistema: D\u0117l galimyb\u0117s laisvai konfig\u016bruoti \u201eMultiDo\u201c serijos elementus, galite susikurti savo poreikiams pritaikyt\u0105 sprendim\u0105, kuris puikiai papildys j\u016bs\u0173 biuro, persirengimo kambario, vonios kambario ar jaunimo kambario interjer\u0105. Universalus atidarymas: D\u0117l ergonomi\u0161k\u0173 ranken\u0173 ir \u012f kair\u0119 arba \u012f de\u0161in\u0119 atsidaran\u010di\u0173 dureli\u0173 lentyn\u0173 blokas u\u017etikrina patog\u0173 naudojim\u0105 ir laisv\u0119 pozicionuoti bei pasiekti turin\u012f. Papildomos lentynos: kaip papildom\u0105 parinkt\u012f galite \u012fsigyti 2 lentyn\u0173 komplekt\u0105, kad i\u0161pl\u0117stum\u0117te daikt\u0173 laikymo erdv\u0119 ir pritaikytum\u0117te lentyn\u0173 blok\u0105 pagal savo poreikius. Santrauka: \u201eMultiDo\u201c lentyn\u0173 blokas su durel\u0117mis yra prakti\u0161kas baldas, puikiai tinkantis biurams, persirengimo kambariams, vonios kambariams ir paaugli\u0173 kambariams. Tur\u0117dami erdvias lentynas, \u012fvairius apdailos variantus ir lanks\u010dius i\u0161d\u0117stymus, galite lengvai sukurti puikiai organizuot\u0105 erdv\u0119, pritaikyt\u0105 j\u016bs\u0173 individualiems poreikiams. Modulin\u0117 \u201eMultiDo\u201c sistema leid\u017eia visi\u0161kai pritaikyti sistem\u0105, u\u017etikrinant funkcionalum\u0105 ir estetik\u0105 bet kokiame interjere. Per\u017ei\u016br\u0117kite \u201eMultiDo\u201c sistemos katalog\u0105 ir atraskite visas jos konfig\u016bravimo galimybes.<\/p>\n<p>Prek\u0117s kodas S588-REG1D\/50\/190\/40-BI Plotis 50 cm Gylis 40 cm Auk\u0161tis 190 cm Kolekcija MultiDo Spalva balta Atspalvis baltas Stilius modernus Med\u017eiaga laminatas Dureli\u0173 skai\u010dius 1 dur\u0173 Stal\u010di\u0173 skai\u010dius be stal\u010di\u0173 Rankena su rankenomis Gamintojas Juoda Raudona Balta Baldo tipas Lentynos ir vitrinos PVM 23% EAN 5906123049528<\/p>","protected":false},"excerpt":{"rendered":"<p>\u201eMultiDo\u201c lentyna su durel\u0117mis \u2013 funkcionalumas biurui ir ne tik. \u201eMultiDo\u201c lentyna su 1D\/50 cm durel\u0117mis yra puikus sprendimas tiems, kuriems reikia papildomos vietos daiktams laikyti svarbiuose kambariuose, tokiuose kaip biuras, persirengimo kambarys, vonios kambarys ar jaunimo kambarys. D\u0117l erdvi\u0173 lentyn\u0173 ir u\u017edar\u0173 spinteli\u0173 galite lengvai susitvarkyti visus [\u2026]<\/p>","protected":false},"featured_media":265159,"comment_status":"open","ping_status":"open","template":"","meta":[],"product_brand":[],"product_cat":[9200,1987],"product_tag":[],"class_list":{"0":"post-265158","1":"product","2":"type-product","3":"status-publish","4":"has-post-thumbnail","6":"product_cat-black-red-white","7":"product_cat-shelving-units","9":"first","10":"instock","11":"purchasable","12":"product-type-simple"},"_links":{"self":[{"href":"https:\/\/baldumarket.lt\/lt\/wp-json\/wp\/v2\/product\/265158","targetHints":{"allow":["GET"]}}],"collection":[{"href":"https:\/\/baldumarket.lt\/lt\/wp-json\/wp\/v2\/product"}],"about":[{"href":"https:\/\/baldumarket.lt\/lt\/wp-json\/wp\/v2\/types\/product"}],"replies":[{"embeddable":true,"href":"https:\/\/baldumarket.lt\/lt\/wp-json\/wp\/v2\/comments?post=265158"}],"wp:featuredmedia":[{"embeddable":true,"href":"https:\/\/baldumarket.lt\/lt\/wp-json\/wp\/v2\/media\/265159"}],"wp:attachment":[{"href":"https:\/\/baldumarket.lt\/lt\/wp-json\/wp\/v2\/media?parent=265158"}],"wp:term":[{"taxonomy":"product_brand","embeddable":true,"href":"https:\/\/baldumarket.lt\/lt\/wp-json\/wp\/v2\/product_brand?post=265158"},{"taxonomy":"product_cat","embeddable":true,"href":"https:\/\/baldumarket.lt\/lt\/wp-json\/wp\/v2\/product_cat?post=265158"},{"taxonomy":"product_tag","embeddable":true,"href":"https:\/\/baldumarket.lt\/lt\/wp-json\/wp\/v2\/product_tag?post=265158"}],"curies":[{"name":"wp","href":"https:\/\/api.w.org\/{rel}","templated":true}]}}