{"id":264942,"date":"2026-01-14T00:01:54","date_gmt":"2026-01-13T21:01:54","guid":{"rendered":"https:\/\/baldumarket.lt\/product\/regal-zamkniety-narozny-z-drzwiami-multido-715x715-cm-bialy-3\/"},"modified":"2026-02-11T18:18:43","modified_gmt":"2026-02-11T15:18:43","slug":"regal-zamkniety-narozny-z-drzwiami-multido-715x715-cm-bialy-3","status":"publish","type":"product","link":"https:\/\/baldumarket.lt\/lt\/product\/regal-zamkniety-narozny-z-drzwiami-multido-715x715-cm-bialy-3\/","title":{"rendered":"U\u017edara kampin\u0117 knyg\u0173 lentyna su durel\u0117mis MultiDo 71,5\u00d771,5 cm, balta"},"content":{"rendered":"<p>\u201cKampin\u0117 lentyna su durel\u0117mis MultiDo\u201c \u2013 universalus sprendimas harmoningam interjerui. Kampin\u0117 lentyna su durel\u0117mis i\u0161 \u201eMultiDo\u201c sistemos \u2013 tai puikus funkcionalumo ir stiliaus derinys, kuris pad\u0117s \u012fvesti tvark\u0105 ir suteikti interjerui unikalumo. \u0160is erdvus baldas si\u016blo iki 7 laikymo zon\u0173, kurias galite laisvai i\u0161d\u0117styti, tod\u0117l lengviau sutvarkyti erdv\u0119 ir greitai rasti reikiamus daiktus. Ypatingos savyb\u0117s: Iki 7 laikymo zon\u0173: leid\u017eia prakti\u0161kai i\u0161d\u0117styti drabu\u017eius, patalyn\u0119, rank\u0161luos\u010dius, \u017eaislus ir nam\u0173 aksesuarus. Universalus panaudojimas: \u201eMultiDo\u201c lentyna puikiai tinka drabu\u017eiams ir patalynei laikyti miegamajame, vaik\u0173 kambaryje kaip \u017eaisl\u0173 saugykla, o prie\u0161kambaryje gali laikyti dulki\u0173 siurbl\u012f, lyginimo lent\u0105 ir kitus kasdienius daiktus. Patogiai atidaromos durel\u0117s: atsidaran\u010dios \u012f kair\u0119 arba \u012f de\u0161in\u0119, leid\u017eia pasl\u0117pti ma\u017eiau esteti\u0161kus daiktus, u\u017etikrinant draugi\u0161k\u0105 ir harmoning\u0105 interjero i\u0161vaizd\u0105. Galima rinktis i\u0161 trij\u0173 universali\u0173 spalv\u0173: grafito, dirbtinio \u0105\u017euolo ir baltos, tod\u0117l lentyn\u0105 lengvai priderinsite prie \u012fvairi\u0173 interjero dizaino stili\u0173. Modulin\u0117 \u201eMultiDo\u201c sistema: Lentyna yra modulin\u0117s sistemos dalis, j\u0105 galima derinti su kitais serijos elementais, sukuriant individualius ir suasmenintus i\u0161d\u0117stymus. pritaikyta j\u016bs\u0173 poreikiams. Santrauka: \u201eMultiDo\u201c kampin\u0117 lentyna su durel\u0117mis yra universalus ir esteti\u0161kai patrauklus baldas, kuris puikiai tiks \u012fvairiuose kambariuose \u2013 nuo miegamojo, vaik\u0173 kambario iki prie\u0161kambario. D\u0117l didel\u0117s talpos ir galimyb\u0117s laisvai i\u0161d\u0117styti daikt\u0173 laikymo zonas, ji u\u017etikrins tvark\u0105 ir organizuotum\u0105 j\u016bs\u0173 namuose. Pasirinkite vien\u0105 i\u0161 trij\u0173 galim\u0173 spalv\u0173 ir m\u0117gaukit\u0117s harmoningu interjeru, puikiai atitinkan\u010diu j\u016bs\u0173 gyvenimo b\u016bd\u0105. Per\u017ei\u016br\u0117kite \u201eMultiDo\u201c sistemos katalog\u0105 ir atraskite visas jos konfig\u016bracijos galimybes.<\/p>\n<p>Prek\u0117s kodas S588-REGN1D\/190-BI Plotis 71,5 cm Gylis 71,5 cm Auk\u0161tis 115 cm Kolekcija MultiDo Spalva balta Atspalvis baltas Stilius modernus Med\u017eiaga laminatas Dureli\u0173 skai\u010dius 1 dur\u0173 Stal\u010di\u0173 skai\u010dius be stal\u010di\u0173 Rankena su rankenomis Gamintojas Juoda Raudona Balta Baldo tipas Lentynos ir vitrinos PVM 23% EAN 5906123049092<\/p>","protected":false},"excerpt":{"rendered":"<p>\u201cKampin\u0117 lentyna su durel\u0117mis MultiDo \u2013 universalus sprendimas harmoningam interjerui. Kampin\u0117 lentyna su durel\u0117mis i\u0161 \u201eMultiDo\u201c sistemos \u2013 tai puikus funkcionalumo ir stiliaus derinys, kuris pad\u0117s \u012fvesti tvark\u0105 ir suteikti interjerui unikalumo. \u0160is erdvus baldas si\u016blo iki 7 daikt\u0173 laikymo zon\u0173, kurios [\u2026]<\/p>","protected":false},"featured_media":264943,"comment_status":"open","ping_status":"open","template":"","meta":[],"product_brand":[],"product_cat":[9200,1987],"product_tag":[],"class_list":{"0":"post-264942","1":"product","2":"type-product","3":"status-publish","4":"has-post-thumbnail","6":"product_cat-black-red-white","7":"product_cat-shelving-units","9":"first","10":"instock","11":"purchasable","12":"product-type-simple"},"_links":{"self":[{"href":"https:\/\/baldumarket.lt\/lt\/wp-json\/wp\/v2\/product\/264942","targetHints":{"allow":["GET"]}}],"collection":[{"href":"https:\/\/baldumarket.lt\/lt\/wp-json\/wp\/v2\/product"}],"about":[{"href":"https:\/\/baldumarket.lt\/lt\/wp-json\/wp\/v2\/types\/product"}],"replies":[{"embeddable":true,"href":"https:\/\/baldumarket.lt\/lt\/wp-json\/wp\/v2\/comments?post=264942"}],"wp:featuredmedia":[{"embeddable":true,"href":"https:\/\/baldumarket.lt\/lt\/wp-json\/wp\/v2\/media\/264943"}],"wp:attachment":[{"href":"https:\/\/baldumarket.lt\/lt\/wp-json\/wp\/v2\/media?parent=264942"}],"wp:term":[{"taxonomy":"product_brand","embeddable":true,"href":"https:\/\/baldumarket.lt\/lt\/wp-json\/wp\/v2\/product_brand?post=264942"},{"taxonomy":"product_cat","embeddable":true,"href":"https:\/\/baldumarket.lt\/lt\/wp-json\/wp\/v2\/product_cat?post=264942"},{"taxonomy":"product_tag","embeddable":true,"href":"https:\/\/baldumarket.lt\/lt\/wp-json\/wp\/v2\/product_tag?post=264942"}],"curies":[{"name":"wp","href":"https:\/\/api.w.org\/{rel}","templated":true}]}}