{"id":264926,"date":"2026-01-14T00:01:42","date_gmt":"2026-01-13T21:01:42","guid":{"rendered":"https:\/\/baldumarket.lt\/product\/regal-zamkniety-narozny-z-drzwiami-multido-715x715-cm-bialy\/"},"modified":"2026-02-11T18:18:43","modified_gmt":"2026-02-11T15:18:43","slug":"regal-zamkniety-narozny-z-drzwiami-multido-715x715-cm-bialy","status":"publish","type":"product","link":"https:\/\/baldumarket.lt\/lt\/product\/regal-zamkniety-narozny-z-drzwiami-multido-715x715-cm-bialy\/","title":{"rendered":"U\u017edara kampin\u0117 knyg\u0173 lentyna su durel\u0117mis MultiDo 71,5\u00d771,5 cm, balta"},"content":{"rendered":"<p>\u201eMultiDo\u201c kampin\u0117 lentyna su durel\u0117mis \u2013 stiprus j\u016bs\u0173 interjero dizaino akcentas. \u201eMultiDo\u201c kampin\u0117 lentyna su durel\u0117mis yra puikus sprendimas, kai norite sumaniai sutvarkyti nedidel\u0119 erdv\u0119. Dviejose erdviose lentynose, pasl\u0117ptose u\u017e dureli\u0173, galite lengvai laikyti apatinius drabu\u017eius, dokumentus, patalyn\u0119 ir kitus smulkius daiktus, kuriuos norite visada tur\u0117ti po ranka. Stabilus stalvir\u0161is yra puiki vieta dekoracijoms, tokioms kaip nuotraukos, augalai ar \u017evak\u0117s, suteikian\u010dios j\u016bs\u0173 interjerui jaukumo. Ypatingos savyb\u0117s: Kampinis dizainas: maksimaliai i\u0161naudojamos sunkiai \u012frengiamos erdv\u0117s, idealiai tinka ma\u017eiems kambariams. Dvi erdvios lentynos u\u017e u\u017erakinam\u0173 dureli\u0173: si\u016blo daug vietos apatiniams drabu\u017eiams, patalynei, dokumentams ir kitiems kasdieniams daiktams laikyti. Universalus i\u0161d\u0117stymas: lentyn\u0105 galima pastatyti ant grind\u0173, naudoti kaip prailginim\u0105 arba u\u017ed\u0117ti ant kitos lentynos, suteikiant pla\u010dias i\u0161d\u0117stymo galimybes. Lankstus dureli\u0173 atidarymas: d\u0117l ergonomi\u0161k\u0173 ranken\u0173 ir galimyb\u0117s atidaryti dureles \u012f de\u0161in\u0119 arba \u012f kair\u0119, komoda u\u017etikrina patog\u0173 naudojim\u0105 ir i\u0161d\u0117stymo laisv\u0119. Trys prislopintos spalvos: balta, dirbtinio \u0105\u017euolo ir grafito, leid\u017eia lengvai priderinti lentyn\u0105 prie j\u016bs\u0173 interjero stiliaus. Modulin\u0117 \u201eMultiDo\u201c sistema: lentyna yra modulin\u0117s sistemos dalis, leid\u017eianti j\u0105 derinti su kitais \u0161ios serijos elementais ir sukurti asmeninius i\u0161d\u0117stymus. Papildomos lentynos: kaip papildom\u0105 variant\u0105 galite \u012fsigyti dviej\u0173 lentyn\u0173 komplekt\u0105, kurio d\u0117ka galite i\u0161pl\u0117sti savo daikt\u0173 laikymo erdv\u0119 ir pritaikyti lentyn\u0105 pagal savo poreikius. Santrauka: kampin\u0117 lentyna su durel\u0117mis \u201eMultiDo\u201c yra prakti\u0161kas ir stilingas baldas, puikiai tinkantis ma\u017eiems kambariams ir sunkiai naudojamiems kampams. D\u0117l savo universalumo ir galimyb\u0117s derinti su kitais \u201eMultiDo\u201c kolekcijos baldais galite lengvai sukurti funkcional\u0173 ir esteti\u0161k\u0105 i\u0161d\u0117stym\u0105. Rinkit\u0117s i\u0161 trij\u0173 galim\u0173 spalv\u0173 ir m\u0117gaukit\u0117s tobulu deriniu prie savo interjero! Per\u017ei\u016br\u0117kite \u201eMultiDo\u201c sistemos katalog\u0105 ir atraskite visas jos konfig\u016bravimo galimybes.<\/p>\n<p>Prek\u0117s kodas S588-REGN1D\/80-BI Plotis 71,5 cm Gylis 71,5 cm Auk\u0161tis 83 cm Kolekcija MultiDo Spalva balta Atspalvis baltas Stilius modernus Med\u017eiaga laminatas Dureli\u0173 skai\u010dius 1 dur\u0173 Stal\u010di\u0173 skai\u010dius be stal\u010di\u0173 Rankena su rankenomis Gamintojas Juoda Raudona Balta Baldo tipas Lentynos ir vitrinos PVM 23% EAN 5906123049153<\/p>","protected":false},"excerpt":{"rendered":"<p>\u201eMultiDo\u201c kampin\u0117 lentyna su durel\u0117mis \u2013 j\u016bs\u0173 interjero dizaino stiprus akcentas. \u201eMultiDo\u201c kampin\u0117 lentyna su durel\u0117mis yra puikus sprendimas, kai norite sumaniai sutvarkyti nedidel\u0119 erdv\u0119. D\u0117l dviej\u0173 erdvi\u0173 lentyn\u0173, pasl\u0117pt\u0173 u\u017e durel\u0117mis, galite lengvai laikyti apatinius drabu\u017eius, dokumentus, patalyn\u0119 ir kitus smulkius daiktus, kuriuos norite [\u2026]<\/p>","protected":false},"featured_media":264927,"comment_status":"open","ping_status":"open","template":"","meta":[],"product_brand":[],"product_cat":[9200,1987],"product_tag":[],"class_list":{"0":"post-264926","1":"product","2":"type-product","3":"status-publish","4":"has-post-thumbnail","6":"product_cat-black-red-white","7":"product_cat-shelving-units","9":"first","10":"instock","11":"purchasable","12":"product-type-simple"},"_links":{"self":[{"href":"https:\/\/baldumarket.lt\/lt\/wp-json\/wp\/v2\/product\/264926","targetHints":{"allow":["GET"]}}],"collection":[{"href":"https:\/\/baldumarket.lt\/lt\/wp-json\/wp\/v2\/product"}],"about":[{"href":"https:\/\/baldumarket.lt\/lt\/wp-json\/wp\/v2\/types\/product"}],"replies":[{"embeddable":true,"href":"https:\/\/baldumarket.lt\/lt\/wp-json\/wp\/v2\/comments?post=264926"}],"wp:featuredmedia":[{"embeddable":true,"href":"https:\/\/baldumarket.lt\/lt\/wp-json\/wp\/v2\/media\/264927"}],"wp:attachment":[{"href":"https:\/\/baldumarket.lt\/lt\/wp-json\/wp\/v2\/media?parent=264926"}],"wp:term":[{"taxonomy":"product_brand","embeddable":true,"href":"https:\/\/baldumarket.lt\/lt\/wp-json\/wp\/v2\/product_brand?post=264926"},{"taxonomy":"product_cat","embeddable":true,"href":"https:\/\/baldumarket.lt\/lt\/wp-json\/wp\/v2\/product_cat?post=264926"},{"taxonomy":"product_tag","embeddable":true,"href":"https:\/\/baldumarket.lt\/lt\/wp-json\/wp\/v2\/product_tag?post=264926"}],"curies":[{"name":"wp","href":"https:\/\/api.w.org\/{rel}","templated":true}]}}