{"id":264831,"date":"2026-01-14T00:00:10","date_gmt":"2026-01-13T21:00:10","guid":{"rendered":"https:\/\/baldumarket.lt\/product\/regal-zamkniety-jednodrzwiowy-szafka-multido-30-dab-artisan\/"},"modified":"2026-02-11T18:18:44","modified_gmt":"2026-02-11T15:18:44","slug":"regal-zamkniety-jednodrzwiowy-szafka-multido-30-dab-artisan","status":"publish","type":"product","link":"https:\/\/baldumarket.lt\/lt\/product\/regal-zamkniety-jednodrzwiowy-szafka-multido-30-dab-artisan\/","title":{"rendered":"U\u017edara vien\u0173 dur\u0173 knyg\u0173 lentyna \u201eMultiDo 30\u201c \u2013 \u0105\u017euolo dirbini\u0173 spintel\u0117"},"content":{"rendered":"<p>\u201cMultiDo\u201c knyg\u0173 lentyna su durel\u0117mis \u2013 paprastas b\u016bdas palaikyti tvark\u0105 namuose. 1D\/30 \u201eMultiDo\u201c knyg\u0173 lentyna su durel\u0117mis yra funkcionalus ir universalus baldas, puikiai tiksiantis \u012fvairiuose kambariuose, tokiuose kaip biuras, miegamasis ar vaik\u0173 kambarys. D\u0117l kompakti\u0161ko dizaino ir prakti\u0161k\u0173 sprendim\u0173 ji pad\u0117s sutvarkyti erdv\u0119 ir \u012fvesti tvark\u0105, nepriklausomai nuo to, k\u0105 joje norite laikyti \u2013 nuo knyg\u0173 ir dokument\u0173 iki drabu\u017ei\u0173 ir \u017eaisl\u0173. Ypatingos savyb\u0117s: Kompakti\u0161kas ir funkcionalus dizainas: puikiai tinka ma\u017eesn\u0117ms patalpoms, tokioms kaip biuras, miegamasis ar vaik\u0173 kambarys, nes galima laikyti \u012fvairius daiktus. Stabilus stalvir\u0161is: leid\u017eia efektyviai eksponuoti dekoracijas, tokias kaip augalai, lempos ar nuotrauk\u0173 r\u0117meliai, suteikiant interjerui estetin\u012f akcent\u0105. Lankstus i\u0161d\u0117stymas: knyg\u0173 lentyn\u0105 galima pastatyti ant grind\u0173, ant stalvir\u0161io arba pakabinti ant sienos d\u0117l reguliuojam\u0173 pakab\u0173, tod\u0117l optimaliai i\u0161naudojama erdv\u0117, nepriklausomai nuo kambario dyd\u017eio. Modulin\u0117 \u201eMultiDo\u201c sistema: knyg\u0173 lentyna yra pla\u010dios modulin\u0117s sistemos, leid\u017eian\u010dios laisvai konfig\u016bruoti elementus, dalis, kurios d\u0117ka galite sukurti tobulus i\u0161d\u0117stymus, pritaikytus j\u016bs\u0173 poreikiams. Trys nesenstantys spalv\u0173 variantai: rinkit\u0117s i\u0161... balta, grafito arba meni\u0161ko \u0105\u017euolo spalvos, tod\u0117l lentyn\u0105 gal\u0117site puikiai priderinti prie savo interjero stiliaus. Papildomos lentynos: kaip papildom\u0105 variant\u0105 galite \u012fsigyti dviej\u0173 lentyn\u0173 komplekt\u0105, kad i\u0161pl\u0117stum\u0117te savo daikt\u0173 laikymo erdv\u0119 ir pritaikytum\u0117te lentyn\u0105 pagal savo poreikius. Santrauka: \u201eMultiDo\u201c knyg\u0173 lentyna su durel\u0117mis \u2013 puikus b\u016bdas palaikyti tvark\u0105 namuose. Nesvarbu, ar jums reikia papildomos vietos knygoms darbo kambaryje, drabu\u017ei\u0173 laikymo vietos miegamajame, ar \u017eaisl\u0173 organizavimo vaiko kambaryje, \u0161is universalus baldas bus tobulas. D\u0117l lanks\u010di\u0173 i\u0161d\u0117stymo galimybi\u0173 ir \u012fvairi\u0173 konfig\u016bravimo galimybi\u0173 \u201eMultiDo\u201c modulin\u0117je sistemoje galite lengvai sukurti puikiai organizuot\u0105 erdv\u0119, pritaikyt\u0105 j\u016bs\u0173 stiliui ir poreikiams. Per\u017ei\u016br\u0117kite \u201eMultiDo\u201c sistemos katalog\u0105 ir atraskite visas jos konfig\u016bravimo galimybes.<\/p>\n<p>Prek\u0117s kodas S588-REG1D\/30\/30\/40-DASN Plotis 30 cm Gylis 40 cm Auk\u0161tis 35 cm Kolekcija MultiDo Spalva meni\u0161ko \u0105\u017euolo atspalvis \u0161viesi mediena Stilius modernus Med\u017eiaga laminatas Dureli\u0173 skai\u010dius 1 dur\u0173 Stal\u010di\u0173 skai\u010dius be stal\u010di\u0173 Rankena su rankenomis Gamintojas Juoda Raudona Balta Baldo tipas Lentynos ir vitrinos PVM 23% EAN 5906123048385<\/p>","protected":false},"excerpt":{"rendered":"<p>\u201cMultiDo\u201c knyg\u0173 lentyna su durel\u0117mis \u2013 paprastas b\u016bdas palaikyti tvark\u0105 namuose. 1D\/30 \u201eMultiDo\u201c knyg\u0173 lentyna su durel\u0117mis yra funkcionalus ir universalus baldas, puikiai tiksiantis \u012fvairiuose kambariuose, tokiuose kaip biuras, miegamasis ar vaik\u0173 kambarys. D\u0117l kompakti\u0161ko dizaino ir prakti\u0161k\u0173 sprendim\u0173 ji pad\u0117s jums [\u2026]<\/p>","protected":false},"featured_media":264832,"comment_status":"open","ping_status":"open","template":"","meta":[],"product_brand":[],"product_cat":[9200,1987],"product_tag":[],"class_list":{"0":"post-264831","1":"product","2":"type-product","3":"status-publish","4":"has-post-thumbnail","6":"product_cat-black-red-white","7":"product_cat-shelving-units","9":"first","10":"instock","11":"purchasable","12":"product-type-simple"},"_links":{"self":[{"href":"https:\/\/baldumarket.lt\/lt\/wp-json\/wp\/v2\/product\/264831","targetHints":{"allow":["GET"]}}],"collection":[{"href":"https:\/\/baldumarket.lt\/lt\/wp-json\/wp\/v2\/product"}],"about":[{"href":"https:\/\/baldumarket.lt\/lt\/wp-json\/wp\/v2\/types\/product"}],"replies":[{"embeddable":true,"href":"https:\/\/baldumarket.lt\/lt\/wp-json\/wp\/v2\/comments?post=264831"}],"wp:featuredmedia":[{"embeddable":true,"href":"https:\/\/baldumarket.lt\/lt\/wp-json\/wp\/v2\/media\/264832"}],"wp:attachment":[{"href":"https:\/\/baldumarket.lt\/lt\/wp-json\/wp\/v2\/media?parent=264831"}],"wp:term":[{"taxonomy":"product_brand","embeddable":true,"href":"https:\/\/baldumarket.lt\/lt\/wp-json\/wp\/v2\/product_brand?post=264831"},{"taxonomy":"product_cat","embeddable":true,"href":"https:\/\/baldumarket.lt\/lt\/wp-json\/wp\/v2\/product_cat?post=264831"},{"taxonomy":"product_tag","embeddable":true,"href":"https:\/\/baldumarket.lt\/lt\/wp-json\/wp\/v2\/product_tag?post=264831"}],"curies":[{"name":"wp","href":"https:\/\/api.w.org\/{rel}","templated":true}]}}