{"id":264807,"date":"2026-01-13T23:59:47","date_gmt":"2026-01-13T20:59:47","guid":{"rendered":"https:\/\/baldumarket.lt\/product\/regal-zamkniety-jednodrzwiowy-szafka-multido-30-cm-bialy-2\/"},"modified":"2026-02-11T18:18:44","modified_gmt":"2026-02-11T15:18:44","slug":"regal-zamkniety-jednodrzwiowy-szafka-multido-30-cm-bialy-2","status":"publish","type":"product","link":"https:\/\/baldumarket.lt\/lt\/product\/regal-zamkniety-jednodrzwiowy-szafka-multido-30-cm-bialy-2\/","title":{"rendered":"Vien\u0173 dureli\u0173 u\u017edara lentyna \u201eMultiDo\u201c spintel\u0117, 30 cm, balta"},"content":{"rendered":"<p>\u201eMultiDo\u201c knyg\u0173 lentyna su durel\u0117mis \u2013 funkcionalumas biurui ir ne tik. \u201eMultiDo\u201c knyg\u0173 lentyna su 1D\/30 cm durel\u0117mis yra puikus sprendimas \u017emon\u0117ms, kuriems reikia papildomos vietos daiktams laikyti svarbiuose kambariuose, tokiuose kaip biuras, r\u016bbin\u0117, vonios kambarys ar paauglio kambarys. D\u0117l erdvi\u0173 lentyn\u0173 ir u\u017edar\u0173 spinteli\u0173 galite lengvai susitvarkyti visus savo daiktus, juos tvarkingai laikyti ir tuo pa\u010diu metu ranka pasiekiamu atstumu. \u0160i knyg\u0173 lentyna pad\u0117s sukurti esteti\u0161k\u0105 ir funkcionali\u0105 erdv\u0119. Ypatingos savyb\u0117s: Galimos trys apdailos: dirbtinio \u0105\u017euolo, baltos ir grafito, tod\u0117l knyg\u0173 lentyn\u0105 galite priderinti prie bet kokio interjero \u2013 nuo eleganti\u0161ko biuro iki modernios r\u016bbin\u0117s ar stilingo paauglio kambario. Funkcionalumas \u012fvairiuose kambariuose: Biure knyg\u0173 lentyna bus puiki vieta dokumentams ir knygoms laikyti, r\u016bbin\u0117je \u2013 drabu\u017eiams ir aksesuarams laikyti, vonios kambaryje \u2013 puikiai sutvarkys rank\u0161luos\u010dius ir kosmetik\u0105, o paauglio kambaryje \u2013 vadov\u0117lius, s\u0105siuvinius ir elektronin\u0119 \u012frang\u0105. Lankstus i\u0161d\u0117stymas: knyg\u0173 lentyn\u0105 galima pastatyti ant grind\u0173, ant stalvir\u0161io arba pakabinti ant sienos, nes reguliuojami pakabos leid\u017eia optimaliai i\u0161naudoti erdv\u0119, nepriklausomai nuo kambario dyd\u017eio. Modulin\u0117 \u201eMultiDo\u201c sistema: d\u0117l galimyb\u0117s laisvai konfig\u016bruoti \u201eMultiDo\u201c serijos elementus, galite susikurti savo poreikiams pritaikyt\u0105 sprendim\u0105, kuris puikiai papildys biuro, persirengimo kambario, vonios kambario ar jaunimo kambario interjer\u0105. Universalus atidarymas: d\u0117l ergonomi\u0161k\u0173 ranken\u0173 ir \u012f kair\u0119 arba \u012f de\u0161in\u0119 atsidaran\u010di\u0173 dureli\u0173 lentyna u\u017etikrina patog\u0173 naudojim\u0105 ir laisv\u0119 pozicionuoti bei pasiekti turin\u012f. Papildomos lentynos: kaip papildom\u0105 variant\u0105 galite \u012fsigyti dviej\u0173 lentyn\u0173 komplekt\u0105, kad i\u0161pl\u0117stum\u0117te daikt\u0173 laikymo erdv\u0119 ir pritaikytum\u0117te lentyn\u0105 savo poreikiams. Santrauka: \u201eMultiDo\u201c lentyna su durel\u0117mis yra prakti\u0161kas baldas, kuris puikiai tiks biure, persirengimo kambaryje, vonios kambaryje ar jaunimo kambaryje. D\u0117l erdvi\u0173 lentyn\u0173, \u012fvairi\u0173 apdailos variant\u0173 ir lankstaus i\u0161d\u0117stymo galite lengvai sukurti puikiai organizuot\u0105 erdv\u0119, pritaikyt\u0105 j\u016bs\u0173 individualiems poreikiams. Modulin\u0117 \u201eMultiDo\u201c sistema leid\u017eia visi\u0161kai suasmeninti, u\u017etikrindama funkcionalum\u0105 ir estetik\u0105 bet kokiame interjere. Per\u017ei\u016br\u0117kite \u201eMultiDo\u201c sistemos katalog\u0105 ir atraskite visas jos konfig\u016bravimo galimybes.<\/p>\n<p>Prek\u0117s kodas S588-REG1D\/30\/80\/40-BI Plotis 30 cm Gylis 40 cm Auk\u0161tis 83 cm Kolekcija MultiDo Spalva balta Atspalvis baltas Stilius modernus Med\u017eiaga laminatas Dureli\u0173 skai\u010dius 1 dur\u0173 Stal\u010di\u0173 skai\u010dius be stal\u010di\u0173 Rankena su rankenomis Gamintojas Juoda Raudona Balta Baldo tipas Lentynos ir vitrinos PVM 23% EAN 5906123048408<\/p>","protected":false},"excerpt":{"rendered":"<p>\u201eMultiDo\u201c knyg\u0173 lentyna su durel\u0117mis \u2013 funkcionalumas biurui ir ne tik. \u201eMultiDo\u201c knyg\u0173 lentyna su 1D\/30 cm durel\u0117mis yra puikus sprendimas \u017emon\u0117ms, kuriems reikia papildomos vietos daiktams laikyti svarbiose patalpose, tokiose kaip biuras, persirengimo kambarys, vonios kambarys ar paauglio kambarys. D\u0117l erdvi\u0173 lentyn\u0173 ir u\u017edar\u0173 spinteli\u0173 galite lengvai susitvarkyti visus [\u2026]<\/p>","protected":false},"featured_media":264808,"comment_status":"open","ping_status":"open","template":"","meta":[],"product_brand":[],"product_cat":[9200,1987],"product_tag":[],"class_list":{"0":"post-264807","1":"product","2":"type-product","3":"status-publish","4":"has-post-thumbnail","6":"product_cat-black-red-white","7":"product_cat-shelving-units","9":"first","10":"instock","11":"purchasable","12":"product-type-simple"},"_links":{"self":[{"href":"https:\/\/baldumarket.lt\/lt\/wp-json\/wp\/v2\/product\/264807","targetHints":{"allow":["GET"]}}],"collection":[{"href":"https:\/\/baldumarket.lt\/lt\/wp-json\/wp\/v2\/product"}],"about":[{"href":"https:\/\/baldumarket.lt\/lt\/wp-json\/wp\/v2\/types\/product"}],"replies":[{"embeddable":true,"href":"https:\/\/baldumarket.lt\/lt\/wp-json\/wp\/v2\/comments?post=264807"}],"wp:featuredmedia":[{"embeddable":true,"href":"https:\/\/baldumarket.lt\/lt\/wp-json\/wp\/v2\/media\/264808"}],"wp:attachment":[{"href":"https:\/\/baldumarket.lt\/lt\/wp-json\/wp\/v2\/media?parent=264807"}],"wp:term":[{"taxonomy":"product_brand","embeddable":true,"href":"https:\/\/baldumarket.lt\/lt\/wp-json\/wp\/v2\/product_brand?post=264807"},{"taxonomy":"product_cat","embeddable":true,"href":"https:\/\/baldumarket.lt\/lt\/wp-json\/wp\/v2\/product_cat?post=264807"},{"taxonomy":"product_tag","embeddable":true,"href":"https:\/\/baldumarket.lt\/lt\/wp-json\/wp\/v2\/product_tag?post=264807"}],"curies":[{"name":"wp","href":"https:\/\/api.w.org\/{rel}","templated":true}]}}