{"id":264783,"date":"2026-01-13T23:59:29","date_gmt":"2026-01-13T20:59:29","guid":{"rendered":"https:\/\/baldumarket.lt\/product\/regal-zamkniety-jednodrzwiowy-holten-685-cm-bialy-dab-wotan\/"},"modified":"2026-02-11T18:18:45","modified_gmt":"2026-02-11T15:18:45","slug":"regal-zamkniety-jednodrzwiowy-holten-685-cm-bialy-dab-wotan","status":"publish","type":"product","link":"https:\/\/baldumarket.lt\/lt\/product\/regal-zamkniety-jednodrzwiowy-holten-685-cm-bialy-dab-wotan\/","title":{"rendered":"HOLTEN vien\u0173 dur\u0173 u\u017edara knyg\u0173 lentyna 68.5 cm balta\/wotan \u0105\u017euolas"},"content":{"rendered":"<p>U\u017edara lentyna \u201eHolten\u201c \u2013 prakti\u0161kas prie\u0161kambario sprendimas. Funkcionalaus ir stilingo prie\u0161kambario \u012frengimas yra pagrindinis interjero dizaino elementas. Moderni \u201eHolten\u201c kolekcija si\u016blo auk\u0161tos kokyb\u0117s sprendimus, pad\u0117sian\u010dius sutvarkyti prie\u0161kambar\u012f. U\u017edara lentyna \u201eHolten\u201c \u2013 tai baldas, kuris puikiai atliks \u0161\u012f vaidmen\u012f, suteikdamas vietos vir\u0161utiniams drabu\u017eiams, avalynei ir aksesuarams. \u0160tai kod\u0117l verta apie tai pagalvoti: Funkcionalumas: U\u017edara lentyna \u201eHolten\u201c buvo sukurta galvojant apie prie\u0161kambar\u012f. Ji turi pakabinimo b\u0117gel\u012f, puikiai tinkant\u012f striuk\u0117ms, paltams ar kitiems vir\u0161utiniams drabu\u017eiams laikyti. Vir\u0161utin\u0117 lentyna puikiai tinka kepur\u0117ms, kepurait\u0117ms ir kitiems aksesuarams. Apatin\u0117je lentynoje galima laikyti lagamin\u0105 ar batus, taip u\u017etikrinant tvark\u0105 prie\u0161kambaryje. Lentyn\u0173 fasadai yra lyg\u016bs ir blizg\u016bs, veidrodin\u0117s baltos spalvos. Tai eleganti\u0161kas pasirinkimas, suteikiantis j\u016bs\u0173 prie\u0161kambariui modernumo ir gaivumo. Jie kontrastuoja su \u0161iltu \u201eWotan\u201c \u0105\u017euolo stalvir\u0161iu, kur matomi ra\u0161tai suteikia baldui charakterio ir unikalumo. Pastorinti lentynos \u0161onai yra stilingas elementas, suteikiantis baldui tvirtumo ir i\u0161skirtinio r\u0117mo. \u0160i detal\u0117 patraukia d\u0117mes\u012f ir pabr\u0117\u017eia modern\u0173 baldo charakter\u012f. Atidarymo spustel\u0117jus mechanizmas \u201eHolten\u201c lentyn\u0105 leid\u017eia naudoti dar patogiau. Dureles atidaryti lengva ir be r\u016bpes\u010di\u0173, tod\u0117l padid\u0117ja komfortas. \u201eHolten\u201c kolekcijoje si\u016blomi \u012fvair\u016bs elementai, kuriuos galima derinti, siekiant sukurti kompakti\u0161k\u0105 ir funkcional\u0173 prie\u0161kambario i\u0161d\u0117stym\u0105. Galite naudoti prakti\u0161k\u0105 bat\u0173 spintel\u0119, palt\u0173 kabykl\u0105, veidrod\u012f ir \u017eem\u0105 lentyn\u0105, kad pritaikytum\u0117te prie\u0161kambario erdv\u0119 pagal savo poreikius. Taip pat verta prisiminti, kad d\u0117l skirting\u0173 med\u017eiag\u0173, naudojam\u0173 stalvir\u0161iui ir grotel\u0117ms, medienos ra\u0161to atspalvis gali \u0161iek tiek skirtis, suteikdamas baldui unikal\u0173 charakter\u012f. Trumpai tariant, u\u017edara \u201eHolten\u201c lentyna yra ne tik daikt\u0173 laikymo vieta, bet ir stilingas prie\u0161kambario elementas. D\u0117l savo funkcionalumo ir eleganti\u0161ko dizaino ji padeda palaikyti tvark\u0105 j\u016bs\u0173 nam\u0173 prie\u0161kambaryje, suteikdama jam modern\u0173 ir rafinuot\u0105 vaizd\u0105. Tai investicija \u012f j\u016bs\u0173 interjero komfort\u0105 ir estetik\u0105.<\/p>\n<p>Prek\u0117s kodas S440-REG1D\/200-BI\/DWO\/BIP Simbolis ZM EAN Plotis 68,5 cm Gylis 37 cm Auk\u0161tis 203,5 cm Kolekcija Holten Spalva balta\/wotan \u0105\u017euolas\/blizgi balta Atspalvis baltas Stilius modernus Dureli\u0173 skai\u010dius 1 dur\u0173 Stal\u010di\u0173 skai\u010dius be stal\u010di\u0173 Rankena be ranken\u0117li\u0173 Gamintojas Juoda Raudona Balta Baldo tipas Lentynos ir vitrinos PVM 23% EAN 5906123951951<\/p>","protected":false},"excerpt":{"rendered":"<p>U\u017edara lentyna \u201eHolten\u201c \u2013 prakti\u0161kas prie\u0161kambario sprendimas. Funkcionalaus ir stilingo prie\u0161kambario \u012frengimas yra pagrindinis interjero dizaino elementas. Moderni \u201eHolten\u201c kolekcija si\u016blo auk\u0161tos kokyb\u0117s sprendimus, pad\u0117sian\u010dius sutvarkyti prie\u0161kambar\u012f. U\u017edara lentyna \u201eHolten\u201c \u2013 tai baldas, kuris puikiai atliks \u0161\u012f vaidmen\u012f, suteikdamas vietos vir\u0161utiniams drabu\u017eiams, avalynei, [\u2026]<\/p>","protected":false},"featured_media":264784,"comment_status":"open","ping_status":"open","template":"","meta":[],"product_brand":[],"product_cat":[9200,1987],"product_tag":[],"class_list":{"0":"post-264783","1":"product","2":"type-product","3":"status-publish","4":"has-post-thumbnail","6":"product_cat-black-red-white","7":"product_cat-shelving-units","9":"first","10":"instock","11":"purchasable","12":"product-type-simple"},"_links":{"self":[{"href":"https:\/\/baldumarket.lt\/lt\/wp-json\/wp\/v2\/product\/264783","targetHints":{"allow":["GET"]}}],"collection":[{"href":"https:\/\/baldumarket.lt\/lt\/wp-json\/wp\/v2\/product"}],"about":[{"href":"https:\/\/baldumarket.lt\/lt\/wp-json\/wp\/v2\/types\/product"}],"replies":[{"embeddable":true,"href":"https:\/\/baldumarket.lt\/lt\/wp-json\/wp\/v2\/comments?post=264783"}],"wp:featuredmedia":[{"embeddable":true,"href":"https:\/\/baldumarket.lt\/lt\/wp-json\/wp\/v2\/media\/264784"}],"wp:attachment":[{"href":"https:\/\/baldumarket.lt\/lt\/wp-json\/wp\/v2\/media?parent=264783"}],"wp:term":[{"taxonomy":"product_brand","embeddable":true,"href":"https:\/\/baldumarket.lt\/lt\/wp-json\/wp\/v2\/product_brand?post=264783"},{"taxonomy":"product_cat","embeddable":true,"href":"https:\/\/baldumarket.lt\/lt\/wp-json\/wp\/v2\/product_cat?post=264783"},{"taxonomy":"product_tag","embeddable":true,"href":"https:\/\/baldumarket.lt\/lt\/wp-json\/wp\/v2\/product_tag?post=264783"}],"curies":[{"name":"wp","href":"https:\/\/api.w.org\/{rel}","templated":true}]}}