{"id":264775,"date":"2026-01-13T23:59:23","date_gmt":"2026-01-13T20:59:23","guid":{"rendered":"https:\/\/baldumarket.lt\/product\/regal-zamkniety-jednodrzwiowy-gent-66-cm-dab-stirling\/"},"modified":"2026-02-11T18:18:45","modified_gmt":"2026-02-11T15:18:45","slug":"regal-zamkniety-jednodrzwiowy-gent-66-cm-dab-stirling","status":"publish","type":"product","link":"https:\/\/baldumarket.lt\/lt\/product\/regal-zamkniety-jednodrzwiowy-gent-66-cm-dab-stirling\/","title":{"rendered":"GENT vien\u0173 dur\u0173 u\u017edara knyg\u0173 lentyna, 66 cm, \u0105\u017euolo spalvos, Stirlingo mediena"},"content":{"rendered":"<p>U\u017edaryta lentyna \u201eGent\u201c \u2013 puikus sprendimas j\u016bs\u0173 daikt\u0173 laikymo poreikiams. \u201eGent\u201c kolekcija i\u0161siskiria paprastomis ir nesenstan\u010diomis formomis bei apgalvotomis detal\u0117mis, pabr\u0117\u017eian\u010diomis klasikin\u012f stili\u0173. U\u017edaryta lentyna \u201eGent\u201c yra vienas i\u0161 t\u0173 bald\u0173, kurie ne tik padeda palaikyti tvark\u0105, bet ir suteikia estetin\u012f akcent\u0105 j\u016bs\u0173 interjerui. U\u017edaryta lentyna \u201eGent\u201c sukurta taip, kad b\u016bt\u0173 individualiai pritaikyta j\u016bs\u0173 poreikiams. Joje yra keturios lentynos, puikiai tinkan\u010dios drabu\u017eiams, batams ar sezoniniams aksesuarams laikyti. Svarbu tai, kad jei jums reikia palt\u0173 kabyklos, galite j\u0105 \u012fsigyti. Galite nuimti lentynas ir naudoti i\u0161traukiam\u0105 pakab\u0105, kuri tvirtinama ant vir\u0161utin\u0117s lentynos. \u0160is lankstus sprendimas leid\u017eia laikyti \u012fvairius daiktus viename balde. Pasirink\u0119 baldus i\u0161 \u201eGent\u201c kolekcijos, pavyzd\u017eiui, u\u017edar\u0105 lentyn\u0173 sistem\u0105, galite vizualiai su\u0161ildyti interjer\u0105. \u201eStirling Oak\u201c atspalvis perteikia nat\u016bralios medienos gro\u017e\u012f ir tekst\u016br\u0105, suteikdamas erdvei \u0161ilt\u0105 ir jauki\u0105 atmosfer\u0105. Tai puikus b\u016bdas bet kok\u012f interjer\u0105 padaryti svetingesn\u012f ir jaukesn\u012f. Ilgi r\u0117mo \u0161oniniai b\u0117geliai veikia kaip stilingos kojel\u0117s, suteikian\u010dios knyg\u0173 lentynai eleganti\u0161k\u0105 ir lengv\u0105 poj\u016bt\u012f. \u0160ios detal\u0117s suteikia baldui vizualiai patraukl\u0173 vaizd\u0105. Paprasta metalin\u0117 rankena ir \u0161velniai u\u017esidarantys vyriai leid\u017eia lengvai ir patogiai pasiekti knyg\u0173 lentynos turin\u012f. Atidarant ar u\u017edarant duris nereikia jaudintis d\u0117l triuk\u0161mo \u2013 tai ypa\u010d svarbu, kai norite namuose i\u0161laikyti ramyb\u0119 ir tyl\u0105. \u201eGent\u201c knyg\u0173 lentyna buvo sukurta galvojant apie klasikin\u012f prie\u0161kambar\u012f, ta\u010diau d\u0117l savo universalumo ji gali rasti savo viet\u0105 ir kituose kambariuose. Derindami atskirus \u201eGent\u201c kolekcijos elementus, galite sukurti funkcional\u0173 interjero dizain\u0105, kuris atitikt\u0173 j\u016bs\u0173 poreikius ir pagerint\u0173 j\u016bs\u0173 nam\u0173 elegancij\u0105. Trumpai tariant, u\u017edara knyg\u0173 lentyna \u201eGent\u201c yra puikus sprendimas daikt\u0173 laikymui ir erdv\u0117s organizavimui. Jos lankstumas, unikalus dizainas ir kruop\u0161tus meistri\u0161kumas daro j\u0105 patraukliu pasirinkimu tiems, kurie vertina ir funkcionalum\u0105, ir estetik\u0105 savo interjere.<\/p>\n<p>Prek\u0117s kodas M244-REG1D\/20\/7-DAST Simbolis ZM EAN Plotis 66 cm Gylis 40 cm Auk\u0161tis 200,5 cm Kolekcija Gent Spalva stirling \u0105\u017euolas Atspalvis tamsi mediena Stilius modernus Dureli\u0173 skai\u010dius 1 dur\u0173 Stal\u010di\u0173 skai\u010dius be stal\u010di\u0173 Rankena su rankenomis Gamintojas Juoda Raudona Balta Bald\u0173 tipas Lentynos ir vitrinos PVM mokestis 23% EAN 5906123605397<\/p>","protected":false},"excerpt":{"rendered":"<p>U\u017edara lentyna \u201eGent\u201c \u2013 puikus sprendimas j\u016bs\u0173 daikt\u0173 laikymo poreikiams. \u201eGent\u201c kolekcija i\u0161siskiria paprastomis ir nesenstan\u010diomis formomis bei apgalvotomis detal\u0117mis, pabr\u0117\u017eian\u010diomis klasikin\u012f stili\u0173. U\u017edara lentyna \u201eGent\u201c yra vienas i\u0161 t\u0173 bald\u0173, kurie ne tik padeda palaikyti tvark\u0105, bet ir suteikia estetin\u012f akcent\u0105 j\u016bs\u0173 [\u2026]<\/p>","protected":false},"featured_media":264776,"comment_status":"open","ping_status":"open","template":"","meta":[],"product_brand":[],"product_cat":[9200,1987],"product_tag":[],"class_list":{"0":"post-264775","1":"product","2":"type-product","3":"status-publish","4":"has-post-thumbnail","6":"product_cat-black-red-white","7":"product_cat-shelving-units","9":"first","10":"instock","11":"purchasable","12":"product-type-simple"},"_links":{"self":[{"href":"https:\/\/baldumarket.lt\/lt\/wp-json\/wp\/v2\/product\/264775","targetHints":{"allow":["GET"]}}],"collection":[{"href":"https:\/\/baldumarket.lt\/lt\/wp-json\/wp\/v2\/product"}],"about":[{"href":"https:\/\/baldumarket.lt\/lt\/wp-json\/wp\/v2\/types\/product"}],"replies":[{"embeddable":true,"href":"https:\/\/baldumarket.lt\/lt\/wp-json\/wp\/v2\/comments?post=264775"}],"wp:featuredmedia":[{"embeddable":true,"href":"https:\/\/baldumarket.lt\/lt\/wp-json\/wp\/v2\/media\/264776"}],"wp:attachment":[{"href":"https:\/\/baldumarket.lt\/lt\/wp-json\/wp\/v2\/media?parent=264775"}],"wp:term":[{"taxonomy":"product_brand","embeddable":true,"href":"https:\/\/baldumarket.lt\/lt\/wp-json\/wp\/v2\/product_brand?post=264775"},{"taxonomy":"product_cat","embeddable":true,"href":"https:\/\/baldumarket.lt\/lt\/wp-json\/wp\/v2\/product_cat?post=264775"},{"taxonomy":"product_tag","embeddable":true,"href":"https:\/\/baldumarket.lt\/lt\/wp-json\/wp\/v2\/product_tag?post=264775"}],"curies":[{"name":"wp","href":"https:\/\/api.w.org\/{rel}","templated":true}]}}