{"id":264647,"date":"2026-01-13T23:57:28","date_gmt":"2026-01-13T20:57:28","guid":{"rendered":"https:\/\/baldumarket.lt\/product\/regal-zamkniety-dwudrzwiowy-multido-80-cm-bialy\/"},"modified":"2026-02-11T18:18:46","modified_gmt":"2026-02-11T15:18:46","slug":"regal-zamkniety-dwudrzwiowy-multido-80-cm-bialy","status":"publish","type":"product","link":"https:\/\/baldumarket.lt\/lt\/product\/regal-zamkniety-dwudrzwiowy-multido-80-cm-bialy\/","title":{"rendered":"U\u017edara dviej\u0173 dur\u0173 \u201eMultiDo\u201c knyg\u0173 lentyna, 80 cm, balta"},"content":{"rendered":"<p>\u201cMultiDo\u201c dviej\u0173 dur\u0173 lentyn\u0173 blokas \u2013 valdykite chaos\u0105 savo namuose. Jei jus supa netvarka ir jau\u010diate, kad nei\u0161naudojate visos erdv\u0117s, 2D\/80 cm \u201eMultiDo\u201c lentyn\u0173 blokas yra puikus sprendimas. \u0160is erdvus ir esteti\u0161kas baldas pad\u0117s jums \u012fvesti tvark\u0105 ir susitvarkyti savo daiktus. U\u017e u\u017erakinam\u0173 dureli\u0173 yra 6 laikymo zonos, kuriose lengvai tilps dokumentai, antklod\u0117s, patalyn\u0117, drabu\u017eiai ir net dulki\u0173 siurblys ar lyginimo lenta. Tai pad\u0117s j\u016bs\u0173 aplinkai b\u016bti tvarkingesnei ir atlaisvins papildomos vietos namuose. Specialios savyb\u0117s: Iki 6 laikymo zon\u0173: pad\u0117s susitvarkyti \u012fvairius daiktus \u2013 nuo dokument\u0173 iki buitin\u0117s technikos, tokios kaip dulki\u0173 siurblys ar lyginimo lenta. Galimos trys spalvos: meni\u0161ko \u0105\u017euolo, balta ir grafito, kurios leis jums lengvai integruoti lentyn\u0173 blok\u0105 \u012f bet kurio kambario dizain\u0105 \u2013 nuo biuro, miegamojo, svetain\u0117s ar prie\u0161kambario. Universalus panaudojimas: \u201eMultiDo\u201c lentyn\u0173 blokas puikiai tiks \u012fvairiuose kambariuose, tokiuose kaip biuras, miegamasis, jaunimo kambarys, svetain\u0117 ar prie\u0161kambaris, ir pad\u0117s palaikyti tvark\u0105 bei organizuotum\u0105. Modulin\u0117 \u201eMultiDo\u201c sistema: \u0161i lentyn\u0173 blokas yra... modulin\u0117s sistemos, leid\u017eian\u010dios kurti suasmenintus i\u0161d\u0117stymus, pritaikytus j\u016bs\u0173 individualiems poreikiams. Universalus atidarymas: D\u0117l ergonomi\u0161k\u0173 ranken\u0173 ir \u012f kair\u0119 bei \u012f de\u0161in\u0119 atsidaran\u010di\u0173 dureli\u0173 lentyn\u0173 blokas u\u017etikrina patog\u0173 naudojim\u0105 ir lengv\u0105 prieig\u0105 prie jo turinio. Santrauka: \u201eMultiDo\u201c lentyn\u0173 blokas su durel\u0117mis yra prakti\u0161kas ir stilingas baldas, kuris \u012fne\u0161 tvarkos \u012f j\u016bs\u0173 namus. D\u0117l daugyb\u0117s daikt\u0173 laikymo zon\u0173 ir pritaikymo galimybi\u0173 modulin\u0117je sistemoje \u0161is lentyn\u0173 blokas yra puikus sprendimas j\u016bs\u0173 organizaciniams poreikiams. Nesvarbu, kur j\u012f pastatysite \u2013 biure, miegamajame, jaunimo kambaryje ar koridoriuje \u2013 jis pad\u0117s jums maksimaliai i\u0161naudoti erdv\u0119, u\u017etikrindamas funkcionalum\u0105 ir estetik\u0105 viename. Per\u017ei\u016br\u0117kite \u201eMultiDo\u201c sistemos katalog\u0105 ir atraskite visas jo konfig\u016bravimo parinktis.<\/p>\n<p>Prek\u0117s kodas S588-REG2D\/80\/190\/40_A-BI Plotis 80 cm Gylis 40 cm Auk\u0161tis 195 cm Kolekcija MultiDo Spalva balta Atspalvis baltas Stilius modernus Med\u017eiaga laminatas Dureli\u0173 skai\u010dius 2 dur\u0173 Stal\u010di\u0173 skai\u010dius be stal\u010di\u0173 Rankena su rankenomis Gamintojas Juoda Raudona Balta Baldo tipas Lentynos ir vitrinos PVM 23% EAN 5905918062285<\/p>","protected":false},"excerpt":{"rendered":"<p>\u201cMultiDo\u201c dviej\u0173 dur\u0173 lentyn\u0173 blokas \u2013 valdykite chaos\u0105 savo namuose. Jei jus supa netvarka ir jau\u010diate, kad nei\u0161naudojate visos erdv\u0117s, 2D\/80 cm \u201eMultiDo\u201c lentyn\u0173 blokas yra puikus sprendimas. \u0160is erdvus ir esteti\u0161kas baldas pad\u0117s jums \u012fvesti tvark\u0105 ir sutvarkyti [\u2026]<\/p>","protected":false},"featured_media":264648,"comment_status":"open","ping_status":"open","template":"","meta":[],"product_brand":[],"product_cat":[9200,1987],"product_tag":[],"class_list":{"0":"post-264647","1":"product","2":"type-product","3":"status-publish","4":"has-post-thumbnail","6":"product_cat-black-red-white","7":"product_cat-shelving-units","9":"first","10":"instock","11":"product-type-simple"},"_links":{"self":[{"href":"https:\/\/baldumarket.lt\/lt\/wp-json\/wp\/v2\/product\/264647","targetHints":{"allow":["GET"]}}],"collection":[{"href":"https:\/\/baldumarket.lt\/lt\/wp-json\/wp\/v2\/product"}],"about":[{"href":"https:\/\/baldumarket.lt\/lt\/wp-json\/wp\/v2\/types\/product"}],"replies":[{"embeddable":true,"href":"https:\/\/baldumarket.lt\/lt\/wp-json\/wp\/v2\/comments?post=264647"}],"wp:featuredmedia":[{"embeddable":true,"href":"https:\/\/baldumarket.lt\/lt\/wp-json\/wp\/v2\/media\/264648"}],"wp:attachment":[{"href":"https:\/\/baldumarket.lt\/lt\/wp-json\/wp\/v2\/media?parent=264647"}],"wp:term":[{"taxonomy":"product_brand","embeddable":true,"href":"https:\/\/baldumarket.lt\/lt\/wp-json\/wp\/v2\/product_brand?post=264647"},{"taxonomy":"product_cat","embeddable":true,"href":"https:\/\/baldumarket.lt\/lt\/wp-json\/wp\/v2\/product_cat?post=264647"},{"taxonomy":"product_tag","embeddable":true,"href":"https:\/\/baldumarket.lt\/lt\/wp-json\/wp\/v2\/product_tag?post=264647"}],"curies":[{"name":"wp","href":"https:\/\/api.w.org\/{rel}","templated":true}]}}