{"id":264643,"date":"2026-01-13T23:57:24","date_gmt":"2026-01-13T20:57:24","guid":{"rendered":"https:\/\/baldumarket.lt\/product\/regal-z-trzema-szufladami-torin-114-cm-dab-ribbeck-braz\/"},"modified":"2026-02-11T18:18:46","modified_gmt":"2026-02-11T15:18:46","slug":"regal-z-trzema-szufladami-torin-114-cm-dab-ribbeck-braz","status":"publish","type":"product","link":"https:\/\/baldumarket.lt\/lt\/product\/regal-z-trzema-szufladami-torin-114-cm-dab-ribbeck-braz\/","title":{"rendered":"TORIN knyg\u0173 lentyna su trimis stal\u010diais, 114 cm, \u0105\u017euolo rudos spalvos, briaunotas ra\u0161tas"},"content":{"rendered":"<p>\u201eTorin\u201c knyg\u0173 lentyna \u2013 prakti\u0161ka j\u016bs\u0173 svetain\u0117s vitrina. Jei svajojate apie mading\u0105 ir funkcional\u0173 svetain\u0117s i\u0161planavim\u0105, \u201eTorin\u201c kolekcija tikrai pateisins j\u016bs\u0173 l\u016bkes\u010dius. D\u0117l i\u0161skirtinai pastorint\u0173 \u0161on\u0173, po stalvir\u0161iu montuojamo ap\u0161vietimo ir metalini\u0173 ranken\u0173 \u0161i bald\u0173 linija u\u017ekariavo netradicini\u0173 sprendim\u0173 m\u0117g\u0117j\u0173 \u0161irdis. \u201eTorin\u201c knyg\u0173 lentyna, vienas i\u0161 kolekcijos element\u0173, puikiai papildo solid\u0173 interjer\u0105. Jei ie\u0161kote vietos \u0161eimos nuotraukoms ar knyg\u0173 kolekcijai, \u0161i plati knyg\u0173 lentyna yra puiki vieta suvenyrams, dekoracijoms ar m\u0117gstamiems skaitiniams eksponuoti. D\u0117l prakti\u0161ko vidinio suskirstymo lengvai rasite tai, ko ie\u0161kote. 114 x 150 cm knyg\u0173 lentyn\u0105 sudaro: \u2013 6 atviros ertm\u0117s, puikiai tinkan\u010dios knyg\u0173 lentynai ar ma\u017eiems dekoratyviniams daiktams eksponuoti, \u2013 3 prakti\u0161ki stal\u010diai, kuriuose galite laikyti dokumentus ar svetain\u0117s nieku\u010dius, pavyzd\u017eiui, sezonines dekoracijas. V\u0117si \u201eRibbecko\u201c rudo \u0105\u017euolo spalva puikiai perteikia nat\u016bral\u0173 medienos ra\u0161to gro\u017e\u012f. Tvirtam stiliui b\u016bdingi pastorinti \u0161onai ir metalin\u0117s rankenos, taip pat nereik\u0117t\u0173 pamir\u0161ti ir ry\u0161kios grioveli\u0173 juostos, kurios spalva \u2013 \u201eWenge Magic Oak\u201c. Tinkam\u0105 ap\u0161vietim\u0105 u\u017etikrina energij\u0105 taupantis LED ap\u0161vietimas. Kas lemia \u0161ios lentynos patogum\u0105 naudoti? Stal\u010diai skland\u017eiai u\u017esidaro d\u0117l \u0161velniai u\u017esidaran\u010di\u0173 b\u0117geli\u0173 ir metalini\u0173 ranken\u0173. \u201eTorin\u201c lentyn\u0173 sistema puikiai atrodo tiek pati viena, tiek derinama su televizoriaus stal\u010diumi, auk\u0161ta vitrina ar drabu\u017ei\u0173 spinta. Derinkite kitus \u201eTorin\u201c kolekcijos elementus, kad sukurtum\u0117te \u017eaving\u0105 ir funkcional\u0173 svetain\u0117s i\u0161d\u0117stym\u0105.<\/p>\n<p>Prek\u0117s kodas S481-REG3S-DRB Simbolis ZM EAN Plotis 114 cm Gylis 45 cm Auk\u0161tis 150 cm Kolekcija Torin Spalva riev\u0117ta \u0105\u017euolo ruda Atspalvis tamsi mediena Stilius modernus Med\u017eiaga laminatas Dureli\u0173 skai\u010dius be dur\u0173 Stal\u010di\u0173 skai\u010dius 3 stal\u010diai Rankena su rankenomis Ap\u0161vietimas su ap\u0161vietimu Gamintojas Juoda Raudona Balta Baldo tipas Lentynos ir vitrinos PVM 23% EAN 5906123708128<\/p>","protected":false},"excerpt":{"rendered":"<p>\u201eTorin\u201c knyg\u0173 lentyna \u2013 prakti\u0161ka j\u016bs\u0173 svetain\u0117s vitrina. Jei svajojate apie mading\u0105 ir funkcional\u0173 svetain\u0117s i\u0161planavim\u0105, \u201eTorin\u201c kolekcija tikrai pateisins j\u016bs\u0173 l\u016bkes\u010dius. D\u0117l i\u0161skirtinai pastorint\u0173 \u0161on\u0173, po stalvir\u0161iu montuojamo ap\u0161vietimo ir metalini\u0173 ranken\u0173 \u0161i bald\u0173 linija u\u017ekariavo netradicini\u0173 sprendim\u0173 m\u0117g\u0117j\u0173 \u0161irdis. [\u2026]<\/p>","protected":false},"featured_media":264644,"comment_status":"open","ping_status":"open","template":"","meta":[],"product_brand":[],"product_cat":[9200,1987],"product_tag":[],"class_list":{"0":"post-264643","1":"product","2":"type-product","3":"status-publish","4":"has-post-thumbnail","6":"product_cat-black-red-white","7":"product_cat-shelving-units","9":"first","10":"instock","11":"purchasable","12":"product-type-simple"},"_links":{"self":[{"href":"https:\/\/baldumarket.lt\/lt\/wp-json\/wp\/v2\/product\/264643","targetHints":{"allow":["GET"]}}],"collection":[{"href":"https:\/\/baldumarket.lt\/lt\/wp-json\/wp\/v2\/product"}],"about":[{"href":"https:\/\/baldumarket.lt\/lt\/wp-json\/wp\/v2\/types\/product"}],"replies":[{"embeddable":true,"href":"https:\/\/baldumarket.lt\/lt\/wp-json\/wp\/v2\/comments?post=264643"}],"wp:featuredmedia":[{"embeddable":true,"href":"https:\/\/baldumarket.lt\/lt\/wp-json\/wp\/v2\/media\/264644"}],"wp:attachment":[{"href":"https:\/\/baldumarket.lt\/lt\/wp-json\/wp\/v2\/media?parent=264643"}],"wp:term":[{"taxonomy":"product_brand","embeddable":true,"href":"https:\/\/baldumarket.lt\/lt\/wp-json\/wp\/v2\/product_brand?post=264643"},{"taxonomy":"product_cat","embeddable":true,"href":"https:\/\/baldumarket.lt\/lt\/wp-json\/wp\/v2\/product_cat?post=264643"},{"taxonomy":"product_tag","embeddable":true,"href":"https:\/\/baldumarket.lt\/lt\/wp-json\/wp\/v2\/product_tag?post=264643"}],"curies":[{"name":"wp","href":"https:\/\/api.w.org\/{rel}","templated":true}]}}