{"id":264639,"date":"2026-01-13T23:57:22","date_gmt":"2026-01-13T20:57:22","guid":{"rendered":"https:\/\/baldumarket.lt\/product\/regal-z-trzema-szufladami-nandu-50-cm-jasny-szary-dab-polski-bialy-polysk\/"},"modified":"2026-02-11T18:18:46","modified_gmt":"2026-02-11T15:18:46","slug":"regal-z-trzema-szufladami-nandu-50-cm-jasny-szary-dab-polski-bialy-polysk","status":"publish","type":"product","link":"https:\/\/baldumarket.lt\/lt\/product\/regal-z-trzema-szufladami-nandu-50-cm-jasny-szary-dab-polski-bialy-polysk\/","title":{"rendered":"NANDU knyg\u0173 lentyna su 3 stal\u010diais, 50 cm, \u0161viesiai pilka\/poliruoto \u0105\u017euolo\/blizgios baltos spalvos"},"content":{"rendered":"<p>\u201eNandu\u201c knyg\u0173 lentyna \u2013 j\u016bs\u0173 mokinio knyg\u0173 karalyst\u0117. Su\u017einokite, kaip moderni \u201eNandu\u201c knyg\u0173 lentyna gali paversti j\u016bs\u0173 vaiko kambar\u012f \u012fkvepian\u010dia erdve mokymuisi, \u017eaidimams ir poilsiui. Tai ne tik baldas \u2013 tai mokinio nam\u0173 biblioteka, puikiai tinkanti knygoms laikyti ir i\u0161reik\u0161ti jo asmenyb\u0119. Jei j\u016bs\u0173 vaikas m\u0117gsta skaityti, \u201eNandu\u201c knyg\u0173 lentyna taps jo svajoni\u0173 biblioteka. Trys atviros lentynos suteikia vietos mokyklin\u0117ms priemon\u0117ms ir m\u0117gstamoms knygoms, o trys kompakti\u0161ki stal\u010diai talpina ma\u017eus lobius. Tai puikus sprendimas jaunajam skaitytojui. \u0160viesiai pilkas \/ lenki\u0161ko \u0105\u017euolo r\u0117mas dera su blizgiais baltais fasadais, sukurdamas sant\u016br\u0173, bet modern\u0173 vaizd\u0105. Skaitmeniniu b\u016bdu spausdint\u0173 stal\u010di\u0173 fasad\u0173, komiks\u0173 motyvo, pasirinkimas suteikia ekstravagancijos ir leid\u017eia i\u0161reik\u0161ti individualum\u0105. Lyg\u016bs knyg\u0173 lentynos fasadai be ranken\u0117li\u0173 pabr\u0117\u017eia modern\u0173 dizain\u0105 ir suteikia eleganti\u0161k\u0105 i\u0161vaizd\u0105. D\u0117l \u0161io modernaus sprendimo stal\u010di\u0173 atidarymas tampa malonumu ir be r\u016bpes\u010di\u0173. \u201eNandu\u201c knyg\u0173 lentyna puikiai dera su kitais kolekcijos elementais, leisdama sukurti universali\u0105 sistem\u0105 vaikams ir paaugliams. D\u0117l \u012fvairi\u0173 moduli\u0173 galite sukurti zonas mokymuisi, poilsiui ir poilsiui. \u201eNandu\u201c knyg\u0173 lentyna yra ne tik prakti\u0161kas baldas; tai elementas, kuris \u012fkvepia ir leid\u017eia i\u0161reik\u0161ti individualum\u0105. Sukurkite savo mokiniui knyg\u0173 karalyst\u0119, kurioje susijungia mokymasis, \u017eaidimas ir poilsis.<\/p>\n<p>Prek\u0117s kodas S441-REG3S-JSZ\/DP\/BIP Simbolis ZM EAN Plotis 50 cm Gylis 39 cm Auk\u0161tis 200,5 cm Kolekcija Nandu Spalva \u0161viesiai pilka\/poliruoto \u0105\u017euolo\/blizgi balta Pilkos spalvos atspalvis Stilius modernus Med\u017eiaga laminatas Dureli\u0173 skai\u010dius be dureli\u0173 Stal\u010di\u0173 skai\u010dius 3 stal\u010diai Rankena be ranken\u0117li\u0173 Gamintojas Juoda Raudona Balta Baldo tipas Lentynos ir vitrinos PVM 23% EAN 5906123952583<\/p>","protected":false},"excerpt":{"rendered":"<p>\u201eNandu\u201c knyg\u0173 lentyna \u2013 j\u016bs\u0173 mokinio knyg\u0173 karalyst\u0117. Su\u017einokite, kaip moderni \u201eNandu\u201c knyg\u0173 lentyna gali paversti j\u016bs\u0173 vaiko kambar\u012f \u012fkvepian\u010dia erdve mokymuisi, \u017eaidimams ir poilsiui. Tai ne tik baldas \u2013 tai mokinio nam\u0173 biblioteka, puikiai tinkanti knygoms laikyti ir asmenybei i\u0161reik\u0161ti. Jei j\u016bs\u0173 vaikas m\u0117gsta skaityti, \u201eNandu\u201c knyg\u0173 lentyna taps jo [\u2026]<\/p>","protected":false},"featured_media":264640,"comment_status":"open","ping_status":"open","template":"","meta":[],"product_brand":[],"product_cat":[9200,1987],"product_tag":[],"class_list":{"0":"post-264639","1":"product","2":"type-product","3":"status-publish","4":"has-post-thumbnail","6":"product_cat-black-red-white","7":"product_cat-shelving-units","9":"first","10":"instock","11":"purchasable","12":"product-type-simple"},"_links":{"self":[{"href":"https:\/\/baldumarket.lt\/lt\/wp-json\/wp\/v2\/product\/264639","targetHints":{"allow":["GET"]}}],"collection":[{"href":"https:\/\/baldumarket.lt\/lt\/wp-json\/wp\/v2\/product"}],"about":[{"href":"https:\/\/baldumarket.lt\/lt\/wp-json\/wp\/v2\/types\/product"}],"replies":[{"embeddable":true,"href":"https:\/\/baldumarket.lt\/lt\/wp-json\/wp\/v2\/comments?post=264639"}],"wp:featuredmedia":[{"embeddable":true,"href":"https:\/\/baldumarket.lt\/lt\/wp-json\/wp\/v2\/media\/264640"}],"wp:attachment":[{"href":"https:\/\/baldumarket.lt\/lt\/wp-json\/wp\/v2\/media?parent=264639"}],"wp:term":[{"taxonomy":"product_brand","embeddable":true,"href":"https:\/\/baldumarket.lt\/lt\/wp-json\/wp\/v2\/product_brand?post=264639"},{"taxonomy":"product_cat","embeddable":true,"href":"https:\/\/baldumarket.lt\/lt\/wp-json\/wp\/v2\/product_cat?post=264639"},{"taxonomy":"product_tag","embeddable":true,"href":"https:\/\/baldumarket.lt\/lt\/wp-json\/wp\/v2\/product_tag?post=264639"}],"curies":[{"name":"wp","href":"https:\/\/api.w.org\/{rel}","templated":true}]}}