{"id":264635,"date":"2026-01-13T23:57:18","date_gmt":"2026-01-13T20:57:18","guid":{"rendered":"https:\/\/baldumarket.lt\/product\/regal-z-trzema-szufladami-alameda-72-cm-bialy-polysk-dab-westminster\/"},"modified":"2026-02-11T18:18:46","modified_gmt":"2026-02-11T15:18:46","slug":"regal-z-trzema-szufladami-alameda-72-cm-bialy-polysk-dab-westminster","status":"publish","type":"product","link":"https:\/\/baldumarket.lt\/lt\/product\/regal-z-trzema-szufladami-alameda-72-cm-bialy-polysk-dab-westminster\/","title":{"rendered":"ALAMEDA knyg\u0173 lentyna su 3 stal\u010diais, 72 cm, blizgi balta\/Vestminsterio \u0105\u017euolas"},"content":{"rendered":"<p>\u201eAlameda\u201c knyg\u0173 spinta \u2013 tai funkcionalus baldas, puikiai tinkantis biurams, miegamiesiems ir svetain\u0117ms. Ekspozicija ir daikt\u0173 laikymas: \u201eAlameda\u201c knyg\u0173 spintoje yra atviros lentynos, kuriose galite eksponuoti vertingus kelioni\u0173 suvenyrus, knygas, skulpt\u016bras ir kitus dekoratyvinius daiktus. Be to, trys prakti\u0161ki stal\u010diai yra ideali vieta laikyti lai\u0161kus, dokumentus ar s\u0105skaitas, padedant palaikyti tvark\u0105. LED ap\u0161vietimas: LED ap\u0161vietimas po knyg\u0173 lentynos vir\u0161umi ne tik i\u0161ry\u0161kina baldo turin\u012f, bet ir suteikia unikal\u0173 stili\u0173 bei atmosfer\u0105. Tai daro eksponuojamus daiktus dar vizualiai patrauklesnius. Dizainas ir spalvos: \u201eAlameda\u201c knyg\u0173 spinta pasi\u017eymi \u0161viesiu, blizgiu baltu korpusu ir blizgiais baltais fasadais. Nat\u016bralaus Vestminsterio \u0105\u017euolo stalvir\u0161is ir dekoratyviniai dekoratyviniai akcentai fasaduose suteikia elegancijos ir stiliaus. Knyg\u0173 spinta yra ne tik esteti\u0161kai patraukli, bet ir funkcionali. Atviros lentynos leid\u017eia lengvai pasiekti m\u0117gstamas knygas ir eksponuojamus daiktus, o stal\u010diai padeda palaikyti tvark\u0105 ir laikyti svarbius dokumentus. Galima derinti su kitais baldais. \u201eAlameda\u201c knyg\u0173 spint\u0105 galima derinti su kitais \u201eAlameda\u201c kolekcijos baldais, taip sukuriant darni\u0105 ir ergonomi\u0161k\u0105 erdv\u0119 miegamajame, svetain\u0117je ar darbo kambaryje. \u201eAlameda\u201c knyg\u0173 lentyna \u2013 puikus sprendimas tiems, kurie vertina tvark\u0105, estetik\u0105 ir galimyb\u0119 eksponuoti m\u0117gstamus daiktus. Ji leid\u017eia sukurti eleganti\u0161k\u0105 ir funkcionali\u0105 erdv\u0119, kurioje svarb\u016bs daiktai visada yra ranka pasiekiami.<\/p>\n<p>Prek\u0117s kodas S420-REG3S-BIP\/DWM\/BIP Simbolis ZM EAN Plotis 72 cm Gylis 41,5 cm Auk\u0161tis 201,5 cm Kolekcija Alameda Spalva balta blizgi \/ Vestminsterio \u0105\u017euolas \/ balta blizgi Atspalvis baltas Stilius modernus Dureli\u0173 skai\u010dius be dur\u0173 Stal\u010di\u0173 skai\u010dius 3 stal\u010diai Rankena be ranken\u0117li\u0173 Ap\u0161vietimas su ap\u0161vietimu Gamintojas Juoda Raudona Balta Baldo tipas Lentynos ir vitrinos PVM 23% EAN 5906123946636<\/p>","protected":false},"excerpt":{"rendered":"<p>\u201eAlameda\u201c knyg\u0173 spinta yra funkcionalus baldas, puikiai tinkantis biurams, miegamiesiems ir svetain\u0117ms. Ekspozicija ir daikt\u0173 laikymas: \u201eAlameda\u201c knyg\u0173 spintoje yra atviros lentynos, kuriose galite eksponuoti vertingus kelioni\u0173 suvenyrus, knygas, skulpt\u016bras ir kitus dekoratyvinius daiktus. Be to, trys prakti\u0161ki stal\u010diai yra ideali vieta laikyti lai\u0161kus, dokumentus ar s\u0105skaitas, [\u2026]<\/p>","protected":false},"featured_media":264636,"comment_status":"open","ping_status":"open","template":"","meta":[],"product_brand":[],"product_cat":[9200,1987],"product_tag":[],"class_list":{"0":"post-264635","1":"product","2":"type-product","3":"status-publish","4":"has-post-thumbnail","6":"product_cat-black-red-white","7":"product_cat-shelving-units","9":"first","10":"instock","11":"purchasable","12":"product-type-simple"},"_links":{"self":[{"href":"https:\/\/baldumarket.lt\/lt\/wp-json\/wp\/v2\/product\/264635","targetHints":{"allow":["GET"]}}],"collection":[{"href":"https:\/\/baldumarket.lt\/lt\/wp-json\/wp\/v2\/product"}],"about":[{"href":"https:\/\/baldumarket.lt\/lt\/wp-json\/wp\/v2\/types\/product"}],"replies":[{"embeddable":true,"href":"https:\/\/baldumarket.lt\/lt\/wp-json\/wp\/v2\/comments?post=264635"}],"wp:featuredmedia":[{"embeddable":true,"href":"https:\/\/baldumarket.lt\/lt\/wp-json\/wp\/v2\/media\/264636"}],"wp:attachment":[{"href":"https:\/\/baldumarket.lt\/lt\/wp-json\/wp\/v2\/media?parent=264635"}],"wp:term":[{"taxonomy":"product_brand","embeddable":true,"href":"https:\/\/baldumarket.lt\/lt\/wp-json\/wp\/v2\/product_brand?post=264635"},{"taxonomy":"product_cat","embeddable":true,"href":"https:\/\/baldumarket.lt\/lt\/wp-json\/wp\/v2\/product_cat?post=264635"},{"taxonomy":"product_tag","embeddable":true,"href":"https:\/\/baldumarket.lt\/lt\/wp-json\/wp\/v2\/product_tag?post=264635"}],"curies":[{"name":"wp","href":"https:\/\/api.w.org\/{rel}","templated":true}]}}