{"id":264631,"date":"2026-01-13T23:57:15","date_gmt":"2026-01-13T20:57:15","guid":{"rendered":"https:\/\/baldumarket.lt\/product\/regal-z-szuflada-polka-i-drazkiem-homeland-60-cm-bialy\/"},"modified":"2026-02-11T18:18:46","modified_gmt":"2026-02-11T15:18:46","slug":"regal-z-szuflada-polka-i-drazkiem-homeland-60-cm-bialy","status":"publish","type":"product","link":"https:\/\/baldumarket.lt\/lt\/product\/regal-z-szuflada-polka-i-drazkiem-homeland-60-cm-bialy\/","title":{"rendered":"\u201eT\u0117vyn\u0117\u201c 60 cm balta knyg\u0173 lentyna su stal\u010diumi, lentyna ir b\u0117geliu"},"content":{"rendered":"<p>\u201eHomeland\u201c lentyna su stal\u010diumi \u2013 prakti\u0161ka drabu\u017ei\u0173 saugykla. \u201eHomeland\u201c kolekcija \u2013 puikus pasirinkimas ie\u0161kantiems prakti\u0161k\u0173 bald\u0173, kurie suteikt\u0173 jaukumo bet kuriai erdvei. \u0160ios kolekcijos baldai pasi\u017eymi funkcionaliu interjeru, kuris leid\u017eia lengvai tvarkyti daiktus, ir esteti\u0161kai patraukliu dizainu, kuriame derinama nesenstanti balta spalva su dekoratyvia med\u017eio tekst\u016bra. Matmenys ir funkcionalumas: auk\u0161tis: 215 cm, plotis: 56 cm, gylis: 30 cm. \u201eHomeland\u201c lentyn\u0173 sistema sukurta taip, kad maksimaliai i\u0161naudot\u0173 erdv\u0119 net ma\u017eesniuose kambariuose ar studijos tipo apartamentuose. D\u0117l savo auk\u0161\u010dio ir ma\u017eo gylio tai idealus sprendimas daiktams laikyti ank\u0161tose erdv\u0117se. Lentyna apr\u016bpinta: Pakabinimo b\u0117geliu: idealiai tinka drabu\u017eiams ant pakab\u0173 laikyti 2 lentynomis: suteikia papildomos vietos drabu\u017eiams ar kitiems daiktams \u0160velniai u\u017esidarantis stal\u010dius: lengva atidaryti ir u\u017edaryti d\u0117l paprastos juodos rankenos Dizainas ir med\u017eiagos Spalvos: nesenstan\u010dios baltos spalvos ir dekoratyvios med\u017eio tekst\u016bros derinys Med\u017eiagos: patvari laminuota plok\u0161t\u0117, u\u017etikrinanti patvarum\u0105 ir lengv\u0105 valym\u0105 Rankenos: paprastos, juodos, pabr\u0117\u017eian\u010dios modern\u0173 baldo charakter\u012f Lentynos privalumai: Prakti\u0161kas sprendimas drabu\u017eiams laikyti \u012fvairiuose kambariuose, tokiuose kaip miegamasis, jaunimo kambarys ar studijos tipo bute Puikiai dera su kitais \u201eHomeland\u201c kolekcijos baldais, ypa\u010d tokio pat auk\u0161\u010dio spinta Funkcionalumas ir estetika, suteikiantys interjerui tvarkos ir stiliaus Apibendrinimas \u201eHomeland\u201c lentyna yra prakti\u0161kas ir modernus baldas, idealiai tinkantis drabu\u017eiams laikyti \u012fvairiuose interjeruose. Su pakabinimo b\u0117geliu, lentynomis ir \u0161velniai u\u017esidaran\u010diu stal\u010diumi, ji si\u016blo daug vietos daiktams laikyti, u\u017eimdama minimaliai vietos. Esteti\u0161kas dizainas, derinantis balt\u0105 spalv\u0105 su dekoratyvia med\u017eio tekst\u016bra, puikiai tinka \u012fvairiems interjero dizainams.<\/p>\n<p>\u201eHomeland\u201c lentyn\u0173 komplektas \u2013 puikus pasirinkimas, pad\u0117siantis i\u0161likti tvarkingiems ir suteikti namams jaukumo.<\/p>\n<p>Prek\u0117s kodas S595-REG1S-BI Plotis 56 cm Gylis 30 cm Auk\u0161tis 215 cm Kolekcija \u201eHomeland\u201c Spalva balta Atspalvis baltas Stilius modernus Med\u017eiaga laminatas Dureli\u0173 skai\u010dius be dureli\u0173 Stal\u010di\u0173 skai\u010dius 1 stal\u010dius Rankena su rankenomis Gamintojas Juoda Raudona Balta Baldo tipas Lentynos ir vitrinos PVM 23% EAN 5906123037204<\/p>","protected":false},"excerpt":{"rendered":"<p>\u201eHomeland\u201c lentyna su stal\u010diumi \u2013 prakti\u0161ka drabu\u017ei\u0173 saugykla. \u201eHomeland\u201c kolekcija \u2013 puikus pasirinkimas ie\u0161kantiems prakti\u0161k\u0173 bald\u0173, kurie suteikt\u0173 jaukumo bet kuriai erdvei. \u0160ios kolekcijos baldai pasi\u017eymi funkcionaliu interjeru, leid\u017eian\u010diu lengvai tvarkyti daiktus, ir esteti\u0161kai patraukliu dizainu, kuriame derinamas nesenstanti balta spalva su dekoratyvia mediena [\u2026]<\/p>","protected":false},"featured_media":264632,"comment_status":"open","ping_status":"open","template":"","meta":[],"product_brand":[],"product_cat":[9200,1987],"product_tag":[],"class_list":{"0":"post-264631","1":"product","2":"type-product","3":"status-publish","4":"has-post-thumbnail","6":"product_cat-black-red-white","7":"product_cat-shelving-units","9":"first","10":"instock","11":"purchasable","12":"product-type-simple"},"_links":{"self":[{"href":"https:\/\/baldumarket.lt\/lt\/wp-json\/wp\/v2\/product\/264631","targetHints":{"allow":["GET"]}}],"collection":[{"href":"https:\/\/baldumarket.lt\/lt\/wp-json\/wp\/v2\/product"}],"about":[{"href":"https:\/\/baldumarket.lt\/lt\/wp-json\/wp\/v2\/types\/product"}],"replies":[{"embeddable":true,"href":"https:\/\/baldumarket.lt\/lt\/wp-json\/wp\/v2\/comments?post=264631"}],"wp:featuredmedia":[{"embeddable":true,"href":"https:\/\/baldumarket.lt\/lt\/wp-json\/wp\/v2\/media\/264632"}],"wp:attachment":[{"href":"https:\/\/baldumarket.lt\/lt\/wp-json\/wp\/v2\/media?parent=264631"}],"wp:term":[{"taxonomy":"product_brand","embeddable":true,"href":"https:\/\/baldumarket.lt\/lt\/wp-json\/wp\/v2\/product_brand?post=264631"},{"taxonomy":"product_cat","embeddable":true,"href":"https:\/\/baldumarket.lt\/lt\/wp-json\/wp\/v2\/product_cat?post=264631"},{"taxonomy":"product_tag","embeddable":true,"href":"https:\/\/baldumarket.lt\/lt\/wp-json\/wp\/v2\/product_tag?post=264631"}],"curies":[{"name":"wp","href":"https:\/\/api.w.org\/{rel}","templated":true}]}}