{"id":264627,"date":"2026-01-13T23:57:12","date_gmt":"2026-01-13T20:57:12","guid":{"rendered":"https:\/\/baldumarket.lt\/product\/regal-z-dzwiami-i-szufladami-brw-office-79-cm-dab-sonoma\/"},"modified":"2026-02-11T18:18:46","modified_gmt":"2026-02-11T15:18:46","slug":"regal-z-dzwiami-i-szufladami-brw-office-79-cm-dab-sonoma","status":"publish","type":"product","link":"https:\/\/baldumarket.lt\/lt\/product\/regal-z-dzwiami-i-szufladami-brw-office-79-cm-dab-sonoma\/","title":{"rendered":"BRW OFFICE knyg\u0173 lentyna su durel\u0117mis ir stal\u010diais, 79 cm, Sonoma \u0105\u017euolas"},"content":{"rendered":"<p>Auk\u0161ta knyg\u0173 spinta BRW Office su stal\u010diais. Auk\u0161ta knyg\u0173 spinta BRW Office \u2013 puikus sprendimas biuro erdv\u0117ms, derinanti modern\u0173 dizain\u0105 su prakti\u0161ku funkcionalumu. \u0160i \u012fmontuojama knyg\u0173 lentyna i\u0161 BRW Office sistemos skirta efektyviam svarbi\u0173 dokument\u0173 laikymui. Vir\u0161utin\u0117je bloko dalyje yra trys prakti\u0161kos lentynos ir du erdv\u016bs stal\u010diai, kuriuose galite pasl\u0117pti \u012fvairius daiktus. Be to, u\u017e dvigub\u0173 dureli\u0173 knyg\u0173 lentynos apa\u010dioje yra papildoma lentyna, puikiai tinkanti svarbiems dokumentams laikyti. BRW Office kolekcija pasi\u017eymi Sonoma \u0105\u017euolo apdaila, o matoma medienos tekst\u016bra suteikia jai unikal\u0173 charakter\u012f ir i\u0161skirtin\u0119 i\u0161vaizd\u0105. Paprastos ranken\u0117l\u0117s leid\u017eia patogiai ir intuityviai naudotis knyg\u0173 lentyna. Norint sukurti darn\u0173 biuro dizain\u0105, rekomenduojama \u0161i\u0105 knyg\u0173 lentyn\u0105 derinti su kitais BRW Office kolekcijos baldais, sukuriant visapusi\u0161k\u0105 ir harmoning\u0105 biuro interjer\u0105.<\/p>\n<p>Prek\u0117s kodas S173-REG4D2S\/220-DSO Simbolis ZM EAN Plotis 79 cm Gylis 35 cm Auk\u0161tis 221 cm Kolekcija Brw Office Spalva sonoma \u0105\u017euolas Gaubtas \u0161viesi mediena Stilius modernus Med\u017eiaga laminatas Dur\u0173 skai\u010dius 4 dur\u0173 Stal\u010di\u0173 skai\u010dius 2 stal\u010diai Rankena su rankenomis Gamintojas Juoda Raudona Balta Bald\u0173 tipas Lentynos ir vitrinos PVM mokestis 23% EAN 5906123921534<\/p>","protected":false},"excerpt":{"rendered":"<p>Auk\u0161ta knyg\u0173 lentyna \u201eBRW Office\u201c su stal\u010diais. Auk\u0161ta knyg\u0173 lentyna \u201eBRW Office\u201c yra puikus sprendimas biuro patalpoms, derinant modern\u0173 dizain\u0105 su prakti\u0161ku funkcionalumu. \u0160i \u012fmontuojama knyg\u0173 lentyna i\u0161 \u201eBRW Office\u201c sistemos skirta efektyviam svarbi\u0173 dokument\u0173 laikymui. Vir\u0161utin\u0117je spintel\u0117s dalyje yra trys prakti\u0161kos lentynos ir du erdv\u016bs stal\u010diai, tod\u0117l galite [\u2026]<\/p>","protected":false},"featured_media":264628,"comment_status":"open","ping_status":"open","template":"","meta":[],"product_brand":[],"product_cat":[9200,1177],"product_tag":[],"class_list":{"0":"post-264627","1":"product","2":"type-product","3":"status-publish","4":"has-post-thumbnail","6":"product_cat-black-red-white","7":"product_cat-wardrobes","9":"first","10":"instock","11":"purchasable","12":"product-type-simple"},"_links":{"self":[{"href":"https:\/\/baldumarket.lt\/lt\/wp-json\/wp\/v2\/product\/264627","targetHints":{"allow":["GET"]}}],"collection":[{"href":"https:\/\/baldumarket.lt\/lt\/wp-json\/wp\/v2\/product"}],"about":[{"href":"https:\/\/baldumarket.lt\/lt\/wp-json\/wp\/v2\/types\/product"}],"replies":[{"embeddable":true,"href":"https:\/\/baldumarket.lt\/lt\/wp-json\/wp\/v2\/comments?post=264627"}],"wp:featuredmedia":[{"embeddable":true,"href":"https:\/\/baldumarket.lt\/lt\/wp-json\/wp\/v2\/media\/264628"}],"wp:attachment":[{"href":"https:\/\/baldumarket.lt\/lt\/wp-json\/wp\/v2\/media?parent=264627"}],"wp:term":[{"taxonomy":"product_brand","embeddable":true,"href":"https:\/\/baldumarket.lt\/lt\/wp-json\/wp\/v2\/product_brand?post=264627"},{"taxonomy":"product_cat","embeddable":true,"href":"https:\/\/baldumarket.lt\/lt\/wp-json\/wp\/v2\/product_cat?post=264627"},{"taxonomy":"product_tag","embeddable":true,"href":"https:\/\/baldumarket.lt\/lt\/wp-json\/wp\/v2\/product_tag?post=264627"}],"curies":[{"name":"wp","href":"https:\/\/api.w.org\/{rel}","templated":true}]}}