{"id":264619,"date":"2026-01-13T23:57:06","date_gmt":"2026-01-13T20:57:06","guid":{"rendered":"https:\/\/baldumarket.lt\/product\/regal-z-dwoma-szufladami-space-office-80-cm-dab-artisan\/"},"modified":"2026-02-11T18:18:46","modified_gmt":"2026-02-11T15:18:46","slug":"regal-z-dwoma-szufladami-space-office-80-cm-dab-artisan","status":"publish","type":"product","link":"https:\/\/baldumarket.lt\/lt\/product\/regal-z-dwoma-szufladami-space-office-80-cm-dab-artisan\/","title":{"rendered":"SPACE OFFICE dviej\u0173 stal\u010di\u0173 knyg\u0173 lentyna, 80 cm, \u0105\u017euolo spalvos"},"content":{"rendered":"<p>\u201eSpace Office\u201c lentyna \u2013 tvarkinga su elegancija. Jei ie\u0161kote klasikin\u0117s biuro lentynos, kurioje der\u0117t\u0173 erdv\u0117 ir patogumas, \u201eSpace Office\u201c lentyna yra puikus sprendimas. D\u0117l simetri\u0161ko dizaino, \u0161velniai u\u017esidaran\u010di\u0173 stal\u010di\u0173 ir auk\u0161t\u0173 lentyn\u0173 \u0161i lentyna ne tik padeda i\u0161likti organizuotai, bet ir suteikia j\u016bs\u0173 darbo vietai elegancijos bei modernumo. \u201eSpace Office\u201c lentyna pasi\u017eymi simetri\u0161ku dizainu, tod\u0117l lentynos ir stal\u010diai i\u0161d\u0117styti tolygiai. Du \u0161velniai u\u017esidarantys stal\u010diai centre puikiai tinka laikyti smulkius daiktus, kad jie visada b\u016bt\u0173 ranka pasiekiami, o vir\u0161utin\u0117 ir apatin\u0117 lentynos idealiai tinka segtuvams, aplankams ir kitiems biuro reikmenims laikyti. \u201eSpace Office\u201c lentynos dizainas derina klasikin\u0119 elegancij\u0105 ir modernum\u0105. Stilinga meni\u0161ko \u0105\u017euolo spalva suteikia lentynai charakterio, puikiai papildan\u010dio modern\u0173 biuro interjer\u0105. Auk\u0161tos kokyb\u0117s laminuota meni\u0161ko \u0105\u017euolo spalvos plok\u0161t\u0117 garantuoja patvarum\u0105 ir atsparum\u0105 \u012fbr\u0117\u017eimams. Lentyna i\u0161laiko estetin\u012f patrauklum\u0105 net ir esant dideliam naudojimui, u\u017etikrinant ilgalaik\u012f naudojim\u0105. \u201eSpace Office\u201c lentyna yra ne tik daikt\u0173 laikymo \u012frenginys; ji taip pat pasi\u017eymi moderniu funkcionalumu. Puikiai tinka biuro erdv\u0117ms organizuoti, kur tvarka skatina efektyvum\u0105 ir susikaupim\u0105. \u201eSpace Office\u201c lentyna derina talpum\u0105, patogum\u0105 ir elegancij\u0105. D\u0117l klasikinio dizaino, patvari\u0173 med\u017eiag\u0173 ir funkcionalios konstrukcijos \u0161i lentyna tampa ne tik biuro baldu, bet ir svarbiu j\u016bs\u0173 darbo vietos organizavimo elementu. Su\u017einokite, kaip \u201eSpace Office\u201c lentyna padidina profesionalum\u0105 ir estetik\u0105 j\u016bs\u0173 biure!<\/p>\n<p>Prek\u0117s kodas S479-REG2S\/200-DASN Simbolis ZM EAN Plotis 80 cm Gylis 37 cm Auk\u0161tis 202,5 cm Kolekcija Erdv\u0117 Biuras Spalva meni\u0161kas \u0105\u017euolas Atspalvis \u0161viesi mediena Stilius modernus Med\u017eiaga laminatas Dureli\u0173 skai\u010dius be dur\u0173 Stal\u010di\u0173 skai\u010dius 2 stal\u010diai Rankena su rankenomis Gamintojas Juoda Raudona Balta Bald\u0173 tipas Lentynos ir vitrinos PVM mokestis 23% EAN 5906123707800<\/p>","protected":false},"excerpt":{"rendered":"<p>\u201eSpace Office Shelf\u201c \u2013 u\u017esisakykite eleganti\u0161kai. Jei ie\u0161kote klasikin\u0117s biuro lentynos, kurioje der\u0117t\u0173 erdv\u0117 ir patogumas, \u201eSpace Office Shelf\u201c yra puikus sprendimas. D\u0117l simetri\u0161ko dizaino, \u0161velniai u\u017esidaran\u010di\u0173 stal\u010di\u0173 ir auk\u0161t\u0173 lentyn\u0173 \u0161i lentyna ne tik padeda i\u0161likti tvarkingai, bet ir suteikia elegancijos bei [\u2026]<\/p>","protected":false},"featured_media":264620,"comment_status":"open","ping_status":"open","template":"","meta":[],"product_brand":[],"product_cat":[9200,1987],"product_tag":[],"class_list":{"0":"post-264619","1":"product","2":"type-product","3":"status-publish","4":"has-post-thumbnail","6":"product_cat-black-red-white","7":"product_cat-shelving-units","9":"first","10":"instock","11":"purchasable","12":"product-type-simple"},"_links":{"self":[{"href":"https:\/\/baldumarket.lt\/lt\/wp-json\/wp\/v2\/product\/264619","targetHints":{"allow":["GET"]}}],"collection":[{"href":"https:\/\/baldumarket.lt\/lt\/wp-json\/wp\/v2\/product"}],"about":[{"href":"https:\/\/baldumarket.lt\/lt\/wp-json\/wp\/v2\/types\/product"}],"replies":[{"embeddable":true,"href":"https:\/\/baldumarket.lt\/lt\/wp-json\/wp\/v2\/comments?post=264619"}],"wp:featuredmedia":[{"embeddable":true,"href":"https:\/\/baldumarket.lt\/lt\/wp-json\/wp\/v2\/media\/264620"}],"wp:attachment":[{"href":"https:\/\/baldumarket.lt\/lt\/wp-json\/wp\/v2\/media?parent=264619"}],"wp:term":[{"taxonomy":"product_brand","embeddable":true,"href":"https:\/\/baldumarket.lt\/lt\/wp-json\/wp\/v2\/product_brand?post=264619"},{"taxonomy":"product_cat","embeddable":true,"href":"https:\/\/baldumarket.lt\/lt\/wp-json\/wp\/v2\/product_cat?post=264619"},{"taxonomy":"product_tag","embeddable":true,"href":"https:\/\/baldumarket.lt\/lt\/wp-json\/wp\/v2\/product_tag?post=264619"}],"curies":[{"name":"wp","href":"https:\/\/api.w.org\/{rel}","templated":true}]}}