{"id":264615,"date":"2026-01-13T23:57:03","date_gmt":"2026-01-13T20:57:03","guid":{"rendered":"https:\/\/baldumarket.lt\/product\/regal-z-dwoma-szufladami-malcolm-50-cm-dab-monument-dab-monument-z-nadrukiem\/"},"modified":"2026-02-11T18:18:46","modified_gmt":"2026-02-11T15:18:46","slug":"regal-z-dwoma-szufladami-malcolm-50-cm-dab-monument-dab-monument-z-nadrukiem","status":"publish","type":"product","link":"https:\/\/baldumarket.lt\/lt\/product\/regal-z-dwoma-szufladami-malcolm-50-cm-dab-monument-dab-monument-z-nadrukiem\/","title":{"rendered":"MALCOLM knyg\u0173 lentyna su dviem stal\u010diais, 50 cm, paminklinio \u0105\u017euolo imitacija\/paminklinio \u0105\u017euolo imitacija su ra\u0161tu"},"content":{"rendered":"<p>\u201eMalcolm\u201c knyg\u0173 lentyna \u2013 tobula vieta skaitymui mokykloje. \u201eMalcolm\u201c kolekcija \u2013 tai k\u016brybi\u0161kas po\u017ei\u016bris \u012f jaunimo baldus, derinantis modern\u0173 dizain\u0105 su tradicine apdaila. Atvira \u201eMalcolm\u201c knyg\u0173 lentyna puikiai tinka daiktams laikyti ir eksponuoti. Du erdv\u016bs stal\u010diai ir daugyb\u0117 lentyn\u0173 suteikia daug vietos knygoms ir kitiems daiktams laikyti ir tvarkyti. \u201eMalcolm\u201c kolekcija, nuda\u017eyta prislopinta \u201eCanyon Monument Oak\u201c spalva, puikiai papildo bet kok\u012f vaik\u0173 kambar\u012f. Lentynos ir knyg\u0173 lentynos vidus apdailinti volframo pilkumo spalva, suteikian\u010dia baldams unikali\u0105 i\u0161vaizd\u0105. \u201eMalcolm\u201c knyg\u0173 lentynoje yra grafini\u0173 akcent\u0173 \u2013 i\u0161rai\u0161king\u0173 raid\u017ei\u0173 atspaud\u0173, kurie pabr\u0117\u017eia jaunatvi\u0161k\u0105 ir original\u0173 kolekcijos charakter\u012f. Verta pamin\u0117ti, kad atskirus \u201eMalcolm\u201c kolekcijos elementus galima derinti bet kokiu b\u016bdu, tod\u0117l puikiai pritaikysite kambario i\u0161d\u0117stym\u0105 prie jo specifikos ir individuali\u0173 vaiko poreiki\u0173. Tai galimyb\u0117 sukurti funkcionali\u0105 ir esteti\u0161kai patraukli\u0105 erdv\u0119, kuri skatina tvark\u0105 ir organizuotum\u0105. \u201eMalcolm\u201c knyg\u0173 lentyna yra ne tik puiki vieta mokyklinei skaitymo med\u017eiagai, bet ir dizaino elementas, suteikiantis jaunimo kambariui charakterio. Ji palengvina ir padaro knyg\u0173 tvarkym\u0105 ir eksponavim\u0105 patrauklesn\u012f.<\/p>\n<p>Prek\u0117s kodas S325-REG2S\/50-DAMO\/SZW\/DAMON Simbolis ZM EAN Plotis 50 cm Gylis 40 cm Auk\u0161tis 205,5 cm Kolekcija Malcolm Spalva monumentalus \u0105\u017euolas\/pilkas volframas\/monumentalus \u0105\u017euolas su ra\u0161tu Gaubtas tamsi mediena Stilius modernus Med\u017eiaga laminatas Dureli\u0173 skai\u010dius be dureli\u0173 Stal\u010di\u0173 skai\u010dius 2 stal\u010diai Rankena su rankenomis Gamintojas Juoda Raudona Balta Baldo tipas Lentynos ir vitrinos PVM mokestis 23% EAN 5906123925402<\/p>","protected":false},"excerpt":{"rendered":"<p>\u201eMalcolm\u201c knyg\u0173 lentyna \u2013 tobula vieta skaitymui mokykloje. \u201eMalcolm\u201c kolekcija \u2013 tai k\u016brybi\u0161kas po\u017ei\u016bris \u012f jaunimo baldus, derinantis modern\u0173 dizain\u0105 su tradicine apdaila. Atvira \u201eMalcolm\u201c knyg\u0173 lentyna puikiai tinka daiktams laikyti ir eksponuoti. Du erdv\u016bs stal\u010diai ir daugyb\u0117 lentyn\u0173 suteikia daug vietos knygoms ir kitiems daiktams laikyti ir tvarkyti. [\u2026]<\/p>","protected":false},"featured_media":264616,"comment_status":"open","ping_status":"open","template":"","meta":[],"product_brand":[],"product_cat":[9200,1987],"product_tag":[],"class_list":{"0":"post-264615","1":"product","2":"type-product","3":"status-publish","4":"has-post-thumbnail","6":"product_cat-black-red-white","7":"product_cat-shelving-units","9":"first","10":"instock","11":"purchasable","12":"product-type-simple"},"_links":{"self":[{"href":"https:\/\/baldumarket.lt\/lt\/wp-json\/wp\/v2\/product\/264615","targetHints":{"allow":["GET"]}}],"collection":[{"href":"https:\/\/baldumarket.lt\/lt\/wp-json\/wp\/v2\/product"}],"about":[{"href":"https:\/\/baldumarket.lt\/lt\/wp-json\/wp\/v2\/types\/product"}],"replies":[{"embeddable":true,"href":"https:\/\/baldumarket.lt\/lt\/wp-json\/wp\/v2\/comments?post=264615"}],"wp:featuredmedia":[{"embeddable":true,"href":"https:\/\/baldumarket.lt\/lt\/wp-json\/wp\/v2\/media\/264616"}],"wp:attachment":[{"href":"https:\/\/baldumarket.lt\/lt\/wp-json\/wp\/v2\/media?parent=264615"}],"wp:term":[{"taxonomy":"product_brand","embeddable":true,"href":"https:\/\/baldumarket.lt\/lt\/wp-json\/wp\/v2\/product_brand?post=264615"},{"taxonomy":"product_cat","embeddable":true,"href":"https:\/\/baldumarket.lt\/lt\/wp-json\/wp\/v2\/product_cat?post=264615"},{"taxonomy":"product_tag","embeddable":true,"href":"https:\/\/baldumarket.lt\/lt\/wp-json\/wp\/v2\/product_tag?post=264615"}],"curies":[{"name":"wp","href":"https:\/\/api.w.org\/{rel}","templated":true}]}}