{"id":264607,"date":"2026-01-13T23:56:57","date_gmt":"2026-01-13T20:56:57","guid":{"rendered":"https:\/\/baldumarket.lt\/product\/regal-z-dwoma-szufladami-gent-68-cm-dab-stirling\/"},"modified":"2026-02-11T18:18:46","modified_gmt":"2026-02-11T15:18:46","slug":"regal-z-dwoma-szufladami-gent-68-cm-dab-stirling","status":"publish","type":"product","link":"https:\/\/baldumarket.lt\/lt\/product\/regal-z-dwoma-szufladami-gent-68-cm-dab-stirling\/","title":{"rendered":"GENT knyg\u0173 lentyna su dviem stal\u010diais, 68 cm, \u0105\u017euolo spalvos, Stirlingo spalva"},"content":{"rendered":"<p>\u201eGent\u201c knyg\u0173 lentyna \u2013 tobula knyg\u0173 lentyna. \u201eGent\u201c kolekcija \u2013 tikras malonumas stilingo ir madingo interjero m\u0117g\u0117jams, o \u201eGent\u201c knyg\u0173 lentyna \u2013 puikus sprendimas tiems, kurie nori \u012fsp\u016bdingai eksponuoti savo aksesuarus, knygas ir kolekcinius daiktus. Leiskite man papasakoti apie visus \u0161ios atviros knyg\u0173 lentynos privalumus. \u201eGent\u201c knyg\u0173 lentyna pasi\u017eymi erdviu vidumi, puikiai tinkan\u010diu aksesuarams eksponuoti. Joje yra du stal\u010diai daiktams, kuriuos norite pasl\u0117pti, laikyti, ir trys prakti\u0161kos atviros lentynos, puikiai tinkan\u010dios dekoracijoms, knygoms ar kitiems vertingiems daiktams eksponuoti. Tai puiki vieta susikurti savo asmenin\u0119 knyg\u0173 lentyn\u0105 arba eksponuoti m\u0117gstamiausius daiktus. \u201eGent\u201c knyg\u0173 lentyna yra \u0161iltos \u201eStirling Oak\u201c spalvos, kuriai b\u016bdingas matomas tikros medienos ra\u0161tas ir lyt\u0117jimo tekst\u016bra. \u0160is atspalvis yra universalus ir sukuria puik\u0173 fon\u0105 \u012fvairioms dekoracijoms, aksesuarams ir knygoms. Verta pamin\u0117ti, kad \u201eGent\u201c knyg\u0173 lentynoje \u012frengtas energij\u0105 taupantis LED ap\u0161vietimas, esantis po lentynomis. \u0160is ap\u0161vietimas puikiai i\u0161ry\u0161kina eksponuojamus daiktus, sukurdamas jauki\u0105 atmosfer\u0105 kambaryje. Su juo galite pabr\u0117\u017eti savo dekoracij\u0173 gro\u017e\u012f net ir esant silpnam ap\u0161vietimui. Auk\u0161\u010diausi\u0105 komforto lyg\u012f u\u017etikrina firmin\u0117s b\u0117gel\u0117s su \u0161velnaus u\u017edarymo sistema. Tai leid\u017eia stal\u010diams skland\u017eiai ir tyliai atsidaryti ir u\u017esidaryti. Novatori\u0161k\u0105 lentynos dizain\u0105 papildo plieno spalvos rankenos ir pla\u010dios skersin\u0117s, eleganti\u0161kai \u012fr\u0117minan\u010dios baldus. \u0160ios detal\u0117s suteikia elegancijos ir pabr\u0117\u017eia meistri\u0161kumo kokyb\u0119. \u201eGent\u201c kolekcija \u2013 puikus b\u016bdas sukurti stiling\u0105 ir modern\u0173 interjer\u0105, o kolekcijos element\u0173 \u012fvairov\u0117 leid\u017eia darniai ir harmoningai i\u0161d\u0117styti visus namus ar but\u0105. Trumpai tariant, \u201eGent\u201c lentyna yra puikus sprendimas tiems, kurie nori eksponuoti savo dekoracijas, knygas ar kitus vertingus daiktus. Jos talpa, energij\u0105 taupantis LED ap\u0161vietimas, eleganti\u0161kas dizainas ir spalv\u0173 \u012fvairov\u0117 paver\u010dia j\u0105 puikiu j\u016bs\u0173 interjero papildymu, sukuriant erdv\u0119 j\u016bs\u0173 stiliui i\u0161reik\u0161ti ir daiktams eksponuoti.<\/p>\n<p>Prek\u0117s kodas S228-REG2S\/20\/7-DAST Simbolis ZM EAN Plotis 68 cm Gylis 42 cm Auk\u0161tis 200,5 cm Kolekcija Gent Spalva stirling \u0105\u017euolas Atspalvis tamsi mediena Stilius modernus Dureli\u0173 skai\u010dius be dur\u0173 Stal\u010di\u0173 skai\u010dius 2 stal\u010diai Rankena su rankenomis Ap\u0161vietimas su ap\u0161vietimu Gamintojas Juoda Raudona Balta Bald\u0173 tipas Lentynos ir vitrinos PVM mokestis 23% EAN 5906123922975<\/p>","protected":false},"excerpt":{"rendered":"<p>\u201eGent\u201c knyg\u0173 lentyna \u2013 tobula knyg\u0173 lentyna. \u201eGent\u201c kolekcija \u2013 tikras malonumas stilingo ir madingo interjero m\u0117g\u0117jams, o \u201eGent\u201c knyg\u0173 lentyna \u2013 puikus sprendimas tiems, kurie nori \u012fsp\u016bdingai eksponuoti savo aksesuarus, knygas ir kolekcinius daiktus. Leiskite man papasakoti apie visus \u0161ios atviros knyg\u0173 lentynos privalumus. [\u2026]<\/p>","protected":false},"featured_media":264608,"comment_status":"open","ping_status":"open","template":"","meta":[],"product_brand":[],"product_cat":[9200,1987],"product_tag":[],"class_list":{"0":"post-264607","1":"product","2":"type-product","3":"status-publish","4":"has-post-thumbnail","6":"product_cat-black-red-white","7":"product_cat-shelving-units","9":"first","10":"instock","11":"purchasable","12":"product-type-simple"},"_links":{"self":[{"href":"https:\/\/baldumarket.lt\/lt\/wp-json\/wp\/v2\/product\/264607","targetHints":{"allow":["GET"]}}],"collection":[{"href":"https:\/\/baldumarket.lt\/lt\/wp-json\/wp\/v2\/product"}],"about":[{"href":"https:\/\/baldumarket.lt\/lt\/wp-json\/wp\/v2\/types\/product"}],"replies":[{"embeddable":true,"href":"https:\/\/baldumarket.lt\/lt\/wp-json\/wp\/v2\/comments?post=264607"}],"wp:featuredmedia":[{"embeddable":true,"href":"https:\/\/baldumarket.lt\/lt\/wp-json\/wp\/v2\/media\/264608"}],"wp:attachment":[{"href":"https:\/\/baldumarket.lt\/lt\/wp-json\/wp\/v2\/media?parent=264607"}],"wp:term":[{"taxonomy":"product_brand","embeddable":true,"href":"https:\/\/baldumarket.lt\/lt\/wp-json\/wp\/v2\/product_brand?post=264607"},{"taxonomy":"product_cat","embeddable":true,"href":"https:\/\/baldumarket.lt\/lt\/wp-json\/wp\/v2\/product_cat?post=264607"},{"taxonomy":"product_tag","embeddable":true,"href":"https:\/\/baldumarket.lt\/lt\/wp-json\/wp\/v2\/product_tag?post=264607"}],"curies":[{"name":"wp","href":"https:\/\/api.w.org\/{rel}","templated":true}]}}