{"id":264591,"date":"2026-01-13T23:56:44","date_gmt":"2026-01-13T20:56:44","guid":{"rendered":"https:\/\/baldumarket.lt\/product\/regal-z-drzwiami-szklanymi-i-dwoma-szufladami-space-office-80-cm-dab-artisan-czarny-matowy\/"},"modified":"2026-02-11T18:18:47","modified_gmt":"2026-02-11T15:18:47","slug":"regal-z-drzwiami-szklanymi-i-dwoma-szufladami-space-office-80-cm-dab-artisan-czarny-matowy","status":"publish","type":"product","link":"https:\/\/baldumarket.lt\/lt\/product\/regal-z-drzwiami-szklanymi-i-dwoma-szufladami-space-office-80-cm-dab-artisan-czarny-matowy\/","title":{"rendered":"SPACE OFFICE knyg\u0173 lentyna su stiklin\u0117mis durel\u0117mis ir dviem stal\u010diais, 80 cm, dirbtinio \u0105\u017euolo spalvos \/ matin\u0117s juodos spalvos"},"content":{"rendered":"<p>\u201eSpace Office\u201c lentyna \u2013 baldai, pritaikyti j\u016bs\u0173 poreikiams. \u012evairi\u0173 biur\u0173 pasaulyje, kur kiekviena erdv\u0117 turi savo unikali\u0173 poreiki\u0173, \u201eSpace Office\u201c lentyna i\u0161siskiria kaip baldai, prisitaikantys prie j\u016bs\u0173 reikalavim\u0173. Tai daugiau nei lentyna \u2013 tai lankstus sprendimas, leid\u017eiantis konfig\u016bruoti pagal individualius pageidavimus. Novatori\u0161kas \u201eSpace Office\u201c lentynos dizainas suteikia jums galimyb\u0119 kontroliuoti lentyn\u0173 ir stal\u010di\u0173 i\u0161d\u0117stym\u0105. Galite nuspr\u0119sti, kur d\u0117ti atviras lentynas, o kur stiklinius fasadus, taip sukurdami optimal\u0173 erdv\u0117s organizavim\u0105. Du plok\u0161ti stal\u010diai suteikia papildomo lankstumo, sukurdami tris skirtingas daikt\u0173 laikymo zonas. \u201eSpace Office\u201c lentyna ne tik prisitaiko prie j\u016bs\u0173 poreiki\u0173, bet ir garantuoja auk\u0161t\u0105 kokyb\u0119. Auk\u0161tos kokyb\u0117s laminuota d\u0117\u017eut\u0117 madingos \u201eArtisan Oak\u201c spalvos ne tik atrodo stilingai, bet ir yra atspari \u012fbr\u0117\u017eimams. Vyriai ir \u0161velnaus u\u017edarymo b\u0117geliai u\u017etikrina skland\u0173 ir tyl\u0173 fasad\u0173 bei stal\u010di\u0173 veikim\u0105. \u201eSpace Office\u201c lentyna suteikia prieig\u0105 prie trij\u0173 skirting\u0173 daikt\u0173 laikymo zon\u0173, tod\u0117l lengva tvarkyti dokumentus ir priedus. D\u0117l konfig\u016bruojam\u0173 fasad\u0173 greitai rasite tai, ko jums reikia, ir padidinsite savo darbo efektyvum\u0105. \u201eSpace Office\u201c lentyna yra ne tik baldas; Tai \u012frankis, leid\u017eiantis susikurti biuro erdv\u0119 pagal savo taisykles. Tai sprendimas tiems, kurie vertina modernum\u0105, ergonomik\u0105 ir individualum\u0105 savo darbo vietoje. Rinkit\u0117s prie j\u016bs\u0173 prisitaikan\u010dius baldus. \u201eSpace Office Shelf\u201c lentyna yra ne tik prakti\u0161kas sprendimas; tai ir parei\u0161kimas, kad j\u016bs\u0173 biuras yra vieta, kuri prisitaiko prie j\u016bs\u0173, o ne atvirk\u0161\u010diai. Su\u017einokite, kaip lengvai galite pakeisti savo darbo viet\u0105 pasirinkdami prie j\u016bs\u0173 poreiki\u0173 pritaikytus baldus \u2013 \u201eSpace Office Shelf\u201c lentyn\u0105!<\/p>\n<p>Prek\u0117s kodas S479-REG2W2S\/200-DASN\/CAM Simbolis ZM EAN Plotis 80 cm Gylis 37,5 cm Auk\u0161tis 202,5 cm Kolekcija Space Office Spalva meni\u0161kas \u0105\u017euolas\/matin\u0117 juoda Gaubtas \u0161viesus medis Stilius modernus Med\u017eiaga laminatas Dureli\u0173 skai\u010dius 2 dur\u0173 Stal\u010di\u0173 skai\u010dius 2 stal\u010diai Rankena su rankenomis Gamintojas Juoda Raudona Balta Bald\u0173 tipas Lentynos ir vitrinos PVM mokestis 23% EAN 5906123707848<\/p>","protected":false},"excerpt":{"rendered":"<p>Space Office Shelf &#8211; Furniture Tailored to Your Needs. In a world of diverse offices, where each space has its unique needs, the Space Office Shelf stands out as furniture that adapts to your requirements. It&#8217;s more than just a shelf &#8211; it&#8217;s a flexible solution that allows for configuration according to individual preferences. The [&hellip;]<\/p>","protected":false},"featured_media":264592,"comment_status":"open","ping_status":"open","template":"","meta":[],"product_brand":[],"product_cat":[9200,1987],"product_tag":[],"class_list":{"0":"post-264591","1":"product","2":"type-product","3":"status-publish","4":"has-post-thumbnail","6":"product_cat-black-red-white","7":"product_cat-shelving-units","9":"first","10":"instock","11":"purchasable","12":"product-type-simple"},"_links":{"self":[{"href":"https:\/\/baldumarket.lt\/lt\/wp-json\/wp\/v2\/product\/264591","targetHints":{"allow":["GET"]}}],"collection":[{"href":"https:\/\/baldumarket.lt\/lt\/wp-json\/wp\/v2\/product"}],"about":[{"href":"https:\/\/baldumarket.lt\/lt\/wp-json\/wp\/v2\/types\/product"}],"replies":[{"embeddable":true,"href":"https:\/\/baldumarket.lt\/lt\/wp-json\/wp\/v2\/comments?post=264591"}],"wp:featuredmedia":[{"embeddable":true,"href":"https:\/\/baldumarket.lt\/lt\/wp-json\/wp\/v2\/media\/264592"}],"wp:attachment":[{"href":"https:\/\/baldumarket.lt\/lt\/wp-json\/wp\/v2\/media?parent=264591"}],"wp:term":[{"taxonomy":"product_brand","embeddable":true,"href":"https:\/\/baldumarket.lt\/lt\/wp-json\/wp\/v2\/product_brand?post=264591"},{"taxonomy":"product_cat","embeddable":true,"href":"https:\/\/baldumarket.lt\/lt\/wp-json\/wp\/v2\/product_cat?post=264591"},{"taxonomy":"product_tag","embeddable":true,"href":"https:\/\/baldumarket.lt\/lt\/wp-json\/wp\/v2\/product_tag?post=264591"}],"curies":[{"name":"wp","href":"https:\/\/api.w.org\/{rel}","templated":true}]}}