{"id":264571,"date":"2026-01-13T23:56:29","date_gmt":"2026-01-13T20:56:29","guid":{"rendered":"https:\/\/baldumarket.lt\/product\/regal-wiszacy-otwarty-weston-120-cm-sosna-old-style-ciemna-matera\/"},"modified":"2026-02-11T18:18:47","modified_gmt":"2026-02-11T15:18:47","slug":"regal-wiszacy-otwarty-weston-120-cm-sosna-old-style-ciemna-matera","status":"publish","type":"product","link":"https:\/\/baldumarket.lt\/lt\/product\/regal-wiszacy-otwarty-weston-120-cm-sosna-old-style-ciemna-matera\/","title":{"rendered":"WESTON atvira pakabinama lentyna, 120 cm, senovinio stiliaus, tamsi pu\u0161is\/\u010diu\u017einys"},"content":{"rendered":"<p>\u201eWeston\u201c lentyna \u2013 organizuotumas ir stilius kambaryje. \u012erengiant mokinio kambar\u012f, labai svarbu numatyti funkcionalias erdves mokymuisi ir b\u016btiniausi\u0173 daikt\u0173 laikymui. \u201eWeston\u201c lentyna yra puikus sprendimas, kuris ne tik talpina mokyklin\u0119 literat\u016br\u0105, bet ir suteikia stiliaus bei sutvarko erdv\u0119. Plati \u201eWeston\u201c lentyna ne tik suteikia vietos mokyklinei literat\u016brai, bet ir yra patraukli vieta m\u0117gstamoms knygoms ar apdovanojimams eksponuoti. Atskiros dalys palengvina tvarkos palaikym\u0105 ir daikt\u0173 organizavim\u0105. Unikalus meni\u0161ko \u0105\u017euolo stalvir\u0161io ir tamsaus \u201eMatera\u201c korpuso spalv\u0173 derinys suteikia lentynai lofto charakter\u012f, puikiai atitinkant\u012f \u0161iuolaikines dizaino tendencijas. Pakabinama lentyna, kurios matmenys 120 x 22 x 25 cm, puikiai dera su knyg\u0173 lentynomis ar stalu, leisdama lanks\u010diai organizuoti erdv\u0119. J\u0105 galite montuoti vir\u0161 stalo, knyg\u0173 lentynos ar lovos, sukurdami darn\u0173 funkcini\u0173 element\u0173 i\u0161d\u0117stym\u0105. \u201eWeston\u201c lentyn\u0105 paaugliams galima pritaikyti pagal individualius poreikius, pastatant j\u0105 bet kokiame auk\u0161tyje ir derinant su kitais kolekcijos baldais. Dviej\u0173 spalv\u0173 variant\u0173 (Old Style Pine\/Matera ir Artisan Oak\/Matera) pasirinkimas leid\u017eia lentyn\u0105 priderinti prie konkretaus interjero stiliaus. Trumpai tariant, \u201eWeston\u201c lentyna yra ne tik prakti\u0161ka daikt\u0173 laikymo vieta, bet ir dizaino elementas, suteikiantis studento kambariui tvarkos ir stiliaus. Funkcionalumas, estetika ir i\u0161d\u0117stymo lankstumas yra pagrindin\u0117s \u0161ios lentynos savyb\u0117s.<\/p>\n<p>Prek\u0117s kodas S483-SFW\/120-SOSTC\/MTA Simbolis ZM EAN Plotis 120 cm Gylis 22 cm Auk\u0161tis 25 cm Kolekcija Weston Spalva senovinio stiliaus tamsi pu\u0161is\/matera Gaubtas tamsi mediena Stilius modernus Med\u017eiaga laminatas Gamintojas Juoda Raudona Balta Baldo tipas Lentynos PVM 23% EAN 5906123708524<\/p>","protected":false},"excerpt":{"rendered":"<p>\u201eWeston\u201c lentyna \u2013 organizuotumas ir stilius kambaryje. \u012erengiant mokinio kambar\u012f, labai svarbu numatyti funkcionalias erdves mokymuisi ir b\u016btiniausi\u0173 daikt\u0173 laikymui. \u201eWeston\u201c lentyna yra puikus sprendimas, kuris ne tik talpina mokyklin\u0119 literat\u016br\u0105, bet ir suteikia stiliaus bei sutvarko erdv\u0119. Plati \u201eWeston\u201c lentyna ne tik si\u016blo [\u2026]<\/p>","protected":false},"featured_media":264572,"comment_status":"open","ping_status":"open","template":"","meta":[],"product_brand":[],"product_cat":[9200,1174],"product_tag":[],"class_list":{"0":"post-264571","1":"product","2":"type-product","3":"status-publish","4":"has-post-thumbnail","6":"product_cat-black-red-white","7":"product_cat-hanging-shelves","9":"first","10":"instock","11":"purchasable","12":"product-type-simple"},"_links":{"self":[{"href":"https:\/\/baldumarket.lt\/lt\/wp-json\/wp\/v2\/product\/264571","targetHints":{"allow":["GET"]}}],"collection":[{"href":"https:\/\/baldumarket.lt\/lt\/wp-json\/wp\/v2\/product"}],"about":[{"href":"https:\/\/baldumarket.lt\/lt\/wp-json\/wp\/v2\/types\/product"}],"replies":[{"embeddable":true,"href":"https:\/\/baldumarket.lt\/lt\/wp-json\/wp\/v2\/comments?post=264571"}],"wp:featuredmedia":[{"embeddable":true,"href":"https:\/\/baldumarket.lt\/lt\/wp-json\/wp\/v2\/media\/264572"}],"wp:attachment":[{"href":"https:\/\/baldumarket.lt\/lt\/wp-json\/wp\/v2\/media?parent=264571"}],"wp:term":[{"taxonomy":"product_brand","embeddable":true,"href":"https:\/\/baldumarket.lt\/lt\/wp-json\/wp\/v2\/product_brand?post=264571"},{"taxonomy":"product_cat","embeddable":true,"href":"https:\/\/baldumarket.lt\/lt\/wp-json\/wp\/v2\/product_cat?post=264571"},{"taxonomy":"product_tag","embeddable":true,"href":"https:\/\/baldumarket.lt\/lt\/wp-json\/wp\/v2\/product_tag?post=264571"}],"curies":[{"name":"wp","href":"https:\/\/api.w.org\/{rel}","templated":true}]}}