{"id":264563,"date":"2026-01-13T23:56:23","date_gmt":"2026-01-13T20:56:23","guid":{"rendered":"https:\/\/baldumarket.lt\/product\/regal-wiszacy-metalowy-seaford-24x108-cm-z-3-polkami-dab-dziki\/"},"modified":"2026-02-11T18:18:47","modified_gmt":"2026-02-11T15:18:47","slug":"regal-wiszacy-metalowy-seaford-24x108-cm-z-3-polkami-dab-dziki","status":"publish","type":"product","link":"https:\/\/baldumarket.lt\/lt\/product\/regal-wiszacy-metalowy-seaford-24x108-cm-z-3-polkami-dab-dziki\/","title":{"rendered":"Seaford metalin\u0117 pakabinama lentyna 24&#215;108 cm su 3 lentynomis, laukinio \u0105\u017euolo spalvos"},"content":{"rendered":"<p>\u201eSeaford\u201c pakabinama lentyna \u2013 pramoninis stilius, kompakti\u0161kas dizainas ir funkcionalumas. \u201eSeaford\u201c pakabinama lentyna \u2013 puikus pasirinkimas lofto stiliaus ir minimalistini\u0173 sprendim\u0173 m\u0117g\u0117jams. D\u0117l kompakti\u0161k\u0173 24x37x108 cm matmen\u0173 ji puikiai tinka net ank\u0161tose erdv\u0117se \u2013 pavyzd\u017eiui, vieno kambario bute, nam\u0173 biure ar modernioje svetain\u0117je. Jos dizainas paprastas, ta\u010diau i\u0161skirtinis \u2013 juodas plieninis r\u0117mas ir matin\u0117s laukinio \u0105\u017euolo apdailos lentynos sukuria darni\u0105, stiling\u0105 visum\u0105. \u0160is baldas suteikia papildomos vietos daiktams susid\u0117ti arba puikiai tinka j\u016bs\u0173 m\u0117gstamiausiems dekoracijoms eksponuoti. Galite j\u0105 pakabinti vien\u0105 arba derinti su kitais \u201eSeaford\u201c kolekcijos elementais, sukurdami esteti\u0161kai patraukl\u0173 ir funkcional\u0173 sienos i\u0161d\u0117stym\u0105. Specialios savyb\u0117s: Matmenys: 24x37x108 cm \u2013 kompakti\u0161ka prie sienos tvirtinama lentyna. Lofto stilius \u2013 juodo plieno ir laukinio \u0105\u017euolo derinys. Matin\u0117s apdailos MDF lentynos \u2013 patvarios ir esteti\u0161kai patrauklios. Stabili konstrukcija \u2013 didelio stiprumo plieninis r\u0117mas. Puikiai tinka svetainei, biurui, virtuvei ar prie\u0161kambariui. Santrauka: \u201eSeaford\u201c pakabinama lentyna yra modernus baldas, pasi\u017eymintis neapdorotu, ta\u010diau jaukiu charakteriu. Jis puikiai dera prie pramoninio stiliaus interjero ir yra prakti\u0161kas baldas ma\u017eose erdv\u0117se. D\u0117l tvirt\u0173 med\u017eiag\u0173 ir madingos estetikos tai puikus pasirinkimas bet kokiam interjerui.<\/p>\n<p>Prek\u0117s kodas MT_ACT-REG-SEAFORD-37\/108\/24-CA\/DADZ Plotis 24 cm Gylis 37 cm Auk\u0161tis 108 cm Kolekcija \u201eSeaford\u201c Spalva \u0105\u017euolo\/juoda Juodas atspalvis Stilius loft Med\u017eiaga MDF Gamintojas Juoda Raudona Balta Bald\u0173 tipas Lentynos ir vitrinos PVM 23% EAN 5906123122955<\/p>","protected":false},"excerpt":{"rendered":"<p>Seaford Wall-Hung Shelf \u2013 Industrial Style in a Compact Design and Functionality. The Seaford Wall-Hung Shelf is a perfect choice for lovers of loft style and minimalist solutions. With its compact dimensions of 24x37x108 cm, it&#8217;s perfect even in limited spaces \u2013 for example, in a studio apartment, a home office, or a modern living [&hellip;]<\/p>","protected":false},"featured_media":264564,"comment_status":"open","ping_status":"open","template":"","meta":[],"product_brand":[],"product_cat":[9200,1987],"product_tag":[],"class_list":{"0":"post-264563","1":"product","2":"type-product","3":"status-publish","4":"has-post-thumbnail","6":"product_cat-black-red-white","7":"product_cat-shelving-units","9":"first","10":"instock","11":"purchasable","12":"product-type-simple"},"_links":{"self":[{"href":"https:\/\/baldumarket.lt\/lt\/wp-json\/wp\/v2\/product\/264563","targetHints":{"allow":["GET"]}}],"collection":[{"href":"https:\/\/baldumarket.lt\/lt\/wp-json\/wp\/v2\/product"}],"about":[{"href":"https:\/\/baldumarket.lt\/lt\/wp-json\/wp\/v2\/types\/product"}],"replies":[{"embeddable":true,"href":"https:\/\/baldumarket.lt\/lt\/wp-json\/wp\/v2\/comments?post=264563"}],"wp:featuredmedia":[{"embeddable":true,"href":"https:\/\/baldumarket.lt\/lt\/wp-json\/wp\/v2\/media\/264564"}],"wp:attachment":[{"href":"https:\/\/baldumarket.lt\/lt\/wp-json\/wp\/v2\/media?parent=264563"}],"wp:term":[{"taxonomy":"product_brand","embeddable":true,"href":"https:\/\/baldumarket.lt\/lt\/wp-json\/wp\/v2\/product_brand?post=264563"},{"taxonomy":"product_cat","embeddable":true,"href":"https:\/\/baldumarket.lt\/lt\/wp-json\/wp\/v2\/product_cat?post=264563"},{"taxonomy":"product_tag","embeddable":true,"href":"https:\/\/baldumarket.lt\/lt\/wp-json\/wp\/v2\/product_tag?post=264563"}],"curies":[{"name":"wp","href":"https:\/\/api.w.org\/{rel}","templated":true}]}}