{"id":264555,"date":"2026-01-13T23:56:17","date_gmt":"2026-01-13T20:56:17","guid":{"rendered":"https:\/\/baldumarket.lt\/product\/regal-trzydrzwiowy-z-szuflada-weston-120-cm-sosna-old-style-ciemna-matera\/"},"modified":"2026-02-11T18:18:47","modified_gmt":"2026-02-11T15:18:47","slug":"regal-trzydrzwiowy-z-szuflada-weston-120-cm-sosna-old-style-ciemna-matera","status":"publish","type":"product","link":"https:\/\/baldumarket.lt\/lt\/product\/regal-trzydrzwiowy-z-szuflada-weston-120-cm-sosna-old-style-ciemna-matera\/","title":{"rendered":"WESTON trij\u0173 dur\u0173 knyg\u0173 lentyna su stal\u010diumi, 120 cm, senovinio stiliaus, tamsi pu\u0161is\/\u010diu\u017einys"},"content":{"rendered":"<p>\u201eWeston\u201c knyg\u0173 spinta \u2013 funkcionalumas ir stilius kiekviename kambaryje. \u012erengiant augan\u010dio vaiko kambar\u012f, svarbu, kad baldai b\u016bt\u0173 ne tik prakti\u0161ki, bet ir atspind\u0117t\u0173 individual\u0173 jaunojo vartotojo stili\u0173 bei charakter\u012f. \u201eWeston\u201c knyg\u0173 spinta si\u016blo ne tik erdvi\u0105 daikt\u0173 laikymo viet\u0105, bet ir dizaino element\u0105, suteikiant\u012f kambariui minimalistin\u012f, modern\u0173 poj\u016bt\u012f. Tur\u0117dama keturias atviras erdves, vien\u0105 prakti\u0161k\u0105 stal\u010di\u0173 ir tris \u012fvairaus dyd\u017eio spinteles, \u201eWeston\u201c knyg\u0173 spinta si\u016blo daug vietos vadov\u0117liams, dail\u0117s reikmenims, dokumentams ir \u017eaislams laikyti. Tai taip pat puiki vieta eksponuoti m\u0117gstamas knygas ar apdovanojimus. I\u0161skirtiniai knyg\u0173 lentynos dizaino elementai, tokie kaip pastorintos \u0161onin\u0117s sienel\u0117s, stalvir\u0161iai ir tvirtos rankenos, suteikia jai neapdorot\u0105 charakter\u012f, kuris puikiai papildo lofto stili\u0173. Meni\u0161ko \u0105\u017euolo fasad\u0173 ir tamsaus \u201eMatera\u201c korpuso derinys sukuria darni\u0105 visum\u0105, suteikdamas knyg\u0173 lentynai modernumo. Knyg\u0173 lentynos matmenys (120 x 40 x 150 cm) leid\u017eia j\u0105 pastatyti tiek didesniame kambaryje, tiek ma\u017eesniame paauglio kambaryje. Ji gali b\u016bti centrinis baldas, pastatoma \u0161alia lovos, stalo ar spintos. \u201eWeston\u201c knyg\u0173 lentyna puikiai dera su kitais kolekcijos elementais, sukurdama darni\u0105 paauglio kambario i\u0161vaizd\u0105. Dviej\u0173 spalv\u0173 variant\u0173 (senovinio stiliaus pu\u0161is\/matera ir meni\u0161kas \u0105\u017euolas\/matera) pasirinkimas leid\u017eia pritaikyti knyg\u0173 lentyn\u0105 pagal savo konkre\u010dius pageidavimus ir kambario charakter\u012f. Trumpai tariant, \u201eWeston\u201c knyg\u0173 lentyna yra ne tik funkcionalus daikt\u0173 laikymo baldas, bet ir dizainerio akcentas, suteikiantis augan\u010dio vaiko kambariui modernaus stiliaus ir tvarkos.<\/p>\n<p>Prek\u0117s kodas S483-REG3D1S-SOSTC\/MTA Simbolis ZM EAN Plotis 120 cm Gylis 40 cm Auk\u0161tis 150 cm Kolekcija Weston Spalva senovinio stiliaus tamsi pu\u0161is\/matera Gaubtas tamsi mediena Stilius modernus Med\u017eiaga laminatas Dureli\u0173 skai\u010dius 3 dur\u0173 Stal\u010di\u0173 skai\u010dius 1 stal\u010dius Rankena su rankenomis Gamintojas Juoda Raudona Balta Bald\u0173 tipas Lentynos ir vitrinos PVM mokestis 23% EAN 5906123708487<\/p>","protected":false},"excerpt":{"rendered":"<p>The Weston Bookcase \u2013 Functionality and Style in Every Room. When furnishing a growing child&#8217;s room, it&#8217;s important that the furniture is not only practical but also reflects the individual style and character of the young user. The Weston Bookcase offers not only spacious storage space but also a design element that gives the room [&hellip;]<\/p>","protected":false},"featured_media":264556,"comment_status":"open","ping_status":"open","template":"","meta":[],"product_brand":[],"product_cat":[9200,1177],"product_tag":[],"class_list":{"0":"post-264555","1":"product","2":"type-product","3":"status-publish","4":"has-post-thumbnail","6":"product_cat-black-red-white","7":"product_cat-wardrobes","9":"first","10":"instock","11":"purchasable","12":"product-type-simple"},"_links":{"self":[{"href":"https:\/\/baldumarket.lt\/lt\/wp-json\/wp\/v2\/product\/264555","targetHints":{"allow":["GET"]}}],"collection":[{"href":"https:\/\/baldumarket.lt\/lt\/wp-json\/wp\/v2\/product"}],"about":[{"href":"https:\/\/baldumarket.lt\/lt\/wp-json\/wp\/v2\/types\/product"}],"replies":[{"embeddable":true,"href":"https:\/\/baldumarket.lt\/lt\/wp-json\/wp\/v2\/comments?post=264555"}],"wp:featuredmedia":[{"embeddable":true,"href":"https:\/\/baldumarket.lt\/lt\/wp-json\/wp\/v2\/media\/264556"}],"wp:attachment":[{"href":"https:\/\/baldumarket.lt\/lt\/wp-json\/wp\/v2\/media?parent=264555"}],"wp:term":[{"taxonomy":"product_brand","embeddable":true,"href":"https:\/\/baldumarket.lt\/lt\/wp-json\/wp\/v2\/product_brand?post=264555"},{"taxonomy":"product_cat","embeddable":true,"href":"https:\/\/baldumarket.lt\/lt\/wp-json\/wp\/v2\/product_cat?post=264555"},{"taxonomy":"product_tag","embeddable":true,"href":"https:\/\/baldumarket.lt\/lt\/wp-json\/wp\/v2\/product_tag?post=264555"}],"curies":[{"name":"wp","href":"https:\/\/api.w.org\/{rel}","templated":true}]}}