{"id":264547,"date":"2026-01-13T23:56:11","date_gmt":"2026-01-13T20:56:11","guid":{"rendered":"https:\/\/baldumarket.lt\/product\/regal-trzydrzwiowy-z-dwoma-szufladami-malcolm-80-cm-dab-monument-dab-monument-z-nadrukiem\/"},"modified":"2026-02-11T18:18:47","modified_gmt":"2026-02-11T15:18:47","slug":"regal-trzydrzwiowy-z-dwoma-szufladami-malcolm-80-cm-dab-monument-dab-monument-z-nadrukiem","status":"publish","type":"product","link":"https:\/\/baldumarket.lt\/lt\/product\/regal-trzydrzwiowy-z-dwoma-szufladami-malcolm-80-cm-dab-monument-dab-monument-z-nadrukiem\/","title":{"rendered":"Trij\u0173 dur\u0173 knyg\u0173 lentyna su dviem stal\u010diais MALCOLM 80 cm monumentalus \u0105\u017euolas\/monumentalus \u0105\u017euolas su ra\u0161tu"},"content":{"rendered":"<p>\u201eMalcolm\u201c knyg\u0173 lentyna \u2013 tobulas organizatorius. \u201eMalcolm\u201c kolekcija \u2013 tai novatori\u0161ka jaunimo bald\u0173 versija, kurioje derinamas modernus dizainas ir tradicin\u0117 apdaila. \u201eMalcolm\u201c knyg\u0173 lentyna yra nepakei\u010diama vieta vaiko kambario lobiams laikyti. Joje yra prakti\u0161kos lentynos, tiek atidarytos, tiek u\u017edarytos, ir du stal\u010diai, kurie padeda sutvarkyti ir laikyti \u012fvairius daiktus. D\u0117l prakti\u0161k\u0173 stal\u010di\u0173 b\u0117geli\u0173 su spynomis stal\u010dius visada liks savo vietoje, net jei bus i\u0161trauktas j\u0117ga. Tai garantuoja saugum\u0105 ir tvark\u0105 kambaryje. \u201eMalcolm\u201c kolekcijos baldai apdailinti prislopinta \u201eCanyon Monument Oak\u201c spalva, kuri\u0105 skaido vilkramo pilkumo akcentas. \u0160is derinys suteikia baldams eleganti\u0161k\u0105 ir moderni\u0105 i\u0161vaizd\u0105, puikiai tinkan\u010di\u0105 jaunimo kambariui. Jaunatvi\u0161k\u0105 lentynos charakter\u012f pabr\u0117\u017eia modern\u016bs raid\u017ei\u0173 ra\u0161tai ir didel\u0117s, patogios sendinto nikelio spalvos rankenos, kurios leid\u017eia ja naudotis. Be to, atskirus \u201eMalcolm\u201c kolekcijos elementus galima derinti bet kokiu b\u016bdu, tod\u0117l galite puikiai pritaikyti kambario i\u0161d\u0117stym\u0105 prie jo specifikos ir individuali\u0173 vaiko poreiki\u0173. Tai leid\u017eia sukurti funkcionali\u0105 ir esteti\u0161kai patraukli\u0105 erdv\u0119, kuri skatina organizuotum\u0105 ir tvark\u0105. \u201eMalcolm\u201c lentyna yra ne tik prakti\u0161ka daikt\u0173 laikymo vieta, bet ir dizaino elementas, suteikiantis jaunimo kambariui charakterio. Jos d\u0117ka organizuoti ir palaikyti tvark\u0105 kambaryje tampa lengviau ir maloniau.<\/p>\n<p>Prek\u0117s kodas S325-REG3D2S-DAMO\/SZW\/DAMON Simbolis ZM EAN Plotis 80 cm Gylis 40 cm Auk\u0161tis 205,5 cm Kolekcija Malcolm Spalva monumentalus \u0105\u017euolas\/pilkas volframas\/monumentalus \u0105\u017euolas su ra\u0161tu Gaubtas tamsi mediena Stilius modernus Med\u017eiaga laminatas Dureli\u0173 skai\u010dius 3 dur\u0173 Stal\u010di\u0173 skai\u010dius 3 stal\u010diai Rankena su ranken\u0117l\u0117mis Gamintojas Juoda Raudona Balta Bald\u0173 tipas Lentynos ir vitrinos PVM mokestis 23% EAN 5906123925426<\/p>","protected":false},"excerpt":{"rendered":"<p>The Malcolm Bookcase \u2013 The Perfect Organizer. The Malcolm collection is an innovative variation on youth furniture that combines modern design with traditional finishes. The Malcolm Bookcase is an indispensable storage space for a child&#8217;s treasures in their room. It offers practical shelves, both open and closed, and two drawers that help organize and store [&hellip;]<\/p>","protected":false},"featured_media":264548,"comment_status":"open","ping_status":"open","template":"","meta":[],"product_brand":[],"product_cat":[9200,1177],"product_tag":[],"class_list":{"0":"post-264547","1":"product","2":"type-product","3":"status-publish","4":"has-post-thumbnail","6":"product_cat-black-red-white","7":"product_cat-wardrobes","9":"first","10":"instock","11":"purchasable","12":"product-type-simple"},"_links":{"self":[{"href":"https:\/\/baldumarket.lt\/lt\/wp-json\/wp\/v2\/product\/264547","targetHints":{"allow":["GET"]}}],"collection":[{"href":"https:\/\/baldumarket.lt\/lt\/wp-json\/wp\/v2\/product"}],"about":[{"href":"https:\/\/baldumarket.lt\/lt\/wp-json\/wp\/v2\/types\/product"}],"replies":[{"embeddable":true,"href":"https:\/\/baldumarket.lt\/lt\/wp-json\/wp\/v2\/comments?post=264547"}],"wp:featuredmedia":[{"embeddable":true,"href":"https:\/\/baldumarket.lt\/lt\/wp-json\/wp\/v2\/media\/264548"}],"wp:attachment":[{"href":"https:\/\/baldumarket.lt\/lt\/wp-json\/wp\/v2\/media?parent=264547"}],"wp:term":[{"taxonomy":"product_brand","embeddable":true,"href":"https:\/\/baldumarket.lt\/lt\/wp-json\/wp\/v2\/product_brand?post=264547"},{"taxonomy":"product_cat","embeddable":true,"href":"https:\/\/baldumarket.lt\/lt\/wp-json\/wp\/v2\/product_cat?post=264547"},{"taxonomy":"product_tag","embeddable":true,"href":"https:\/\/baldumarket.lt\/lt\/wp-json\/wp\/v2\/product_tag?post=264547"}],"curies":[{"name":"wp","href":"https:\/\/api.w.org\/{rel}","templated":true}]}}