{"id":264535,"date":"2026-01-13T23:56:00","date_gmt":"2026-01-13T20:56:00","guid":{"rendered":"https:\/\/baldumarket.lt\/product\/regal-otwarty-zele-56-cm-dab-wotan\/"},"modified":"2026-02-11T18:18:47","modified_gmt":"2026-02-11T15:18:47","slug":"regal-otwarty-zele-56-cm-dab-wotan","status":"publish","type":"product","link":"https:\/\/baldumarket.lt\/lt\/product\/regal-otwarty-zele-56-cm-dab-wotan\/","title":{"rendered":"ZELE atvira lentyna, 56 cm, \u0105\u017euolo spalvos, Wotan"},"content":{"rendered":"<p>\u201eZele\u201c knyg\u0173 lentyna \u2013 pritaikyta j\u016bs\u0173 poreikiams. Jei ie\u0161kote funkcionalaus daikt\u0173 laikymo ir eksponavimo bloko, \u201eZele\u201c knyg\u0173 lentyna yra puikus pasirinkimas. \u201eZele\u201c kolekcijai b\u016bdingas modernus stilius ir minimalistinis dizainas, ir \u201eZele\u201c knyg\u0173 lentyna n\u0117ra i\u0161imtis, si\u016blanti daugyb\u0119 atvir\u0173 lentyn\u0173 \u012fvairiems daiktams laikyti. Auk\u0161ta \u201eZele\u201c knyg\u0173 lentyna puikiai tinka kaip knyg\u0173 lentyna, kurioje galite laikyti knygas, \u017eurnalus ir kitus aksesuarus. Atviros lentynos garantuoja lengv\u0105 prieig\u0105, leid\u017eian\u010di\u0105 greitai rasti tai, ko jums reikia. Taip pat galite naudoti dekoratyvinius krep\u0161elius ir d\u0117\u017eutes, kad sukurtum\u0117te vietos smulkiems daiktams ir palaikytum\u0117te tvark\u0105. Knyg\u0173 lentynos spalva, kuri\u0105 galima \u012fsigyti i\u0161 \u201eWotan\u201c \u0105\u017euolo, suteikia interjerui \u0161ilumos, tod\u0117l ji dera prie bendro kolekcijos charakterio. \u0160is modernaus dizaino ir nat\u016brali\u0173 akcent\u0173 derinys sukuria darni\u0105 ir harmoning\u0105 erdv\u0119. \u201eZele\u201c knyg\u0173 lentyn\u0105 galima naudoti atskirai arba derinti su kitais \u201eZele\u201c kolekcijos moduliais, sukuriant darni\u0105 ir ergonomi\u0161k\u0105 erdv\u0119. \u0160is baldas ne tik atlieka praktin\u0119 funkcij\u0105, bet ir suteikia j\u016bs\u0173 interjerui charakterio bei elegancijos. Jo d\u0117ka galite eksponuoti m\u0117gstamus daiktus ir sukurti unikali\u0105 kompozicij\u0105.<\/p>\n<p>Prek\u0117s kodas S383-REG\/56\/195-DWO Simbolis ZM EAN Plotis 56 cm Gylis 41 cm Auk\u0161tis 195 cm Kolekcija Zele Spalva wotan \u0105\u017euolas Atspalvis \u0161viesi mediena Stilius modernus Med\u017eiaga laminatas Dureli\u0173 skai\u010dius be dur\u0173 Stal\u010di\u0173 skai\u010dius be stal\u010di\u0173 Gamintojas Juoda Raudona Balta Bald\u0173 tipas Lentynos ir vitrinos PVM mokestis 23% EAN 5906123928755<\/p>","protected":false},"excerpt":{"rendered":"<p>\u201eZele\u201c knyg\u0173 lentyna \u2013 pritaikyta j\u016bs\u0173 poreikiams. Jei ie\u0161kote funkcionalaus daikt\u0173 laikymo ir eksponavimo bloko, \u201eZele\u201c knyg\u0173 lentyna yra puikus pasirinkimas. \u201eZele\u201c kolekcijai b\u016bdingas modernus stilius ir minimalistinis dizainas, o \u201eZele\u201c knyg\u0173 lentyna n\u0117ra i\u0161imtis, si\u016blanti daugyb\u0119 atvir\u0173 lentyn\u0173 \u012fvairiems daiktams laikyti. [\u2026]<\/p>","protected":false},"featured_media":264536,"comment_status":"open","ping_status":"open","template":"","meta":[],"product_brand":[],"product_cat":[9200,1987],"product_tag":[],"class_list":{"0":"post-264535","1":"product","2":"type-product","3":"status-publish","4":"has-post-thumbnail","6":"product_cat-black-red-white","7":"product_cat-shelving-units","9":"first","10":"instock","11":"purchasable","12":"product-type-simple"},"_links":{"self":[{"href":"https:\/\/baldumarket.lt\/lt\/wp-json\/wp\/v2\/product\/264535","targetHints":{"allow":["GET"]}}],"collection":[{"href":"https:\/\/baldumarket.lt\/lt\/wp-json\/wp\/v2\/product"}],"about":[{"href":"https:\/\/baldumarket.lt\/lt\/wp-json\/wp\/v2\/types\/product"}],"replies":[{"embeddable":true,"href":"https:\/\/baldumarket.lt\/lt\/wp-json\/wp\/v2\/comments?post=264535"}],"wp:featuredmedia":[{"embeddable":true,"href":"https:\/\/baldumarket.lt\/lt\/wp-json\/wp\/v2\/media\/264536"}],"wp:attachment":[{"href":"https:\/\/baldumarket.lt\/lt\/wp-json\/wp\/v2\/media?parent=264535"}],"wp:term":[{"taxonomy":"product_brand","embeddable":true,"href":"https:\/\/baldumarket.lt\/lt\/wp-json\/wp\/v2\/product_brand?post=264535"},{"taxonomy":"product_cat","embeddable":true,"href":"https:\/\/baldumarket.lt\/lt\/wp-json\/wp\/v2\/product_cat?post=264535"},{"taxonomy":"product_tag","embeddable":true,"href":"https:\/\/baldumarket.lt\/lt\/wp-json\/wp\/v2\/product_tag?post=264535"}],"curies":[{"name":"wp","href":"https:\/\/api.w.org\/{rel}","templated":true}]}}