{"id":264523,"date":"2026-01-13T23:55:52","date_gmt":"2026-01-13T20:55:52","guid":{"rendered":"https:\/\/baldumarket.lt\/product\/regal-otwarty-z-trzema-szufladami-holten-68-cm-bialy-dab-wotan\/"},"modified":"2026-02-11T18:18:47","modified_gmt":"2026-02-11T15:18:47","slug":"regal-otwarty-z-trzema-szufladami-holten-68-cm-bialy-dab-wotan","status":"publish","type":"product","link":"https:\/\/baldumarket.lt\/lt\/product\/regal-otwarty-z-trzema-szufladami-holten-68-cm-bialy-dab-wotan\/","title":{"rendered":"Atvira lentyna su trimis stal\u010diais HOLTEN 68 cm balta\/wotan \u0105\u017euolas"},"content":{"rendered":"<p>\u201eHolten\u201c knyg\u0173 spinta \u2013 modernus elegancijos ir erdv\u0117s akcentas. \u0160iandieniniame interjero dizaino pasaulyje baldai tampa ne tik prakti\u0161kais elementais, bet ir svarbiais dekoratyviniais akcentais. \u201eHolten\u201c kolekcijoje yra knyg\u0173 lentynos, kurios puikiai derina funkcionalum\u0105 ir estetik\u0105, pabr\u0117\u017edamos atvir\u0105 erdv\u0119 ir eksponavimo galimybes. \u201eHolten\u201c knyg\u0173 lentyna \u2013 puikus sprendimas norint parodyti knyg\u0173 kolekcij\u0105 ar m\u0117gstamus dekoratyvinius aksesuarus. \u0160i atvira knyg\u0173 lentyna turi dvi stabilias, erdvias lentynas, puikiai tinkan\u010dias knygoms eksponuoti. Tai puikus sprendimas literat\u016bros m\u0117g\u0117jams, norintiems parodyti savo m\u0117gstamiausius leidinius. Be to, trys kompakti\u0161ki stal\u010diai suteikia papildomos vietos nieku\u010diams ir kitiems daiktams laikyti. \u201eHolten\u201c knyg\u0173 lentynos dizainas nusipelno ypatingo d\u0117mesio. R\u0117mas yra eleganti\u0161kos matin\u0117s baltos spalvos, suteikian\u010dios baldui subtil\u0173 ir modern\u0173 charakter\u012f. Priekin\u0117s dalys pagamintos i\u0161 blizgios baltos lakuotos plok\u0161t\u0117s. \u0160is derinys sukuria kontrast\u0105 ir u\u017etikrina, kad knyg\u0173 lentyna taps j\u016bs\u0173 svetain\u0117s traukos centru. Vienas ry\u0161kiausi\u0173 \u201eHolten\u201c knyg\u0173 lentynos bruo\u017e\u0173 yra jos stalvir\u0161is. Pagaminta i\u0161 \u0105\u017euolo, da\u017eyto \u201eWotan\u201c \u0105\u017euolo spalva, ji pasi\u017eymi i\u0161skirtiniu ra\u0161tu, suteikian\u010diu baldui charakterio ir nat\u016bralaus \u017eavesio. \u0160is matinio korpuso ir blizgan\u010di\u0173 fasad\u0173 kontrastas, taip pat \u0161ilta vir\u0161utin\u0117s dalies mediena, i\u0161skiria \u201eHolten\u201c knyg\u0173 lentyn\u0105 i\u0161 kit\u0173 bald\u0173. Taip pat verta atkreipti d\u0117mes\u012f \u012f meistri\u0161kumo detales. Tvirtos korpuso lentos puikiai papildo lyg\u0173 fasad\u0173 be ranken\u0117li\u0173 pavir\u0161i\u0173, sukurdamos darni\u0105 ir eleganti\u0161k\u0105 visum\u0105. Stal\u010diai apr\u016bpinti \u0161velnaus u\u017edarymo b\u0117geliais, u\u017etikrinan\u010diais beveik tyl\u0173 atidarym\u0105 ir u\u017edarym\u0105, o tai ypa\u010d svarbu, jei norite namuose i\u0161laikyti ramyb\u0119 ir tyl\u0105. Jei planuojate visapusi\u0161k\u0105 svetain\u0117s dizain\u0105, \u201eHolten\u201c kolekcija si\u016blo \u012fvairius elementus, kuriuos galite derinti. Tai leid\u017eia sukurti darni\u0105 ir funkcionali\u0105 erdv\u0119, atspindin\u010di\u0105 j\u016bs\u0173 asmenin\u012f stili\u0173 ir poreikius. Trumpai tariant, \u201eHolten\u201c lentyn\u0173 blokas yra ne tik daikt\u0173 laikymo vieta, bet ir eleganti\u0161kas dekoratyvinis akcentas, suteiksiantis j\u016bs\u0173 svetainei charakterio. D\u0117mesys atvirai erdvei ir eksponavimo galimyb\u0117ms, \u0161is lentyn\u0173 blokas patenkins net ir i\u0161rankiausi\u0173 modernaus dizaino m\u0117g\u0117j\u0173 l\u016bkes\u010dius.<\/p>\n<p>Prek\u0117s kodas S440-REG3S-BI\/DWO\/BIP Simbolis ZM EAN Plotis 68 cm Gylis 42 cm Auk\u0161tis 203,5 cm Kolekcija Holten Spalva balta\/wotan \u0105\u017euolas\/blizgi balta Atspalvis baltas Stilius modernus Dureli\u0173 skai\u010dius be dureli\u0173 Stal\u010di\u0173 skai\u010dius 3 stal\u010diai Rankena be ranken\u0117li\u0173 Gamintojas Juoda Raudona Balta Baldo tipas Lentynos ir vitrinos PVM 23% EAN 5906123952118<\/p>","protected":false},"excerpt":{"rendered":"<p>\u201eHolten\u201c knyg\u0173 lentyna \u2013 modernus elegancijos \u012fvaizdis, kuriame pabr\u0117\u017eiama erdv\u0117. \u0160iandieniniame interjero dizaino pasaulyje baldai tampa ne tik prakti\u0161kais elementais, bet ir svarbiais dekoratyviniais akcentais. \u201eHolten\u201c kolekcijoje yra knyg\u0173 lentynos, kurios puikiai derina funkcionalum\u0105 ir estetik\u0105, pabr\u0117\u017edamos atvir\u0105 erdv\u0119 ir eksponavimo galimybes. \u201eHolten\u201c knyg\u0173 lentyna yra puikus sprendimas [\u2026]<\/p>","protected":false},"featured_media":264524,"comment_status":"open","ping_status":"open","template":"","meta":[],"product_brand":[],"product_cat":[9200,1987],"product_tag":[],"class_list":{"0":"post-264523","1":"product","2":"type-product","3":"status-publish","4":"has-post-thumbnail","6":"product_cat-black-red-white","7":"product_cat-shelving-units","9":"first","10":"instock","11":"purchasable","12":"product-type-simple"},"_links":{"self":[{"href":"https:\/\/baldumarket.lt\/lt\/wp-json\/wp\/v2\/product\/264523","targetHints":{"allow":["GET"]}}],"collection":[{"href":"https:\/\/baldumarket.lt\/lt\/wp-json\/wp\/v2\/product"}],"about":[{"href":"https:\/\/baldumarket.lt\/lt\/wp-json\/wp\/v2\/types\/product"}],"replies":[{"embeddable":true,"href":"https:\/\/baldumarket.lt\/lt\/wp-json\/wp\/v2\/comments?post=264523"}],"wp:featuredmedia":[{"embeddable":true,"href":"https:\/\/baldumarket.lt\/lt\/wp-json\/wp\/v2\/media\/264524"}],"wp:attachment":[{"href":"https:\/\/baldumarket.lt\/lt\/wp-json\/wp\/v2\/media?parent=264523"}],"wp:term":[{"taxonomy":"product_brand","embeddable":true,"href":"https:\/\/baldumarket.lt\/lt\/wp-json\/wp\/v2\/product_brand?post=264523"},{"taxonomy":"product_cat","embeddable":true,"href":"https:\/\/baldumarket.lt\/lt\/wp-json\/wp\/v2\/product_cat?post=264523"},{"taxonomy":"product_tag","embeddable":true,"href":"https:\/\/baldumarket.lt\/lt\/wp-json\/wp\/v2\/product_tag?post=264523"}],"curies":[{"name":"wp","href":"https:\/\/api.w.org\/{rel}","templated":true}]}}