{"id":264519,"date":"2026-01-13T23:55:48","date_gmt":"2026-01-13T20:55:48","guid":{"rendered":"https:\/\/baldumarket.lt\/product\/regal-otwarty-z-szuflada-hesen-101-cm-grafit-dab-artisan\/"},"modified":"2026-02-11T18:18:47","modified_gmt":"2026-02-11T15:18:47","slug":"regal-otwarty-z-szuflada-hesen-101-cm-grafit-dab-artisan","status":"publish","type":"product","link":"https:\/\/baldumarket.lt\/lt\/product\/regal-otwarty-z-szuflada-hesen-101-cm-grafit-dab-artisan\/","title":{"rendered":"HESEN atvira lentyna su stal\u010diumi 101 cm grafito spalvos\/artisan \u0105\u017euolo spalvos"},"content":{"rendered":"<p>\u201eHesen\u201c knyg\u0173 spinta \u2013 puikus sprendimas knyg\u0173 myl\u0117tojams. \u201eHesen\u201c kolekcija leid\u017eia \u012f savo interjer\u0105 \u012ftraukti ry\u0161k\u0173 literat\u016brin\u012f element\u0105, o tai puiki id\u0117ja, ypa\u010d jei esate knyg\u0173 myl\u0117tojas. Knygos yra ne tik \u017eini\u0173 \u0161altinis, bet ir nuostabi interjero puo\u0161mena, galinti rasti savo viet\u0105 ne tik knyg\u0173 lentynoje, bet ir kituose kambariuose, pavyzd\u017eiui, jaunimo kambaryje, svetain\u0117je ar miegamajame. \u201eHesen\u201c knyg\u0173 spinta \u2013 tai baldas, leid\u017eiantis efektyviai \u012ftraukti literat\u016brinius elementus \u012f savo interjer\u0105. \u0160i knyg\u0173 spinta, kuri\u0105 galima \u012fsigyti dviej\u0173 spalv\u0173: grafito \/ dirbtinio \u0105\u017euolo ir \u0161viesios Sibiu maumed\u017eio \/ larico pu\u0161ies, pasi\u017eymi minimalistine elegancija. Pirmoji \u017eavi savo sant\u016brumu, o antroji \u2013 labiau \u0161viesia ir gyv\u0105. Nepriklausomai nuo j\u016bs\u0173 pasirinkimo, gausite bald\u0105 su subtiliais frezavimais rai\u017eyt\u0173 r\u0117m\u0173, ranken\u0117li\u0173 ir skandinavi\u0161ko minimalizmo pavidalu. \u201eHesen\u201c knyg\u0173 lentyna pad\u0117s tinkamai eksponuoti knygas, edukacin\u0119 med\u017eiag\u0105 ir m\u0117gstamus aksesuarus, tokius kaip fig\u016br\u0117l\u0117s, nuotraukos ar kvapiosios \u017evak\u0117s. Stal\u010dius ant visi\u0161kai i\u0161traukiam\u0173 b\u0117geli\u0173 yra puiki vieta pasl\u0117pti daiktus, kurie gali b\u016bti ma\u017eiau patraukl\u016bs j\u016bs\u0173 interjero dizainui. \u0160is sprendimas leid\u017eia lengvai pasiekti net ir atokiausius knyg\u0173 lentynos kampelius. \u0160i knyg\u0173 lentyna puikiai dera su kitais \u201eHesen\u201c kolekcijos baldais. J\u0105 galite derinti su lova, ra\u0161omuoju stalu ar spinta, kad sukurtum\u0117te harmoning\u0105 skandinavi\u0161ko stiliaus jaunimo kambar\u012f. J\u0105 taip pat galite prid\u0117ti prie savo miegamojo, kad sukurtum\u0117te jauk\u0173 skaitymo kampel\u012f. Galiausiai, j\u016bs nuspr\u0119site, kaip integruosite \u0161\u012f funkcional\u0173, eleganti\u0161k\u0105 ir universal\u0173 bald\u0105 \u012f savo interjer\u0105, kad atitikt\u0173 j\u016bs\u0173 poreikius ir pageidavimus.<\/p>\n<p>Prek\u0117s kodas S515-REG1S-GF\/DASN Simbolis ZM EAN Plotis 101 cm Gylis 44 cm Auk\u0161tis 121 cm Kolekcija Hesen Spalva grafito\/artisan \u0105\u017euolo atspalvis grafito Skandinavi\u0161ko stiliaus Dureli\u0173 skai\u010dius be dureli\u0173 Stal\u010di\u0173 skai\u010dius 1 stal\u010dius Rankena su rankenomis Gamintojas Juoda Raudona Balta Bald\u0173 tipas Lentynos ir vitrinos PVM mokestis 23% EAN 5906123812412<\/p>","protected":false},"excerpt":{"rendered":"<p>\u201eHesen\u201c knyg\u0173 lentyna \u2013 puikus sprendimas knyg\u0173 myl\u0117tojams. \u201eHesen\u201c kolekcija leid\u017eia \u012f interjer\u0105 \u012ftraukti ry\u0161k\u0173 literat\u016brin\u012f element\u0105, o tai puiki id\u0117ja, ypa\u010d jei esate knyg\u0173 myl\u0117tojas. Knygos yra ne tik \u017eini\u0173 \u0161altinis, bet ir nuostabi interjero puo\u0161mena, kuri gali rasti savo viet\u0105 ne tik [\u2026]<\/p>","protected":false},"featured_media":264520,"comment_status":"open","ping_status":"open","template":"","meta":[],"product_brand":[],"product_cat":[9200,1987],"product_tag":[],"class_list":{"0":"post-264519","1":"product","2":"type-product","3":"status-publish","4":"has-post-thumbnail","6":"product_cat-black-red-white","7":"product_cat-shelving-units","9":"first","10":"instock","11":"purchasable","12":"product-type-simple"},"_links":{"self":[{"href":"https:\/\/baldumarket.lt\/lt\/wp-json\/wp\/v2\/product\/264519","targetHints":{"allow":["GET"]}}],"collection":[{"href":"https:\/\/baldumarket.lt\/lt\/wp-json\/wp\/v2\/product"}],"about":[{"href":"https:\/\/baldumarket.lt\/lt\/wp-json\/wp\/v2\/types\/product"}],"replies":[{"embeddable":true,"href":"https:\/\/baldumarket.lt\/lt\/wp-json\/wp\/v2\/comments?post=264519"}],"wp:featuredmedia":[{"embeddable":true,"href":"https:\/\/baldumarket.lt\/lt\/wp-json\/wp\/v2\/media\/264520"}],"wp:attachment":[{"href":"https:\/\/baldumarket.lt\/lt\/wp-json\/wp\/v2\/media?parent=264519"}],"wp:term":[{"taxonomy":"product_brand","embeddable":true,"href":"https:\/\/baldumarket.lt\/lt\/wp-json\/wp\/v2\/product_brand?post=264519"},{"taxonomy":"product_cat","embeddable":true,"href":"https:\/\/baldumarket.lt\/lt\/wp-json\/wp\/v2\/product_cat?post=264519"},{"taxonomy":"product_tag","embeddable":true,"href":"https:\/\/baldumarket.lt\/lt\/wp-json\/wp\/v2\/product_tag?post=264519"}],"curies":[{"name":"wp","href":"https:\/\/api.w.org\/{rel}","templated":true}]}}