{"id":264511,"date":"2026-01-13T23:55:42","date_gmt":"2026-01-13T20:55:42","guid":{"rendered":"https:\/\/baldumarket.lt\/product\/regal-otwarty-z-szuflada-balder-62-cm-dab-riviera-bialy-polysk\/"},"modified":"2026-02-11T18:18:47","modified_gmt":"2026-02-11T15:18:47","slug":"regal-otwarty-z-szuflada-balder-62-cm-dab-riviera-bialy-polysk","status":"publish","type":"product","link":"https:\/\/baldumarket.lt\/lt\/product\/regal-otwarty-z-szuflada-balder-62-cm-dab-riviera-bialy-polysk\/","title":{"rendered":"BALDER atvira lentyna su stal\u010diumi 62 cm, Riviera \u0105\u017euolas\/blizgi balta"},"content":{"rendered":"<p>\u201eBalder\u201c knyg\u0173 lentyna \u2013 tai modernus ir funkcionalus sprendimas tiems, kurie vertina paprastum\u0105 interjero dizaine. Auk\u0161ta, atvira konstrukcija suteikia vietos ne tik daiktams laikyti, bet ir \u012fvairiems daiktams eksponuoti. Trys prakti\u0161kos lentynos leid\u017eia lentynoje susitvarkyti dokumentus, o kompakti\u0161kas stal\u010dius apa\u010dioje \u2013 puiki vieta smulkiems daiktams. \u201eBalder\u201c knyg\u0173 lentynos geometrines linijas ir dizain\u0105 pabr\u0117\u017eia dr\u0105sios korpuso lentos. \u0160ilto \u201eRiviera\u201c \u0105\u017euolo atspalvio ir neutralaus balto blizgesio derinys sukuria universal\u0173 pagrind\u0105, kuris puikiai dera su \u012fvairiais dekoro stiliais. Firminiai aksesuarai ir paprastos ranken\u0117l\u0117s u\u017etikrina patog\u0173 naudojim\u0105. Atvir\u0105 \u201eBalder\u201c knyg\u0173 lentyn\u0105 galite laisvai derinti su kitais kolekcijos elementais, sukurdami darni\u0105 kompozicij\u0105 svetain\u0117je, miegamajame ar jaunimo kambaryje. Toks lankstus po\u017ei\u016bris leid\u017eia laisvai \u012frengti erdv\u0119 pagal savo pageidavimus.<\/p>\n<p>Prek\u0117s kodas S382-REG1S-DRI\/BIP Simbolis ZM EAN Plotis 62 cm Gylis 39 cm Auk\u0161tis 192 cm Kolekcija Balder Spalva Rivjeros \u0105\u017euolas\/blizgi balta Gaubtas \u0161viesus medis Stilius modernus Med\u017eiaga laminatas Dureli\u0173 skai\u010dius be dureli\u0173 Stal\u010di\u0173 skai\u010dius 1 stal\u010dius Rankena su rankenomis Gamintojas Juoda Raudona Balta Bald\u0173 tipas Lentynos ir vitrinos PVM mokestis 23% EAN 5906123928175<\/p>","protected":false},"excerpt":{"rendered":"<p>The Balder Bookcase is a modern and functional solution for those who appreciate simplicity in interior design. Its tall, open structure offers space not only for storage but also for displaying various items. With three practical shelves, the bookcase facilitates document organization, while a compact drawer at the bottom is the perfect place for small [&hellip;]<\/p>","protected":false},"featured_media":264512,"comment_status":"open","ping_status":"open","template":"","meta":[],"product_brand":[],"product_cat":[9200,1987],"product_tag":[],"class_list":{"0":"post-264511","1":"product","2":"type-product","3":"status-publish","4":"has-post-thumbnail","6":"product_cat-black-red-white","7":"product_cat-shelving-units","9":"first","10":"instock","11":"purchasable","12":"product-type-simple"},"_links":{"self":[{"href":"https:\/\/baldumarket.lt\/lt\/wp-json\/wp\/v2\/product\/264511","targetHints":{"allow":["GET"]}}],"collection":[{"href":"https:\/\/baldumarket.lt\/lt\/wp-json\/wp\/v2\/product"}],"about":[{"href":"https:\/\/baldumarket.lt\/lt\/wp-json\/wp\/v2\/types\/product"}],"replies":[{"embeddable":true,"href":"https:\/\/baldumarket.lt\/lt\/wp-json\/wp\/v2\/comments?post=264511"}],"wp:featuredmedia":[{"embeddable":true,"href":"https:\/\/baldumarket.lt\/lt\/wp-json\/wp\/v2\/media\/264512"}],"wp:attachment":[{"href":"https:\/\/baldumarket.lt\/lt\/wp-json\/wp\/v2\/media?parent=264511"}],"wp:term":[{"taxonomy":"product_brand","embeddable":true,"href":"https:\/\/baldumarket.lt\/lt\/wp-json\/wp\/v2\/product_brand?post=264511"},{"taxonomy":"product_cat","embeddable":true,"href":"https:\/\/baldumarket.lt\/lt\/wp-json\/wp\/v2\/product_cat?post=264511"},{"taxonomy":"product_tag","embeddable":true,"href":"https:\/\/baldumarket.lt\/lt\/wp-json\/wp\/v2\/product_tag?post=264511"}],"curies":[{"name":"wp","href":"https:\/\/api.w.org\/{rel}","templated":true}]}}