{"id":264503,"date":"2026-01-13T23:55:36","date_gmt":"2026-01-13T20:55:36","guid":{"rendered":"https:\/\/baldumarket.lt\/product\/regal-otwarty-z-polkami-niski-nepo-plus-114-cm-dab-noble\/"},"modified":"2026-02-11T18:18:48","modified_gmt":"2026-02-11T15:18:48","slug":"regal-otwarty-z-polkami-niski-nepo-plus-114-cm-dab-noble","status":"publish","type":"product","link":"https:\/\/baldumarket.lt\/lt\/product\/regal-otwarty-z-polkami-niski-nepo-plus-114-cm-dab-noble\/","title":{"rendered":"\u017dema atvira lentyna su lentynomis NEPO PLUS 114 cm kilnus \u0105\u017euolas"},"content":{"rendered":"<p>\u201eNepo Plus\u201c knyg\u0173 lentyna \u2013 funkcionalus eksponatas moderniu stiliumi. \u201eNepo Plus\u201c kolekcija \u2013 puikus pasirinkimas paprastumo ir modernaus i\u0161d\u0117stymo m\u0117g\u0117jams. D\u0117l unikali\u0173 estetini\u0173 ir prakti\u0161k\u0173 sprendim\u0173 \u0161ios kolekcijos baldai puikiai dera prie bet kokio interjero. Patogumas ir funkcionalumas.<br \/>\n\u201eNepo Plus\u201c knyg\u0173 lentyna \u2013 tai unikalus baldas, sudarytas i\u0161 devyni\u0173 kvadratini\u0173 lentyn\u0173. Jos dizainas suteikia daug vietos knygoms, dekoracijoms ir kitiems vertingiems daiktams. D\u0117l ergonomi\u0161ko lentyn\u0173 i\u0161d\u0117stymo knyg\u0173 lentyna puikiai tinka svetainei, biurui, jaunimo kambariui ar prie\u0161kambariui. Stilius ir patvarumas.<br \/>\nKilmingos \u0105\u017euolo spalvos ir paprastos \u201eNepo Plus\u201c knyg\u0173 lentynos bet kokiam interjerui suteikia modernumo ir elegancijos. Storas r\u0117mas suteikia baldui tvirtumo ir charakterio, i\u0161laikant lengv\u0105 i\u0161vaizd\u0105. Laminuotas pavir\u0161ius padidina atsparum\u0105 \u012fbr\u0117\u017eimams ir palengvina lentynos valym\u0105, u\u017etikrindamas, kad ji daugel\u012f met\u0173 i\u0161laikyt\u0173 patraukli\u0105 i\u0161vaizd\u0105. Ypatyb\u0117s: Devynios kvadratin\u0117s lentynos \u2013 vieta knygoms, dekoracijoms ar nieku\u010diams. Kilmingos \u0105\u017euolo spalvos \u2013 nat\u016brali ir eleganti\u0161ka i\u0161vaizda. Pastorintas r\u0117mas \u2013 modernus stilius ir stabili konstrukcija. Laminuotas pavir\u0161ius \u2013 padidintas atsparumas \u012fbr\u0117\u017eimams ir lengvas valymas. Universalus dizainas \u2013 tinka \u012fvairiems interjero dizaino stiliams. Santrauka<br \/>\n\u201eNepo Plus\u201c lentyna \u2013 tai unikalus baldas, kuriame dera modernus dizainas ir funkcionalumas. D\u0117l unikalios konstrukcijos ir prakti\u0161k\u0173 lentyn\u0173 lentyna puikiai tiks daugelyje kambari\u0173 \u2013 nuo paauglio kambario iki svetain\u0117s ir biuro. Derinkite lentyn\u0105 su kitais \u201eNepo Plus\u201c kolekcijos elementais, kad sukurtum\u0117te darn\u0173 ir patog\u0173 interjero dizain\u0105.<\/p>\n<p>Prek\u0117s kodas S435-REG\/12\/12-DNO Plotis 114 cm Gylis 38,5 cm Auk\u0161tis 111 cm Kolekcija \u201eNepo Plus\u201c Spalva kilnus \u0105\u017euolas Atspalvis tamsi mediena Stilius modernus Med\u017eiaga laminatas Dureli\u0173 skai\u010dius be dur\u0173 Stal\u010di\u0173 skai\u010dius be stal\u010di\u0173 Gamintojas Juoda Raudona Balta Bald\u0173 tipas Lentynos ir vitrinos PVM mokestis 23% EAN 5906123051842<\/p>","protected":false},"excerpt":{"rendered":"<p>Nepo Plus Bookcase \u2013 Functional Display in a Modern Style. The Nepo Plus collection is the perfect choice for lovers of simplicity and modern arrangements. Thanks to its unique aesthetic and practical solutions, the furniture from this collection is a perfect addition to any interior. Comfort and Functionality The Nepo Plus Bookcase is a unique [&hellip;]<\/p>","protected":false},"featured_media":264504,"comment_status":"open","ping_status":"open","template":"","meta":[],"product_brand":[],"product_cat":[9200,1987],"product_tag":[],"class_list":{"0":"post-264503","1":"product","2":"type-product","3":"status-publish","4":"has-post-thumbnail","6":"product_cat-black-red-white","7":"product_cat-shelving-units","9":"first","10":"instock","11":"purchasable","12":"product-type-simple"},"_links":{"self":[{"href":"https:\/\/baldumarket.lt\/lt\/wp-json\/wp\/v2\/product\/264503","targetHints":{"allow":["GET"]}}],"collection":[{"href":"https:\/\/baldumarket.lt\/lt\/wp-json\/wp\/v2\/product"}],"about":[{"href":"https:\/\/baldumarket.lt\/lt\/wp-json\/wp\/v2\/types\/product"}],"replies":[{"embeddable":true,"href":"https:\/\/baldumarket.lt\/lt\/wp-json\/wp\/v2\/comments?post=264503"}],"wp:featuredmedia":[{"embeddable":true,"href":"https:\/\/baldumarket.lt\/lt\/wp-json\/wp\/v2\/media\/264504"}],"wp:attachment":[{"href":"https:\/\/baldumarket.lt\/lt\/wp-json\/wp\/v2\/media?parent=264503"}],"wp:term":[{"taxonomy":"product_brand","embeddable":true,"href":"https:\/\/baldumarket.lt\/lt\/wp-json\/wp\/v2\/product_brand?post=264503"},{"taxonomy":"product_cat","embeddable":true,"href":"https:\/\/baldumarket.lt\/lt\/wp-json\/wp\/v2\/product_cat?post=264503"},{"taxonomy":"product_tag","embeddable":true,"href":"https:\/\/baldumarket.lt\/lt\/wp-json\/wp\/v2\/product_tag?post=264503"}],"curies":[{"name":"wp","href":"https:\/\/api.w.org\/{rel}","templated":true}]}}