{"id":264499,"date":"2026-01-13T23:55:33","date_gmt":"2026-01-13T20:55:33","guid":{"rendered":"https:\/\/baldumarket.lt\/product\/regal-otwarty-z-polkami-nepo-plus-60-cm-dab-noble\/"},"modified":"2026-02-11T18:18:48","modified_gmt":"2026-02-11T15:18:48","slug":"regal-otwarty-z-polkami-nepo-plus-60-cm-dab-noble","status":"publish","type":"product","link":"https:\/\/baldumarket.lt\/lt\/product\/regal-otwarty-z-polkami-nepo-plus-60-cm-dab-noble\/","title":{"rendered":"Atvira lentyna su lentynomis NEPO PLUS 60 cm kilnus \u0105\u017euolas"},"content":{"rendered":"<p>\u201eNepo Plus\u201c knyg\u0173 lentyna \u2013 jaunimo biblioteka. \u201eNepo Plus\u201c kolekcija yra nepakei\u010diama moderniame jaunimo kambaryje, kurioje dera estetika ir funkcionalumas. Patogumas ir funkcionalumas.<br \/>\nAtvira \u201eNepo Plus\u201c knyg\u0173 lentyna turi keturias erdvias lentynas, kurias galima naudoti knygoms, vadov\u0117liams, apdovanojimams ar kolekciniams daiktams. Tiesiogin\u0117 prieiga prie turinio daro j\u0105 nepaprastai prakti\u0161k\u0105 tiek vaikams, tiek paaugliams. D\u0117l universalaus dizaino knyg\u0173 lentyna taip pat puikiai tinka kaip ekspozicijos vieta svetain\u0117je ar biure. Stilius ir patvarumas.<br \/>\nKnyg\u0173 lentyna pagaminta i\u0161 laminuotos plok\u0161t\u0117s, kuri yra atspari \u012fbr\u0117\u017eimams, temperat\u016brai ir lengvai valoma. Eleganti\u0161ka kilnaus \u0105\u017euolo spalva suteikia \u0161ilt\u0105, nat\u016bral\u0173 akcent\u0105, kuris harmoningai dera prie \u012fvairi\u0173 interjero dizain\u0173. Ypatyb\u0117s: keturios atviros lentynos \u2013 puikiai tinka knygoms, vadov\u0117liams ir dekoracijoms. Laminuotas pavir\u0161ius \u2013 padidintas atsparumas \u012fbr\u0117\u017eimams ir temperat\u016bros poky\u010diams. Kilnaus \u0105\u017euolo spalva \u2013 nat\u016bralus, \u0161iltas atspalvis, kuris dera prie \u012fvairi\u0173 interjero stili\u0173. Universali \u2013 puikiai tinka jaunimo kambariui, biurui ar svetainei. Santrauka<br \/>\n\u201eNepo Plus\u201c knyg\u0173 lentyna \u2013 tai prakti\u0161kas ir stilingas baldas, kuris bet kokiam interjerui suteiks tvarkos ir elegancijos. Universalus dizainas, patvarumas ir funkcionalumas daro j\u0105 puikiu pasirinkimu bet kokiam kambariui. Derinkite knyg\u0173 lentyn\u0105 su kitais \u201eNepo Plus\u201c kolekcijos moduliais ir sukurkite darni\u0105, moderni\u0105 erdv\u0119, kuri bus palanki mokymuisi, pramogoms ir poilsiui.<\/p>\n<p>Prek\u0117s kodas S435-REG\/60-DNO Plotis 60 cm Gylis 34 cm Auk\u0161tis 197 cm Kolekcija \u201eNepo Plus\u201c Spalva kilnus \u0105\u017euolas Atspalvis tamsi mediena Stilius modernus Med\u017eiaga laminatas Dureli\u0173 skai\u010dius be dur\u0173 Stal\u010di\u0173 skai\u010dius be stal\u010di\u0173 Gamintojas Juoda Raudona Balta Bald\u0173 tipas Lentynos ir vitrinos PVM mokestis 23% EAN 5906123052009<\/p>","protected":false},"excerpt":{"rendered":"<p>Nepo Plus Bookcase \u2013 A Youth Library. The Nepo Plus collection is irreplaceable in a modern youth room, combining aesthetics with functionality. Comfort and Functionality The open Nepo Plus bookcase offers four spacious shelves that can be used for books, textbooks, awards, or collectibles. Direct access to the contents makes it incredibly practical for both [&hellip;]<\/p>","protected":false},"featured_media":264500,"comment_status":"open","ping_status":"open","template":"","meta":[],"product_brand":[],"product_cat":[9200,1987],"product_tag":[],"class_list":{"0":"post-264499","1":"product","2":"type-product","3":"status-publish","4":"has-post-thumbnail","6":"product_cat-black-red-white","7":"product_cat-shelving-units","9":"first","10":"instock","11":"purchasable","12":"product-type-simple"},"_links":{"self":[{"href":"https:\/\/baldumarket.lt\/lt\/wp-json\/wp\/v2\/product\/264499","targetHints":{"allow":["GET"]}}],"collection":[{"href":"https:\/\/baldumarket.lt\/lt\/wp-json\/wp\/v2\/product"}],"about":[{"href":"https:\/\/baldumarket.lt\/lt\/wp-json\/wp\/v2\/types\/product"}],"replies":[{"embeddable":true,"href":"https:\/\/baldumarket.lt\/lt\/wp-json\/wp\/v2\/comments?post=264499"}],"wp:featuredmedia":[{"embeddable":true,"href":"https:\/\/baldumarket.lt\/lt\/wp-json\/wp\/v2\/media\/264500"}],"wp:attachment":[{"href":"https:\/\/baldumarket.lt\/lt\/wp-json\/wp\/v2\/media?parent=264499"}],"wp:term":[{"taxonomy":"product_brand","embeddable":true,"href":"https:\/\/baldumarket.lt\/lt\/wp-json\/wp\/v2\/product_brand?post=264499"},{"taxonomy":"product_cat","embeddable":true,"href":"https:\/\/baldumarket.lt\/lt\/wp-json\/wp\/v2\/product_cat?post=264499"},{"taxonomy":"product_tag","embeddable":true,"href":"https:\/\/baldumarket.lt\/lt\/wp-json\/wp\/v2\/product_tag?post=264499"}],"curies":[{"name":"wp","href":"https:\/\/api.w.org\/{rel}","templated":true}]}}