{"id":264491,"date":"2026-01-13T23:55:26","date_gmt":"2026-01-13T20:55:26","guid":{"rendered":"https:\/\/baldumarket.lt\/product\/regal-otwarty-z-polkami-nepo-plus-114-cm-dab-noble\/"},"modified":"2026-02-11T18:18:48","modified_gmt":"2026-02-11T15:18:48","slug":"regal-otwarty-z-polkami-nepo-plus-114-cm-dab-noble","status":"publish","type":"product","link":"https:\/\/baldumarket.lt\/lt\/product\/regal-otwarty-z-polkami-nepo-plus-114-cm-dab-noble\/","title":{"rendered":"Atvira knyg\u0173 lentyna su lentynomis NEPO PLUS 114 cm, kilnus \u0105\u017euolas"},"content":{"rendered":"<p>\u201eNepo Plus\u201c lentyna \u2013 optimalus j\u016bs\u0173 interjero eksponavimas. \u201eNepo Plus\u201c kolekcija \u2013 puikus sprendimas tiems, kurie vertina modern\u0173 dizain\u0105, funkcionalum\u0105 ir paprastas formas. D\u0117l \u012fvairi\u0173 form\u0173 \u0161ioje kolekcijoje galite lengvai sukurti ergonomi\u0161k\u0105 ir stiling\u0105 interjer\u0105. Patogumas ir funkcionalumas<br \/>\n\u201eNepo Plus\u201c lentyna \u2013 tai prakti\u0161kas baldas su dvylika kvadratini\u0173 lentyn\u0173, kuriose galima laikyti ir eksponuoti knygas, dekoracijas ir kitus daiktus. \u012eprastas lentyn\u0173 i\u0161d\u0117stymas palengvina organizavim\u0105 ir tuo pa\u010diu suteikia interjerui modernumo. D\u0117l savo funkcionalumo lentyna puikiai tinka svetainei, biurui, jaunimo kambariui ar prie\u0161kambariui. Stilius ir patvarumas<br \/>\nKilmingo \u0105\u017euolo spalva kartu su storu lentynos r\u0117mu sukuria eleganti\u0161k\u0105, ta\u010diau i\u0161rai\u0161king\u0105 i\u0161vaizd\u0105. Laminuotas pavir\u0161ius apsaugo nuo \u012fbr\u0117\u017eim\u0173 ir yra lengvai valomas, tod\u0117l baldas yra patvarus ir esteti\u0161kai patrauklus daugel\u012f met\u0173. Paprasta knyg\u0173 lentynos forma harmoningai dera su minimalistiniu ir moderniu interjero dizainu. Ypatyb\u0117s: Dvylika kvadratini\u0173 lentyn\u0173 \u2013 vieta knygoms, dekoracijoms ir kitiems daiktams. Kilmingo \u0105\u017euolo spalva \u2013 nat\u016brali ir eleganti\u0161ka i\u0161vaizda. Storas r\u0117mas \u2013 stabili konstrukcija ir modernus stilius. Laminuotas pavir\u0161ius \u2013 padidintas atsparumas \u012fbr\u0117\u017eimams ir lengvas valymas. Universalus dizainas \u2013 puikiai tinka \u012fvairiems interjero stiliams. Santrauka<br \/>\n\u201eNepo Plus\u201c knyg\u0173 lentyna \u2013 puikus pasirinkimas bet kokiam interjerui, kuriame svarbi ir estetika, ir prakti\u0161kumas. D\u0117l funkcionalaus lentyn\u0173 i\u0161d\u0117stymo ir tvirtos konstrukcijos \u0161i knyg\u0173 lentyna puikiai tiks \u012fvairiuose kambariuose \u2013 nuo svetain\u0117s iki darbo kambario. Derinkite knyg\u0173 lentyn\u0105 su kitais \u201eNepo Plus\u201c kolekcijos elementais ir sukurkite darni\u0105, moderni\u0105 erdv\u0119 savo namuose.<\/p>\n<p>Prek\u0117s kodas S435-REG\/15\/12-DNO Plotis 114 cm Gylis 38,5 cm Auk\u0161tis 146,5 cm Kolekcija \u201eNepo Plus\u201c Spalva kilnus \u0105\u017euolas Atspalvis tamsi mediena Stilius modernus Med\u017eiaga laminatas Dureli\u0173 skai\u010dius be dur\u0173 Stal\u010di\u0173 skai\u010dius be stal\u010di\u0173 Gamintojas Juoda Raudona Balta Bald\u0173 tipas Lentynos ir vitrinos PVM mokestis 23% EAN 5906123051859<\/p>","protected":false},"excerpt":{"rendered":"<p>\u201eNepo Plus\u201c lentyna \u2013 optimalus j\u016bs\u0173 interjero eksponavimas. \u201eNepo Plus\u201c kolekcija \u2013 puikus sprendimas tiems, kurie vertina modern\u0173 dizain\u0105, funkcionalum\u0105 ir paprast\u0105 form\u0105. D\u0117l \u012fvairi\u0173 \u0161ios kolekcijos form\u0173 galite lengvai sukurti ergonomi\u0161k\u0105 ir stiling\u0105 interjer\u0105. Patogumas ir funkcionalumas. \u201eNepo Plus\u201c lentyna yra prakti\u0161kas [\u2026]<\/p>","protected":false},"featured_media":264492,"comment_status":"open","ping_status":"open","template":"","meta":[],"product_brand":[],"product_cat":[9200,1987],"product_tag":[],"class_list":{"0":"post-264491","1":"product","2":"type-product","3":"status-publish","4":"has-post-thumbnail","6":"product_cat-black-red-white","7":"product_cat-shelving-units","9":"first","10":"instock","11":"purchasable","12":"product-type-simple"},"_links":{"self":[{"href":"https:\/\/baldumarket.lt\/lt\/wp-json\/wp\/v2\/product\/264491","targetHints":{"allow":["GET"]}}],"collection":[{"href":"https:\/\/baldumarket.lt\/lt\/wp-json\/wp\/v2\/product"}],"about":[{"href":"https:\/\/baldumarket.lt\/lt\/wp-json\/wp\/v2\/types\/product"}],"replies":[{"embeddable":true,"href":"https:\/\/baldumarket.lt\/lt\/wp-json\/wp\/v2\/comments?post=264491"}],"wp:featuredmedia":[{"embeddable":true,"href":"https:\/\/baldumarket.lt\/lt\/wp-json\/wp\/v2\/media\/264492"}],"wp:attachment":[{"href":"https:\/\/baldumarket.lt\/lt\/wp-json\/wp\/v2\/media?parent=264491"}],"wp:term":[{"taxonomy":"product_brand","embeddable":true,"href":"https:\/\/baldumarket.lt\/lt\/wp-json\/wp\/v2\/product_brand?post=264491"},{"taxonomy":"product_cat","embeddable":true,"href":"https:\/\/baldumarket.lt\/lt\/wp-json\/wp\/v2\/product_cat?post=264491"},{"taxonomy":"product_tag","embeddable":true,"href":"https:\/\/baldumarket.lt\/lt\/wp-json\/wp\/v2\/product_tag?post=264491"}],"curies":[{"name":"wp","href":"https:\/\/api.w.org\/{rel}","templated":true}]}}