{"id":264436,"date":"2026-01-13T23:54:37","date_gmt":"2026-01-13T20:54:37","guid":{"rendered":"https:\/\/baldumarket.lt\/product\/regal-otwarty-z-dwoma-szufladami-nepo-plus-40-cm-dab-noble\/"},"modified":"2026-02-11T18:18:48","modified_gmt":"2026-02-11T15:18:48","slug":"regal-otwarty-z-dwoma-szufladami-nepo-plus-40-cm-dab-noble","status":"publish","type":"product","link":"https:\/\/baldumarket.lt\/lt\/product\/regal-otwarty-z-dwoma-szufladami-nepo-plus-40-cm-dab-noble\/","title":{"rendered":"Atvira lentyna su dviem stal\u010diais NEPO PLUS 40 cm kilnus \u0105\u017euolas"},"content":{"rendered":"<p>\u201eNepo Plus\u201c atvira lentyna \u2013 funkcionalumas ir stilius. Speciali \u201eNepo Plus\u201c kolekcija \u2013 puikus sprendimas paauglio kambariui, kurioje vienoje bald\u0173 linijoje derinamas estetika, kokyb\u0117 ir funkcionalumas. Patogumas ir funkcionalumas.<br \/>\nNorite, kad viskas b\u016bt\u0173 lengvai pasiekiama, bet kartu vertinate ir \u0161iek tiek privatumo? \u201eNepo Plus\u201c lentyna si\u016blo tobul\u0105 atviros erdv\u0117s ir pasl\u0117ptos daikt\u0173 laikymo derin\u012f. Trys atviros lentynos suteikia puiki\u0105 viet\u0105 nam\u0173 bibliotekai, vadov\u0117liams ar dekoracijoms, o du kompakti\u0161ki stal\u010diai puikiai tinka pasl\u0117pti smulkius daiktus, dokumentus ar kitus priedus. Stilius ir patvarumas<br \/>\nLentynos pavir\u0161ius yra laminuotas, tod\u0117l padid\u0117ja atsparumas \u012fbr\u0117\u017eimams ir temperat\u016bros poky\u010diams, be to, valymas tampa lengvesnis \u2013 u\u017etenka paprastos \u0161luost\u0117s. \u0160is sprendimas ypa\u010d tinka vaik\u0173 ir paaugli\u0173 kambariams, kur bald\u0173 patvarumas yra svarbiausias. Subtili kilnaus \u0105\u017euolo atspalvio spalv\u0173 gama pabr\u0117\u017eia modern\u0173 knyg\u0173 lentynos charakter\u012f, papildydama \u012fvairius interjero dizaino stilius. Ypatyb\u0117s: Trys atviros lentynos \u2013 puikiai tinka knygoms, vadov\u0117liams ir dekoracijoms. Du kompakti\u0161ki stal\u010diai \u2013 prakti\u0161ka nieku\u010di\u0173 ir aksesuar\u0173 laikymo vieta. Laminuotas pavir\u0161ius \u2013 atsparus \u012fbr\u0117\u017eimams ir lengvai valomas. Kilnaus \u0105\u017euolo spalva \u2013 modernus, universalus dizainas. Horizontalios rankenos \u2013 lengva prieiga prie stal\u010di\u0173 turinio. Kompakti\u0161ki matmenys \u2013 knyg\u0173 lentyna puikiai tinka ma\u017eesn\u0117ms erdv\u0117ms. Santrauka<br \/>\n\u201eNepo Plus\u201c knyg\u0173 lentyna yra funkcionalus ir stilingas jaunimo kambario papildymas. Atvir\u0173 lentyn\u0173 ir u\u017edar\u0173 stal\u010di\u0173 derinys leid\u017eia patogiai laikyti ir eksponuoti daiktus. Derinkite knyg\u0173 lentyn\u0105 su kitais \u201eNepo Plus\u201c kolekcijos baldais, kad sukurtum\u0117te harmoning\u0105 erdv\u0119, skatinan\u010di\u0105 mokym\u0105si, \u017eaidimus ir poils\u012f.<\/p>\n<p>Prek\u0117s kodas S435-REG2S\/40-DNO Plotis 40 cm Gylis 34 cm Auk\u0161tis 197 cm Kolekcija \u201eNepo Plus\u201c Spalva kilnus \u0105\u017euolas Atspalvis tamsi mediena Stilius modernus Med\u017eiaga laminatas Dureli\u0173 skai\u010dius be dureli\u0173 Stal\u010di\u0173 skai\u010dius 2 stal\u010diai Rankena su rankenomis Gamintojas Juoda Raudona Balta Bald\u0173 tipas Lentynos ir vitrinos PVM mokestis 23% EAN 5906123051996<\/p>","protected":false},"excerpt":{"rendered":"<p>\u201eNepo Plus\u201c atvira lentyna \u2013 funkcionalumas ir stilius. Speciali \u201eNepo Plus\u201c kolekcija \u2013 puikus sprendimas paauglio kambariui, kurioje vienoje bald\u0173 linijoje derinamas estetika, kokyb\u0117 ir funkcionalumas. Patogumas ir funkcionalumas. Norite, kad viskas b\u016bt\u0173 lengvai pasiekiama, bet taip pat vertinate \u0161iek tiek privatumo? \u201eNepo Plus\u201c lentyna si\u016blo tobul\u0105 derin\u012f [\u2026]<\/p>","protected":false},"featured_media":264437,"comment_status":"open","ping_status":"open","template":"","meta":[],"product_brand":[],"product_cat":[9200,1987],"product_tag":[],"class_list":{"0":"post-264436","1":"product","2":"type-product","3":"status-publish","4":"has-post-thumbnail","6":"product_cat-black-red-white","7":"product_cat-shelving-units","9":"first","10":"instock","11":"purchasable","12":"product-type-simple"},"_links":{"self":[{"href":"https:\/\/baldumarket.lt\/lt\/wp-json\/wp\/v2\/product\/264436","targetHints":{"allow":["GET"]}}],"collection":[{"href":"https:\/\/baldumarket.lt\/lt\/wp-json\/wp\/v2\/product"}],"about":[{"href":"https:\/\/baldumarket.lt\/lt\/wp-json\/wp\/v2\/types\/product"}],"replies":[{"embeddable":true,"href":"https:\/\/baldumarket.lt\/lt\/wp-json\/wp\/v2\/comments?post=264436"}],"wp:featuredmedia":[{"embeddable":true,"href":"https:\/\/baldumarket.lt\/lt\/wp-json\/wp\/v2\/media\/264437"}],"wp:attachment":[{"href":"https:\/\/baldumarket.lt\/lt\/wp-json\/wp\/v2\/media?parent=264436"}],"wp:term":[{"taxonomy":"product_brand","embeddable":true,"href":"https:\/\/baldumarket.lt\/lt\/wp-json\/wp\/v2\/product_brand?post=264436"},{"taxonomy":"product_cat","embeddable":true,"href":"https:\/\/baldumarket.lt\/lt\/wp-json\/wp\/v2\/product_cat?post=264436"},{"taxonomy":"product_tag","embeddable":true,"href":"https:\/\/baldumarket.lt\/lt\/wp-json\/wp\/v2\/product_tag?post=264436"}],"curies":[{"name":"wp","href":"https:\/\/api.w.org\/{rel}","templated":true}]}}