{"id":264432,"date":"2026-01-13T23:54:34","date_gmt":"2026-01-13T20:54:34","guid":{"rendered":"https:\/\/baldumarket.lt\/product\/regal-otwarty-z-dwoma-szufladami-nepo-plus-40-cm-bialy-dab-sonoma\/"},"modified":"2026-02-11T18:18:48","modified_gmt":"2026-02-11T15:18:48","slug":"regal-otwarty-z-dwoma-szufladami-nepo-plus-40-cm-bialy-dab-sonoma","status":"publish","type":"product","link":"https:\/\/baldumarket.lt\/lt\/product\/regal-otwarty-z-dwoma-szufladami-nepo-plus-40-cm-bialy-dab-sonoma\/","title":{"rendered":"Atvira knyg\u0173 lentyna su dviem stal\u010diais NEPO PLUS 40 cm balta\/sonoma \u0105\u017euolas"},"content":{"rendered":"<p>\u201eNepo Plus\u201c knyg\u0173 spinta \u2013 knyg\u0173 spinta paauglio kambariui. \u201eNepo Plus\u201c kolekcija \u2013 puikus pasirinkimas paauglio kambariui, kurioje dera estetika, kokyb\u0117 ir funkcionalumas. \u201eNepo Plus\u201c knyg\u0173 spinta \u2013 puikus sprendimas, jei ie\u0161kote vietos knygoms ir kitiems daiktams laikyti, i\u0161laikant privatum\u0105 ir tvark\u0105. \u0160i knyg\u0173 lentyna si\u016blo tobul\u0105 pusiausvyr\u0105 tarp eksponavimo ir privatumo. Trys atviros lentynos suteikia puiki\u0105 erdv\u0119 j\u016bs\u0173 nam\u0173 bibliotekai, kurioje galite eksponuoti m\u0117gstamas knygas ir dekoracijas. Be to, du kompakti\u0161ki stal\u010diai leid\u017eia laikyti smulkius daiktus ir daiktus, kuri\u0173 neb\u016btinai reikia eksponuoti. Laminuotas knyg\u0173 lentynos pavir\u0161ius yra atsparesnis \u012fbr\u0117\u017eimams ir temperat\u016bros poky\u010diams, tod\u0117l baldai ilgiau i\u0161laiko savo kokyb\u0119. Tai ypa\u010d svarbu vaik\u0173 ir paaugli\u0173 kambariuose, kur baldai yra intensyviai naudojami. Platus spalv\u0173 pasirinkimas: \u201eNepo Plus\u201c knyg\u0173 lentyn\u0105 galite rinktis i\u0161 \u012fvairi\u0173 spalv\u0173 variant\u0173, tod\u0117l gal\u0117site j\u0105 priderinti prie savo kambario interjero. Galimos spalv\u0173 parinktys leid\u017eia sukurti stiling\u0105 i\u0161d\u0117stym\u0105, atspindint\u012f individualius pageidavimus. Horizontalios rankenos leid\u017eia lengvai atidaryti ir u\u017edaryti stal\u010dius, u\u017etikrinant patogi\u0105 prieig\u0105 prie laikom\u0173 daikt\u0173. \u201eNepo Plus\u201c knyg\u0173 lentyn\u0105 galima derinti su kitais kolekcijos elementais, sukuriant funkcional\u0173 interjer\u0105, palank\u0173 mokymuisi, \u017eaidimams ir poilsiui. Baldus galite pritaikyti pagal savo vaiko poreikius, sukurdami erdv\u0119, kuri atitikt\u0173 jo reikalavimus. Trumpai tariant, \u201eNepo Plus\u201c knyg\u0173 lentyna yra ne tik daikt\u0173 laikymo vieta, bet ir dizaino elementas, leid\u017eiantis eksponuoti m\u0117gstamas knygas ir dekoracijas. Patvari konstrukcija, spalv\u0173 \u012fvairov\u0117 ir funkcionalumas daro j\u0105 puikiu pasirinkimu jaunimo kambariui. Derindami j\u0105 su kitais \u201eNepo Plus\u201c kolekcijos elementais, galite sukurti darn\u0173 ir funkcional\u0173 interjer\u0105, kuris skatins j\u016bs\u0173 vaiko mokym\u0105si, k\u016brybi\u0161kum\u0105 ir atsipalaidavim\u0105.<\/p>\n<p>Prek\u0117s kodas S435-REG2S\/40-BI\/DSO Simbolis ZM EAN Plotis 40 cm Gylis 34 cm Auk\u0161tis 197 cm Kolekcija Nepo Plus Spalva balta\/sonoma \u0105\u017euolas Gaubtas \u0161viesios medienos Stilius modernus Dureli\u0173 skai\u010dius be dureli\u0173 Stal\u010di\u0173 skai\u010dius 2 stal\u010diai Rankena su rankenomis Gamintojas Juoda Raudona Balta Bald\u0173 tipas Lentynos ir vitrinos PVM mokestis 23% EAN 5906123949934<\/p>","protected":false},"excerpt":{"rendered":"<p>\u201eNepo Plus\u201c knyg\u0173 spinta \u2013 knyg\u0173 spinta paauglio kambariui. \u201eNepo Plus\u201c kolekcija yra puikus pasirinkimas paauglio kambariui, kurioje dera estetika, kokyb\u0117 ir funkcionalumas. \u201eNepo Plus\u201c knyg\u0173 spinta yra puikus sprendimas, jei ie\u0161kote vietos knygoms ir kitiems daiktams laikyti, i\u0161laikant privatum\u0105 ir tvark\u0105. \u0160i knyg\u0173 lentyna si\u016blo [\u2026]<\/p>","protected":false},"featured_media":264433,"comment_status":"open","ping_status":"open","template":"","meta":[],"product_brand":[],"product_cat":[9200,1987],"product_tag":[],"class_list":{"0":"post-264432","1":"product","2":"type-product","3":"status-publish","4":"has-post-thumbnail","6":"product_cat-black-red-white","7":"product_cat-shelving-units","9":"first","10":"instock","11":"purchasable","12":"product-type-simple"},"_links":{"self":[{"href":"https:\/\/baldumarket.lt\/lt\/wp-json\/wp\/v2\/product\/264432","targetHints":{"allow":["GET"]}}],"collection":[{"href":"https:\/\/baldumarket.lt\/lt\/wp-json\/wp\/v2\/product"}],"about":[{"href":"https:\/\/baldumarket.lt\/lt\/wp-json\/wp\/v2\/types\/product"}],"replies":[{"embeddable":true,"href":"https:\/\/baldumarket.lt\/lt\/wp-json\/wp\/v2\/comments?post=264432"}],"wp:featuredmedia":[{"embeddable":true,"href":"https:\/\/baldumarket.lt\/lt\/wp-json\/wp\/v2\/media\/264433"}],"wp:attachment":[{"href":"https:\/\/baldumarket.lt\/lt\/wp-json\/wp\/v2\/media?parent=264432"}],"wp:term":[{"taxonomy":"product_brand","embeddable":true,"href":"https:\/\/baldumarket.lt\/lt\/wp-json\/wp\/v2\/product_brand?post=264432"},{"taxonomy":"product_cat","embeddable":true,"href":"https:\/\/baldumarket.lt\/lt\/wp-json\/wp\/v2\/product_cat?post=264432"},{"taxonomy":"product_tag","embeddable":true,"href":"https:\/\/baldumarket.lt\/lt\/wp-json\/wp\/v2\/product_tag?post=264432"}],"curies":[{"name":"wp","href":"https:\/\/api.w.org\/{rel}","templated":true}]}}