{"id":264420,"date":"2026-01-13T23:54:24","date_gmt":"2026-01-13T20:54:24","guid":{"rendered":"https:\/\/baldumarket.lt\/product\/regal-otwarty-z-dwoma-szufladami-lara-60-cm-jesion-belarus\/"},"modified":"2026-02-11T18:18:49","modified_gmt":"2026-02-11T15:18:49","slug":"regal-otwarty-z-dwoma-szufladami-lara-60-cm-jesion-belarus","status":"publish","type":"product","link":"https:\/\/baldumarket.lt\/lt\/product\/regal-otwarty-z-dwoma-szufladami-lara-60-cm-jesion-belarus\/","title":{"rendered":"Atvira lentyna su dviem stal\u010diais LARA 60 cm Baltarusijos uosis"},"content":{"rendered":"<p>Knyg\u0173 spinta \u201eLara\u201c \u2013 vieta knyg\u0173 lentynai. Projektuojant paauglio kambar\u012f, labai svarb\u0173 vaidmen\u012f atlieka formos paprastumas, didelis funkcionalumas ir estetika. Bald\u0173 kolekcija \u201eLara\u201c puikiai atitinka \u0161iuos kriterijus ir prad\u017eiugins paauglius, kuriems patinka i\u0161reik\u0161ti savo asmenyb\u0119 originaliais akcentais. Knyg\u0173 spinta \u201eLara\u201c puikiai tinka kaip nam\u0173 biblioteka, puikiai tinkanti mokykliniams vadov\u0117liams, \u017eodynams ir naujausiai skaitymo med\u017eiagai laikyti. Ma\u017eesn\u0117se lentynose galima laikyti tokius nieku\u010dius kaip \u017evak\u0117s, keramin\u0117s fig\u016br\u0117l\u0117s ar konkurs\u0173 apdovanojimai. Unikali Baltarusijos uosio apdaila suteikia interjerui nat\u016bralumo, atspindin\u010dio nat\u016brali\u0105 medienos tekst\u016br\u0105. Juodos aplikacijos kra\u0161tuose ir prakti\u0161kos juodos rankenos puo\u0161ia knyg\u0173 lentyn\u0105 ir suteikia jai lofto stiliaus charakter\u012f. \u0160velnaus u\u017edarymo b\u0117geliai leid\u017eia tyliai ir skland\u017eiai atidaryti ir u\u017edaryti knyg\u0173 lentyn\u0173 fasadus, taip padidinant kasdienio naudojimo komfort\u0105. Fasadai beveik tyliai u\u017esidaro prie r\u0117mo, o tai dar labiau pagerina bald\u0173 kokyb\u0119. Atviras lentynas \u201eLara\u201c galima derinti su kitais \u201eLara\u201c jaunimo kolekcijos elementais, tod\u0117l paauglio kambaryje galite sukurti darn\u0173 ir funkcional\u0173 i\u0161d\u0117stym\u0105. Tai leid\u017eia sukurti harmoning\u0105 erdv\u0119, kuri atitikt\u0173 ir praktinius poreikius, ir d\u017eiugint\u0173 estetiniu patrauklumu. Trumpai tariant, \u201eLara\u201c lentyn\u0173 sistema yra ne tik vieta knygoms ir kitiems nieku\u010diams laikyti, bet ir dekoratyvinis elementas, suteikiantis charakterio bei stiliaus. U\u017etikrinkite ir funkcionalum\u0105, ir estetik\u0105 paauglio kambaryje pasirinkdami lentyn\u0173 sistem\u0105 i\u0161 \u201eLara\u201c kolekcijos!<\/p>\n<p>Prek\u0117s kodas S463-REG2S-JBE Simbolis ZM EAN Plotis 60 cm Gylis 40 cm Auk\u0161tis 197,5 cm Kolekcija Lara Spalva Baltarusijos uosis Gaubtas \u0161viesi mediena Stilius loft Med\u017eiaga laminatas Dur\u0173 skai\u010dius be dur\u0173 Stal\u010di\u0173 skai\u010dius 2 stal\u010diai Rankena su rankenomis Gamintojas Juoda Raudona Balta Bald\u0173 tipas Lentynos ir vitrinos PVM mokestis 23% EAN 5906123607988<\/p>","protected":false},"excerpt":{"rendered":"<p>Knyg\u0173 lentyna \u201eLara\u201c \u2013 vieta knyg\u0173 lentynai. Projektuojant paauglio kambar\u012f, labai svarbus vaidmuo tenka formos paprastumui, auk\u0161tam funkcionalumui ir estetikai. Bald\u0173 kolekcija \u201eLara\u201c puikiai atitinka \u0161iuos kriterijus ir prad\u017eiugins paauglius, kurie m\u0117gsta i\u0161reik\u0161ti savo asmenyb\u0119 originaliais akcentais. Knyg\u0173 lentyna \u201eLara\u201c puikiai tinka kaip nam\u0173 biblioteka, puikiai tinka [\u2026]<\/p>","protected":false},"featured_media":264421,"comment_status":"open","ping_status":"open","template":"","meta":[],"product_brand":[],"product_cat":[9200,1987],"product_tag":[],"class_list":{"0":"post-264420","1":"product","2":"type-product","3":"status-publish","4":"has-post-thumbnail","6":"product_cat-black-red-white","7":"product_cat-shelving-units","9":"first","10":"instock","11":"purchasable","12":"product-type-simple"},"_links":{"self":[{"href":"https:\/\/baldumarket.lt\/lt\/wp-json\/wp\/v2\/product\/264420","targetHints":{"allow":["GET"]}}],"collection":[{"href":"https:\/\/baldumarket.lt\/lt\/wp-json\/wp\/v2\/product"}],"about":[{"href":"https:\/\/baldumarket.lt\/lt\/wp-json\/wp\/v2\/types\/product"}],"replies":[{"embeddable":true,"href":"https:\/\/baldumarket.lt\/lt\/wp-json\/wp\/v2\/comments?post=264420"}],"wp:featuredmedia":[{"embeddable":true,"href":"https:\/\/baldumarket.lt\/lt\/wp-json\/wp\/v2\/media\/264421"}],"wp:attachment":[{"href":"https:\/\/baldumarket.lt\/lt\/wp-json\/wp\/v2\/media?parent=264420"}],"wp:term":[{"taxonomy":"product_brand","embeddable":true,"href":"https:\/\/baldumarket.lt\/lt\/wp-json\/wp\/v2\/product_brand?post=264420"},{"taxonomy":"product_cat","embeddable":true,"href":"https:\/\/baldumarket.lt\/lt\/wp-json\/wp\/v2\/product_cat?post=264420"},{"taxonomy":"product_tag","embeddable":true,"href":"https:\/\/baldumarket.lt\/lt\/wp-json\/wp\/v2\/product_tag?post=264420"}],"curies":[{"name":"wp","href":"https:\/\/api.w.org\/{rel}","templated":true}]}}