{"id":264416,"date":"2026-01-13T23:54:21","date_gmt":"2026-01-13T20:54:21","guid":{"rendered":"https:\/\/baldumarket.lt\/product\/regal-otwarty-z-dwoma-szufladami-kassel-60-cm-dab-monastery-dab-czarny\/"},"modified":"2026-02-11T18:18:49","modified_gmt":"2026-02-11T15:18:49","slug":"regal-otwarty-z-dwoma-szufladami-kassel-60-cm-dab-monastery-dab-czarny","status":"publish","type":"product","link":"https:\/\/baldumarket.lt\/lt\/product\/regal-otwarty-z-dwoma-szufladami-kassel-60-cm-dab-monastery-dab-czarny\/","title":{"rendered":"Atvira knyg\u0173 lentyna su dviem stal\u010diais KASSEL 60 cm vienuolyno \u0105\u017euolas\/juodas \u0105\u017euolas"},"content":{"rendered":"<p>\u201eKassel\u201c knyg\u0173 spinta \u2013 \u017eavingas knyg\u0173 laikymo sprendimas. \u201eKassel\u201c knyg\u0173 spinta yra unikalus perlas knyg\u0173 myl\u0117tojams ir ne tik. Jei renkate \u012fsp\u016bding\u0105 kolekcij\u0105 arba ie\u0161kote tobulos vietos augalams ar dekoracijoms, \u0161is baldas pateisins j\u016bs\u0173 l\u016bkes\u010dius.<\/p>\n<p>D\u0117l savo universalumo knyg\u0173 lentyna puikiai tiks svetain\u0117je, miegamajame ar biure, efektyviai i\u0161naudodama turim\u0105 erdv\u0119. Ji turi penkis atvirus skyrius ir du prakti\u0161kus stal\u010dius smulkiems daiktams susid\u0117ti.<br \/>\nPaprasta knyg\u0173 lentynos forma puikiai dera su eleganti\u0161ka spalv\u0173 gama \u2013 \u0161ilto \u0105\u017euolo ir stilingo juodo \u0105\u017euolo derinys suteikia jai unikal\u0173 charakter\u012f. \u0160is harmoningas derinys puikiai tinka tiek moderniam, tiek lofto interjerui. Be to, gra\u017ei medienos tekst\u016bra sukuria atmosfer\u0105, palanki\u0105 skaitymui ar ilgiems vakaro pokalbiams.<br \/>\nNepaisant grak\u0161\u010dios formos, knyg\u0173 lentyna dera su kitais \u201eKassel\u201c kolekcijos baldais, tokiais kaip komodos, vitrinos ir spintel\u0117s. Rinkit\u0117s baldus, kurie papildyt\u0173 j\u016bs\u0173 interjer\u0105, ir m\u0117gaukit\u0117s stilinga, darnia i\u0161vaizda.<\/p>\n<p>Prek\u0117s kodas S491-REG2S-DMON\/DCA Simbolis ZM EAN Plotis 60 cm Gylis 41 cm Auk\u0161tis 195 cm Kolekcija Kassel Spalva vienuolyno \u0105\u017euolas\/juodas \u0105\u017euolas Atspalvis tamsi mediena Stilius modernus Med\u017eiaga laminatas Dureli\u0173 skai\u010dius be dureli\u0173 Stal\u010di\u0173 skai\u010dius 2 stal\u010diai Rankena su rankenomis Gamintojas Juoda Raudona Balta Bald\u0173 tipas Lentynos ir vitrinos PVM mokestis 23% EAN 5906123709606<\/p>","protected":false},"excerpt":{"rendered":"<p>\u201eKassel\u201c knyg\u0173 lentyna \u2013 \u017eavingas knyg\u0173 laikymo sprendimas. \u201eKassel\u201c knyg\u0173 lentyna yra unikalus perlas knyg\u0173 myl\u0117tojams ir ne tik. Jei renkate \u012fsp\u016bding\u0105 kolekcij\u0105 arba ie\u0161kote tobulos vietos augalams ar dekoracijoms, \u0161is baldas pateisins j\u016bs\u0173 l\u016bkes\u010dius. D\u0117l savo universalumo knyg\u0173 lentyna puikiai tiks [\u2026]<\/p>","protected":false},"featured_media":264417,"comment_status":"open","ping_status":"open","template":"","meta":[],"product_brand":[],"product_cat":[9200,1987],"product_tag":[],"class_list":{"0":"post-264416","1":"product","2":"type-product","3":"status-publish","4":"has-post-thumbnail","6":"product_cat-black-red-white","7":"product_cat-shelving-units","9":"first","10":"instock","11":"purchasable","12":"product-type-simple"},"_links":{"self":[{"href":"https:\/\/baldumarket.lt\/lt\/wp-json\/wp\/v2\/product\/264416","targetHints":{"allow":["GET"]}}],"collection":[{"href":"https:\/\/baldumarket.lt\/lt\/wp-json\/wp\/v2\/product"}],"about":[{"href":"https:\/\/baldumarket.lt\/lt\/wp-json\/wp\/v2\/types\/product"}],"replies":[{"embeddable":true,"href":"https:\/\/baldumarket.lt\/lt\/wp-json\/wp\/v2\/comments?post=264416"}],"wp:featuredmedia":[{"embeddable":true,"href":"https:\/\/baldumarket.lt\/lt\/wp-json\/wp\/v2\/media\/264417"}],"wp:attachment":[{"href":"https:\/\/baldumarket.lt\/lt\/wp-json\/wp\/v2\/media?parent=264416"}],"wp:term":[{"taxonomy":"product_brand","embeddable":true,"href":"https:\/\/baldumarket.lt\/lt\/wp-json\/wp\/v2\/product_brand?post=264416"},{"taxonomy":"product_cat","embeddable":true,"href":"https:\/\/baldumarket.lt\/lt\/wp-json\/wp\/v2\/product_cat?post=264416"},{"taxonomy":"product_tag","embeddable":true,"href":"https:\/\/baldumarket.lt\/lt\/wp-json\/wp\/v2\/product_tag?post=264416"}],"curies":[{"name":"wp","href":"https:\/\/api.w.org\/{rel}","templated":true}]}}