{"id":264413,"date":"2026-01-13T23:54:18","date_gmt":"2026-01-13T20:54:18","guid":{"rendered":"https:\/\/baldumarket.lt\/product\/regal-otwarty-z-5-polkami-multido-80-cm-jasny-atelier\/"},"modified":"2026-02-11T18:18:49","modified_gmt":"2026-02-11T15:18:49","slug":"regal-otwarty-z-5-polkami-multido-80-cm-jasny-atelier","status":"publish","type":"product","link":"https:\/\/baldumarket.lt\/lt\/product\/regal-otwarty-z-5-polkami-multido-80-cm-jasny-atelier\/","title":{"rendered":"Atvira lentyna su 5 lentynomis MultiDo 80 cm \u0161viesi atelj\u0117"},"content":{"rendered":"<p>\u201cMultiDo\u201c atvira lentyna \u2013 funkcionalumas madingame variante. 80 cm \u201eMultiDo\u201c lentyna \u2013 puikus pasirinkimas tiems, kurie vertina prakti\u0161kus sprendimus ir modern\u0173 dizain\u0105. \u0160is baldas suteikia tvarkos ir estetikos \u012fvairiems kambariams, tokiems kaip biuras, miegamasis, jaunimo kambarys, svetain\u0117 ar valgomasis. D\u0117l savo funkcionalumo \u201eMultiDo\u201c lentyna pad\u0117s sutvarkyti erdv\u0119, suteikdama vietos dokumentams, knygoms, \u017eaislams, mokymo priemon\u0117ms ir suvenyrams. Ypatingos savyb\u0117s: trys spalv\u0173 variantai: \u0161ilta meni\u0161ko \u0105\u017euolo, klasikin\u0117 balta, tamsi grafito ir \u0161viesi lofto stiliaus atelj\u0117, leid\u017eiantys lentyn\u0105 priderinti prie bet kokio interjero, sukuriant darn\u0173 ir mading\u0105 i\u0161d\u0117stym\u0105. Universalus panaudojimas: \u201eMultiDo\u201c lentyna puikiai tiks \u012fvairiuose kambariuose \u2013 nuo biuro ir miegamojo iki jaunimo kambario, svetain\u0117s ar valgomojo, suteikdama esteti\u0161k\u0105 ir prakti\u0161k\u0105 daikt\u0173 laikymo viet\u0105. Modulin\u0117 \u201eMultiDo\u201c sistema: d\u0117l modulini\u0173 sprendim\u0173 galite laisvai konfig\u016bruoti lentyn\u0173 elementus, kurdami originalius i\u0161d\u0117stymus, \u012fskaitant kampinius, kurie puikiai atitiks j\u016bs\u0173 poreikius ir stili\u0173. Papildomos lentynos: kaip papildom\u0105 pried\u0105 galite \u012fsigyti dviej\u0173 lentyn\u0173 komplekt\u0105, kad i\u0161pl\u0117stum\u0117te savo daikt\u0173 laikymo erdv\u0119 ir pritaikytum\u0117te lentyn\u0105 pagal savo poreikius. Santrauka: \u201eMultiDo\u201c lentyna sujungia funkcionalum\u0105 ir modern\u0173 dizain\u0105, kad j\u016bs\u0173 namai tapt\u0173 harmoningi. D\u0117l \u012fvairi\u0173 i\u0161d\u0117stymo galimybi\u0173 ir modulin\u0117s sistemos galite laisvai i\u0161d\u0117styti erdv\u0119, kurdami unikalius i\u0161planavimus. Rinkit\u0117s i\u0161 trij\u0173 mading\u0173 spalv\u0173 variant\u0173 ir m\u0117gaukit\u0117s prakti\u0161ka elegancija, kuri pakeis j\u016bs\u0173 interjer\u0105. Per\u017ei\u016br\u0117kite \u201eMultiDo\u201c sistemos katalog\u0105 ir atraskite visas jos konfig\u016bracijos galimybes.<\/p>\n<p>Prek\u0117s kodas S588-REG\/80\/190\/40-JAT Plotis 80 cm Gylis 40 cm Auk\u0161tis 195 cm Kolekcija MultiDo Spalva \u0161viesi atelj\u0117 Atspalvis pilka Stilius modernus Med\u017eiaga laminatas Dureli\u0173 skai\u010dius be dur\u0173 Stal\u010di\u0173 skai\u010dius be stal\u010di\u0173 Gamintojas Juoda Raudona Balta Bald\u0173 tipas Lentynos ir vitrinos PVM 23% EAN 5906123125109<\/p>","protected":false},"excerpt":{"rendered":"<p>\u201cMultiDo\u201c atvira lentyna \u2013 funkcionalumas madingame variante. 80 cm \u201eMultiDo\u201c lentyna \u2013 puikus pasirinkimas tiems, kurie vertina prakti\u0161kus sprendimus ir modern\u0173 dizain\u0105. \u0160is baldas suteikia tvarkos ir estetikos \u012fvairiems kambariams, pavyzd\u017eiui, biurui, miegamajam, jaunimo kambariui, svetainei ar valgomajam. D\u0117l savo funkcionalumo [\u2026]<\/p>","protected":false},"featured_media":264414,"comment_status":"open","ping_status":"open","template":"","meta":[],"product_brand":[],"product_cat":[9200,1987],"product_tag":[],"class_list":{"0":"post-264413","1":"product","2":"type-product","3":"status-publish","4":"has-post-thumbnail","6":"product_cat-black-red-white","7":"product_cat-shelving-units","9":"first","10":"instock","11":"purchasable","12":"product-type-simple"},"_links":{"self":[{"href":"https:\/\/baldumarket.lt\/lt\/wp-json\/wp\/v2\/product\/264413","targetHints":{"allow":["GET"]}}],"collection":[{"href":"https:\/\/baldumarket.lt\/lt\/wp-json\/wp\/v2\/product"}],"about":[{"href":"https:\/\/baldumarket.lt\/lt\/wp-json\/wp\/v2\/types\/product"}],"replies":[{"embeddable":true,"href":"https:\/\/baldumarket.lt\/lt\/wp-json\/wp\/v2\/comments?post=264413"}],"wp:featuredmedia":[{"embeddable":true,"href":"https:\/\/baldumarket.lt\/lt\/wp-json\/wp\/v2\/media\/264414"}],"wp:attachment":[{"href":"https:\/\/baldumarket.lt\/lt\/wp-json\/wp\/v2\/media?parent=264413"}],"wp:term":[{"taxonomy":"product_brand","embeddable":true,"href":"https:\/\/baldumarket.lt\/lt\/wp-json\/wp\/v2\/product_brand?post=264413"},{"taxonomy":"product_cat","embeddable":true,"href":"https:\/\/baldumarket.lt\/lt\/wp-json\/wp\/v2\/product_cat?post=264413"},{"taxonomy":"product_tag","embeddable":true,"href":"https:\/\/baldumarket.lt\/lt\/wp-json\/wp\/v2\/product_tag?post=264413"}],"curies":[{"name":"wp","href":"https:\/\/api.w.org\/{rel}","templated":true}]}}