{"id":264329,"date":"2026-01-13T23:53:07","date_gmt":"2026-01-13T20:53:07","guid":{"rendered":"https:\/\/baldumarket.lt\/product\/regal-otwarty-z-5-polkami-milly-80x199-cm-bialy\/"},"modified":"2026-02-11T18:18:50","modified_gmt":"2026-02-11T15:18:50","slug":"regal-otwarty-z-5-polkami-milly-80x199-cm-bialy","status":"publish","type":"product","link":"https:\/\/baldumarket.lt\/lt\/product\/regal-otwarty-z-5-polkami-milly-80x199-cm-bialy\/","title":{"rendered":"Milly atvira lentyna su 5 lentynomis, 80\u00d7199 cm, balta"},"content":{"rendered":"<p>\u201eMilly\u201c knyg\u0173 lentyna \u2013 charakteringa nam\u0173 biblioteka. Dizainas ir funkcionalumas. \u201eMilly\u201c knyg\u0173 lentyna \u2013 puikus sprendimas tiems, kurie vertina tvark\u0105, estetik\u0105 ir patogum\u0105. D\u0117l plono dizaino, kurio matmenys \u2013 80 x 28 x 199,2 cm, ji puikiai tinka net ma\u017eose erdv\u0117se \u2013 nuo svetain\u0117s iki nam\u0173 biuro. Atviras dizainas su penkiomis erdviomis lentynomis leid\u017eia eksponuoti knygas, dekoracijas, nuotrauk\u0173 r\u0117melius ar atminimo daikt\u0173 kolekcij\u0105, i\u0161laikant vizualin\u0119 tvark\u0105. Trys spalv\u0173 variantai \u2013 balta, grafito ir meni\u0161ko \u0105\u017euolo \u2013 \u201eMilly\u201c knyg\u0173 lentyna lengvai priderins j\u0105 prie j\u016bs\u0173 interjero stiliaus. Minimalistinis dizainas papildo modern\u0173, skandinavi\u0161k\u0105 ir klasikin\u012f interjerus, suteikdamas erdvei funkcionalumo ir lengvumo. Specialios savyb\u0117s: Matmenys: 80 x 28 x 199,2 cm \u2013 auk\u0161ta, bet siaura knyg\u0173 lentyna; 5 atviros lentynos \u2013 daug vietos knygoms ir dekoracijoms; Spalva: balta; Universalus stilius \u2013 puikiai tinka biurui, svetainei ar jaunimo kambariui; Funkcionalus ir kompakti\u0161kas \u2013 palaiko tvark\u0105 neprarandant estetikos. Santrauka: \u201eMilly\u201c knyg\u0173 lentyna yra prakti\u0161kas, dekoratyvus baldas \u2013 puikiai tinka tiek daiktams laikyti, tiek eksponuoti. Nepriklausomai nuo pasirinktos spalv\u0173 schemos, ji bus darnus bet kokio modernaus interjero elementas.<\/p>\n<p>Prek\u0117s kodas SOF\/REG-MILLY-80\/199\/28-BI Plotis 80 cm Gylis 28 cm Auk\u0161tis 199,2 cm Kolekcija Milly Spalva balta Atspalvis baltas Stilius modernus Med\u017eiaga laminatas Gamintojas Juoda Raudona Balta Bald\u0173 tipas Lentynos ir vitrinos PVM 23% EAN 5906123122894<\/p>","protected":false},"excerpt":{"rendered":"<p>\u201eMilly\u201c knyg\u0173 lentyna \u2013 charakteringa nam\u0173 biblioteka. Dizainas ir funkcionalumas. \u201eMilly\u201c knyg\u0173 lentyna \u2013 puikus sprendimas tiems, kurie vertina tvark\u0105, estetik\u0105 ir patogum\u0105. D\u0117l plono dizaino, kurio matmenys \u2013 80 x 28 x 199,2 cm, ji puikiai tinka net ma\u017eose erdv\u0117se \u2013 nuo svetain\u0117s iki nam\u0173 biuro. Atviras dizainas su [\u2026]<\/p>","protected":false},"featured_media":264330,"comment_status":"open","ping_status":"open","template":"","meta":[],"product_brand":[],"product_cat":[9200,1987],"product_tag":[],"class_list":{"0":"post-264329","1":"product","2":"type-product","3":"status-publish","4":"has-post-thumbnail","6":"product_cat-black-red-white","7":"product_cat-shelving-units","9":"first","10":"instock","11":"purchasable","12":"product-type-simple"},"_links":{"self":[{"href":"https:\/\/baldumarket.lt\/lt\/wp-json\/wp\/v2\/product\/264329","targetHints":{"allow":["GET"]}}],"collection":[{"href":"https:\/\/baldumarket.lt\/lt\/wp-json\/wp\/v2\/product"}],"about":[{"href":"https:\/\/baldumarket.lt\/lt\/wp-json\/wp\/v2\/types\/product"}],"replies":[{"embeddable":true,"href":"https:\/\/baldumarket.lt\/lt\/wp-json\/wp\/v2\/comments?post=264329"}],"wp:featuredmedia":[{"embeddable":true,"href":"https:\/\/baldumarket.lt\/lt\/wp-json\/wp\/v2\/media\/264330"}],"wp:attachment":[{"href":"https:\/\/baldumarket.lt\/lt\/wp-json\/wp\/v2\/media?parent=264329"}],"wp:term":[{"taxonomy":"product_brand","embeddable":true,"href":"https:\/\/baldumarket.lt\/lt\/wp-json\/wp\/v2\/product_brand?post=264329"},{"taxonomy":"product_cat","embeddable":true,"href":"https:\/\/baldumarket.lt\/lt\/wp-json\/wp\/v2\/product_cat?post=264329"},{"taxonomy":"product_tag","embeddable":true,"href":"https:\/\/baldumarket.lt\/lt\/wp-json\/wp\/v2\/product_tag?post=264329"}],"curies":[{"name":"wp","href":"https:\/\/api.w.org\/{rel}","templated":true}]}}