{"id":264183,"date":"2026-01-13T23:50:55","date_gmt":"2026-01-13T20:50:55","guid":{"rendered":"https:\/\/baldumarket.lt\/product\/regal-otwarty-z-2-polkami-multido-45-cm-grafitowy\/"},"modified":"2026-02-11T18:18:52","modified_gmt":"2026-02-11T15:18:52","slug":"regal-otwarty-z-2-polkami-multido-45-cm-grafitowy","status":"publish","type":"product","link":"https:\/\/baldumarket.lt\/lt\/product\/regal-otwarty-z-2-polkami-multido-45-cm-grafitowy\/","title":{"rendered":"Atvira lentyna su 2 lentynomis MultiDo 45 cm grafito spalvos"},"content":{"rendered":"<p>\u201cMultiDo\u201c atvira lentyna \u2013 funkcionalumas madingame variante. 45 cm \u201eMultiDo\u201c lentyna \u2013 puikus pasirinkimas \u017emon\u0117ms, vertinantiems prakti\u0161kus sprendimus ir modern\u0173 dizain\u0105. \u0160is baldas suteikia tvarkos ir estetikos \u012fvairiems kambariams, pavyzd\u017eiui, biurui, miegamajam, jaunimo kambariui, svetainei ar valgomajam. D\u0117l savo funkcionalumo \u201eMultiDo\u201c lentyna pad\u0117s sutvarkyti erdv\u0119, suteikdama vietos dokumentams, knygoms, \u017eaislams, mokymo priemon\u0117ms ir suvenyrams. Ypatingos savyb\u0117s: trys spalv\u0173 variantai: \u0161iltas meni\u0161kas \u0105\u017euolas, klasikin\u0117 balta ir tamsi grafito, kurie leid\u017eia priderinti lentyn\u0105 prie bet kokio interjero, sukuriant darn\u0173 ir mading\u0105 i\u0161d\u0117stym\u0105. Universalus panaudojimas: \u201eMultiDo\u201c lentyna puikiai tiks \u012fvairiuose kambariuose \u2013 nuo biuro ir miegamojo iki jaunimo kambario, svetain\u0117s ar valgomojo, suteikdama esteti\u0161k\u0105 ir prakti\u0161k\u0105 viet\u0105 daiktams laikyti. Lankstus i\u0161d\u0117stymas: lentyn\u0105 galite pastatyti ant grind\u0173, ant stalvir\u0161io arba pakabinti ant sienos, taip sutaupydami vertingos vietos ir sukurdami unikalius i\u0161d\u0117stymus. Modulin\u0117 \u201eMultiDo\u201c sistema: d\u0117l modulini\u0173 sprendim\u0173 galite laisvai konfig\u016bruoti elementus. \u201eMultiDo\u201c lentyn\u0173 blokas derina funkcionalum\u0105 ir modern\u0173 dizain\u0105, kad sukurt\u0173 unikalius i\u0161d\u0117stymus, \u012fskaitant kampinius blokus, kurie puikiai atitiks j\u016bs\u0173 poreikius ir gyvenimo b\u016bd\u0105. Papildomos lentynos: Kaip papildom\u0105 variant\u0105 galite \u012fsigyti dviej\u0173 lentyn\u0173 komplekt\u0105, kad i\u0161pl\u0117stum\u0117te savo daikt\u0173 laikymo erdv\u0119 ir pritaikytum\u0117te lentyn\u0173 blok\u0105 pagal savo poreikius. Santrauka: \u201eMultiDo\u201c lentyn\u0173 blokas derina funkcionalum\u0105 ir modern\u0173 dizain\u0105, kad j\u016bs\u0173 namai tapt\u0173 harmonijos objektais. D\u0117l \u012fvairi\u0173 i\u0161d\u0117stymo galimybi\u0173 ir modulin\u0117s sistemos galite laisvai i\u0161d\u0117styti erdv\u0119, kurdami unikalius i\u0161d\u0117stymus. Rinkit\u0117s i\u0161 trij\u0173 mading\u0173 spalv\u0173 variant\u0173 ir m\u0117gaukit\u0117s prakti\u0161ka elegancija, kuri pakeis j\u016bs\u0173 interjer\u0105. Per\u017ei\u016br\u0117kite \u201eMultiDo\u201c sistemos katalog\u0105 ir atraskite visas jos konfig\u016bravimo galimybes.<\/p>\n<p>Prek\u0117s kodas S588-REG\/45\/80\/40-GF Plotis 45 cm Gylis 40 cm Auk\u0161tis 83 cm Kolekcija MultiDo Spalva grafito Grafito atspalvis Stilius modernus Med\u017eiaga laminatas Dureli\u0173 skai\u010dius be dur\u0173 Stal\u010di\u0173 skai\u010dius be stal\u010di\u0173 Gamintojas Juoda Raudona Balta Bald\u0173 tipas Lentynos ir vitrinos PVM mokestis 23% EAN 5905918062155<\/p>","protected":false},"excerpt":{"rendered":"<p>\u201cMultiDo\u201c atvira lentyna \u2013 funkcionalumas madingame variante. 45 cm \u201eMultiDo\u201c lentyna \u2013 puikus pasirinkimas \u017emon\u0117ms, vertinantiems prakti\u0161kus sprendimus ir modern\u0173 dizain\u0105. \u0160is baldas suteikia tvarkos ir estetikos \u012fvairiems kambariams, pavyzd\u017eiui, biurui, miegamajam, jaunimo kambariui, svetainei ar valgomajam. D\u0117l savo funkcionalumo [\u2026]<\/p>","protected":false},"featured_media":264184,"comment_status":"open","ping_status":"open","template":"","meta":[],"product_brand":[],"product_cat":[9200,1987],"product_tag":[],"class_list":{"0":"post-264183","1":"product","2":"type-product","3":"status-publish","4":"has-post-thumbnail","6":"product_cat-black-red-white","7":"product_cat-shelving-units","9":"first","10":"instock","11":"product-type-simple"},"_links":{"self":[{"href":"https:\/\/baldumarket.lt\/lt\/wp-json\/wp\/v2\/product\/264183","targetHints":{"allow":["GET"]}}],"collection":[{"href":"https:\/\/baldumarket.lt\/lt\/wp-json\/wp\/v2\/product"}],"about":[{"href":"https:\/\/baldumarket.lt\/lt\/wp-json\/wp\/v2\/types\/product"}],"replies":[{"embeddable":true,"href":"https:\/\/baldumarket.lt\/lt\/wp-json\/wp\/v2\/comments?post=264183"}],"wp:featuredmedia":[{"embeddable":true,"href":"https:\/\/baldumarket.lt\/lt\/wp-json\/wp\/v2\/media\/264184"}],"wp:attachment":[{"href":"https:\/\/baldumarket.lt\/lt\/wp-json\/wp\/v2\/media?parent=264183"}],"wp:term":[{"taxonomy":"product_brand","embeddable":true,"href":"https:\/\/baldumarket.lt\/lt\/wp-json\/wp\/v2\/product_brand?post=264183"},{"taxonomy":"product_cat","embeddable":true,"href":"https:\/\/baldumarket.lt\/lt\/wp-json\/wp\/v2\/product_cat?post=264183"},{"taxonomy":"product_tag","embeddable":true,"href":"https:\/\/baldumarket.lt\/lt\/wp-json\/wp\/v2\/product_tag?post=264183"}],"curies":[{"name":"wp","href":"https:\/\/api.w.org\/{rel}","templated":true}]}}