{"id":264132,"date":"2026-01-13T23:50:10","date_gmt":"2026-01-13T20:50:10","guid":{"rendered":"https:\/\/baldumarket.lt\/product\/regal-otwarty-wysoki-tetrix-875-cm-kaszmir\/"},"modified":"2026-02-11T18:18:52","modified_gmt":"2026-02-11T15:18:52","slug":"regal-otwarty-wysoki-tetrix-875-cm-kaszmir","status":"publish","type":"product","link":"https:\/\/baldumarket.lt\/lt\/product\/regal-otwarty-wysoki-tetrix-875-cm-kaszmir\/","title":{"rendered":"TETRIX auk\u0161ta atvira lentyna 87,5 cm ka\u0161myras"},"content":{"rendered":"<p>\u2019Tetrix\u201c lentyna \u2013 stilinga daikt\u0173 laikymo sistema su moderniu prieskoniu. \u201eTetrix\u201c kolekcija skirta tiems, kurie vertina unikal\u0173 dizain\u0105, funkcionalius sprendimus ir nauj\u0105 po\u017ei\u016br\u012f \u012f interjero dizain\u0105. Nesenstan\u010di\u0173 spalv\u0173, \u012fskaitant eleganti\u0161k\u0105 ka\u0161myr\u0105, ir moderni\u0173 form\u0173 derinys paver\u010dia \u201eTetrix\u201c baldus puikiai tinkan\u010diais paaugli\u0173 kambariams, miegamiesiems ar svetain\u0117ms \u2013 sukuriant erdv\u0119, kuri \u012fkvepia kiekvien\u0105 dien\u0105. Funkcionalumas ir konfig\u016bracija: \u201eTetrix\u201c lentyna buvo sukurta atsi\u017evelgiant \u012f \u012fvairius naudotoj\u0173 poreikius. Tai puikus sprendimas knygoms, dokumentams ar \u012fvairi\u0173 dyd\u017ei\u0173 dekoracijoms laikyti. Unikal\u016bs matmenys ir lentyn\u0173 i\u0161d\u0117stymas leid\u017eia patraukliai eksponuoti m\u0117gstamus daiktus, i\u0161laikant tvark\u0105 interjere. Geometrin\u0117 forma suteikia lentynai modern\u0173 vaizd\u0105, net kai ji pilna iki kra\u0161t\u0173. Pagrindinis lentynos privalumas yra tas, kad j\u0105 galima pastatyti tiek vertikaliai, tiek horizontaliai, atveriant pla\u010dias i\u0161d\u0117stymo galimybes. Ji puikiai tinka net ir ma\u017eoms erdv\u0117ms \u2013 galite j\u0105 pastatyti u\u017e kampo kaip prakti\u0161k\u0105 daikt\u0173 laikymo viet\u0105, negai\u0161dami vertingos vietos. Specialios savyb\u0117s: Matmenys: 197 x 33,5 x 90 cm Spalva: Ka\u0161myro 12 atvir\u0173 netaisykling\u0173 form\u0173 skyri\u0173 Galima i\u0161d\u0117styti vertikaliai arba horizontaliai Geometrinis dizainas su unikaliu charakteriu Laminuota plok\u0161t\u0117, atspari kasdieniam naudojimui Puikiai tinka knygoms, dekoracijoms ir dokumentams Taupo viet\u0105 \u2013 puikiai tinka laikyti kampuose Modernus dizainas, kuris dera su \u012fvairiais i\u0161d\u0117stymais Dera su kitais \u201eTetrix\u201c kolekcijos elementais Apibendrinimas \u201eTetrix\u201c lentyn\u0173 blokas si\u016blo modernios formos, didel\u0117s talpos ir unikali\u0173 i\u0161d\u0117stymo galimybi\u0173 derin\u012f. D\u0117l netaisykling\u0173 skyri\u0173 ir eleganti\u0161kos ka\u0161myro spalvos jis puikiai papildys bet koki\u0105 moderni\u0105 erdv\u0119 \u2013 nuo paauglio kambario iki svetain\u0117s.<\/p>\n<p>Prek\u0117s kodas S442-REG\/197\/90-UKA Plotis 87,5 cm Gylis 33,5 cm Auk\u0161tis 197,5 cm Kolekcija \u201eTetrix\u201c Spalva ka\u0161myro Atspalvis sm\u0117lio Stilius modernus Med\u017eiaga laminatas Dureli\u0173 skai\u010dius be dur\u0173 Stal\u010di\u0173 skai\u010dius be stal\u010di\u0173 Gamintojas Juoda Raudona Balta Bald\u0173 tipas Lentynos ir vitrinos PVM mokestis 23% EAN 5906123128674<\/p>","protected":false},"excerpt":{"rendered":"<p>\u2019Tetrix\u201c lentyna \u2013 stilinga daikt\u0173 laikymo sistema su moderniu prieskoniu. \u201eTetrix\u201c kolekcija skirta tiems, kurie vertina unikal\u0173 dizain\u0105, funkcionalius sprendimus ir nauj\u0105 po\u017ei\u016br\u012f \u012f interjero dizain\u0105. Nesenstan\u010di\u0173 spalv\u0173, \u012fskaitant eleganti\u0161k\u0105 ka\u0161myr\u0105, ir moderni\u0173 form\u0173 derinys paver\u010dia \u201eTetrix\u201c baldus puikiai tinkan\u010diais paaugli\u0173 kambariams, miegamiesiems ar svetain\u0117ms \u2013 sukuriant [\u2026]<\/p>","protected":false},"featured_media":264133,"comment_status":"open","ping_status":"open","template":"","meta":[],"product_brand":[],"product_cat":[9200,1987],"product_tag":[],"class_list":{"0":"post-264132","1":"product","2":"type-product","3":"status-publish","4":"has-post-thumbnail","6":"product_cat-black-red-white","7":"product_cat-shelving-units","9":"first","10":"instock","11":"purchasable","12":"product-type-simple"},"_links":{"self":[{"href":"https:\/\/baldumarket.lt\/lt\/wp-json\/wp\/v2\/product\/264132","targetHints":{"allow":["GET"]}}],"collection":[{"href":"https:\/\/baldumarket.lt\/lt\/wp-json\/wp\/v2\/product"}],"about":[{"href":"https:\/\/baldumarket.lt\/lt\/wp-json\/wp\/v2\/types\/product"}],"replies":[{"embeddable":true,"href":"https:\/\/baldumarket.lt\/lt\/wp-json\/wp\/v2\/comments?post=264132"}],"wp:featuredmedia":[{"embeddable":true,"href":"https:\/\/baldumarket.lt\/lt\/wp-json\/wp\/v2\/media\/264133"}],"wp:attachment":[{"href":"https:\/\/baldumarket.lt\/lt\/wp-json\/wp\/v2\/media?parent=264132"}],"wp:term":[{"taxonomy":"product_brand","embeddable":true,"href":"https:\/\/baldumarket.lt\/lt\/wp-json\/wp\/v2\/product_brand?post=264132"},{"taxonomy":"product_cat","embeddable":true,"href":"https:\/\/baldumarket.lt\/lt\/wp-json\/wp\/v2\/product_cat?post=264132"},{"taxonomy":"product_tag","embeddable":true,"href":"https:\/\/baldumarket.lt\/lt\/wp-json\/wp\/v2\/product_tag?post=264132"}],"curies":[{"name":"wp","href":"https:\/\/api.w.org\/{rel}","templated":true}]}}