{"id":264123,"date":"2026-01-13T23:50:01","date_gmt":"2026-01-13T20:50:01","guid":{"rendered":"https:\/\/baldumarket.lt\/product\/regal-otwarty-wysoki-tetrix-875-cm-bialy-polysk\/"},"modified":"2026-02-11T18:18:52","modified_gmt":"2026-02-11T15:18:52","slug":"regal-otwarty-wysoki-tetrix-875-cm-bialy-polysk","status":"publish","type":"product","link":"https:\/\/baldumarket.lt\/lt\/product\/regal-otwarty-wysoki-tetrix-875-cm-bialy-polysk\/","title":{"rendered":"TETRIX auk\u0161ta atvira lentyna 87,5 cm balta blizgi"},"content":{"rendered":"<p>\u201eTetrix\u201c knyg\u0173 spinta \u2013 stilinga saugykla. Jei vertinate i\u0161skirtin\u012f dizain\u0105, funkcionalum\u0105 ir modernius interjero sprendimus, \u201eTetrix\u201c kolekcija gali pateisinti j\u016bs\u0173 l\u016bkes\u010dius. \u0160ios linijos baldai derina eleganti\u0161kas spalvas su moderniu stiliumi, kurdami interjerus, kurie \u017eavi savo forma ir funkcionalumu. \u201eTetrix\u201c knyg\u0173 spinta \u2013 puikus b\u016bdas originaliai laikyti knygas, dokumentus ar dekoracijas. D\u0117l nestandartini\u0173 lentyn\u0173 form\u0173 ir dyd\u017ei\u0173 \u0161i knyg\u0173 spinta atrodo ne\u012ftik\u0117tinai patraukliai, nepriklausomai nuo to, k\u0105 ant jos pastatysite. Spintel\u0117 yra pakankamai erdvi, kad joje tilpt\u0173 didel\u0117 knyg\u0173 kolekcija ir eksponuoti papuo\u0161alus, vazas ar suvenyrus. Universalus dizainas leid\u017eia j\u0105 pastatyti tiek vertikaliai, tiek horizontaliai, o tai dar labiau padidina i\u0161d\u0117stymo lankstum\u0105. \u201eTetrix\u201c knyg\u0173 spinta taip pat puikiai tinka ma\u017eoms svetain\u0117ms, kur svarbus kiekvienas erdv\u0117s centimetras. Knyg\u0173 lentynos matmenys yra 197 x 33,5 x 90 cm, j\u0105 sudaro 12 atvir\u0173, netaisyklingos formos skyri\u0173. Ji si\u016bloma trij\u0173 spalv\u0173: blizgios baltos, Sonoma \u0105\u017euolo ir Wotan \u0105\u017euolo. Galite pasirinkti spalv\u0105, kuri der\u0117s prie likusios \u201eTetrix\u201c kolekcijos, sukurdami darn\u0173 ir harmoning\u0105 i\u0161d\u0117stym\u0105. Atraskite, k\u0105 dar gali pasi\u016blyti \u201eTetrix\u201c kolekcija, ap\u017ei\u016br\u0117dami kitus miegamojo ir svetain\u0117s baldus. Su \u0161iais baldais sukursite ne tik stulbinant\u012f, bet ir prakti\u0161k\u0105 bei funkcional\u0173 interjer\u0105.<\/p>\n<p>Prek\u0117s kodas S442-REG\/197\/90-BIP Simbolis ZM EAN Plotis 87,5 cm Gylis 33,5 cm Auk\u0161tis 197,5 cm Kolekcija Tetrix Spalva balta blizgi Atspalvis balta Stilius modernus Dureli\u0173 skai\u010dius be dur\u0173 Stal\u010di\u0173 skai\u010dius be stal\u010di\u0173 Gamintojas Juoda Raudona Balta Bald\u0173 tipas Lentynos ir vitrinos PVM mokestis 23% EAN 5906123606677<\/p>","protected":false},"excerpt":{"rendered":"<p>\u201eTetrix\u201c knyg\u0173 spinta \u2013 stilinga saugykla. Jei vertinate i\u0161skirtin\u012f dizain\u0105, funkcionalum\u0105 ir modernius interjero sprendimus, \u201eTetrix\u201c kolekcija gali pateisinti j\u016bs\u0173 l\u016bkes\u010dius. \u0160ios linijos baldai derina eleganti\u0161kas spalvas su moderniu stiliumi, kurdami interjerus, kurie \u017eavi savo forma ir funkcionalumu. \u201eTetrix\u201c knyg\u0173 spinta \u2013 puikus b\u016bdas laikyti knygas, dokumentus, [\u2026]<\/p>","protected":false},"featured_media":264124,"comment_status":"open","ping_status":"open","template":"","meta":[],"product_brand":[],"product_cat":[9200,1987],"product_tag":[],"class_list":{"0":"post-264123","1":"product","2":"type-product","3":"status-publish","4":"has-post-thumbnail","6":"product_cat-black-red-white","7":"product_cat-shelving-units","9":"first","10":"instock","11":"purchasable","12":"product-type-simple"},"_links":{"self":[{"href":"https:\/\/baldumarket.lt\/lt\/wp-json\/wp\/v2\/product\/264123","targetHints":{"allow":["GET"]}}],"collection":[{"href":"https:\/\/baldumarket.lt\/lt\/wp-json\/wp\/v2\/product"}],"about":[{"href":"https:\/\/baldumarket.lt\/lt\/wp-json\/wp\/v2\/types\/product"}],"replies":[{"embeddable":true,"href":"https:\/\/baldumarket.lt\/lt\/wp-json\/wp\/v2\/comments?post=264123"}],"wp:featuredmedia":[{"embeddable":true,"href":"https:\/\/baldumarket.lt\/lt\/wp-json\/wp\/v2\/media\/264124"}],"wp:attachment":[{"href":"https:\/\/baldumarket.lt\/lt\/wp-json\/wp\/v2\/media?parent=264123"}],"wp:term":[{"taxonomy":"product_brand","embeddable":true,"href":"https:\/\/baldumarket.lt\/lt\/wp-json\/wp\/v2\/product_brand?post=264123"},{"taxonomy":"product_cat","embeddable":true,"href":"https:\/\/baldumarket.lt\/lt\/wp-json\/wp\/v2\/product_cat?post=264123"},{"taxonomy":"product_tag","embeddable":true,"href":"https:\/\/baldumarket.lt\/lt\/wp-json\/wp\/v2\/product_tag?post=264123"}],"curies":[{"name":"wp","href":"https:\/\/api.w.org\/{rel}","templated":true}]}}