{"id":264120,"date":"2026-01-13T23:49:58","date_gmt":"2026-01-13T20:49:58","guid":{"rendered":"https:\/\/baldumarket.lt\/product\/regal-otwarty-wysoki-romance-76-cm-modrzew-sibiu-jasny-dab-sanremo-jasny\/"},"modified":"2026-02-11T18:18:52","modified_gmt":"2026-02-11T15:18:52","slug":"regal-otwarty-wysoki-romance-76-cm-modrzew-sibiu-jasny-dab-sanremo-jasny","status":"publish","type":"product","link":"https:\/\/baldumarket.lt\/lt\/product\/regal-otwarty-wysoki-romance-76-cm-modrzew-sibiu-jasny-dab-sanremo-jasny\/","title":{"rendered":"ROMANCE auk\u0161ta atvira lentyna 76 cm \u0161viesi Sibiu maumedis\/\u0161viesus San Remo \u0105\u017euolas"},"content":{"rendered":"<p>Romance knyg\u0173 lentyna \u2013 demonstruokite tai, ko norite. Projektuojant namus, ypa\u010d biur\u0105 ar jaunimo kambar\u012f, Romance knyg\u0173 lentyna yra nepakei\u010diamas elementas. Paprastas dizainas, tvirti \u0161onai ir harmoninga spalv\u0173 gama leis sukurti ne tik funkcional\u0173, bet ir stiling\u0105 interjer\u0105. Auk\u0161ta Romance knyg\u0173 lentyna \u2013 puiki vieta laikyti knygas, vadov\u0117lius, dokumentus, taip pat eksponuoti dekoracijas, statul\u0117les ar kelioni\u0173 suvenyrus. Dekoratyviniuose konteineriuose galite laikyti smulkius daiktus, tokius kaip laidus ar i\u0161orinius diskus, i\u0161laikydami tvark\u0105. Keturios prakti\u0161kos lentynos leid\u017eia \u012fvairiai i\u0161d\u0117styti daiktus. Knyg\u0173 lentynos spalv\u0173 palet\u0117 yra tikras kolekcijos privalumas. \u0160viesus Sibiu maumed\u017eio korpusas puikiai dera su v\u0117siu San Remo \u0105\u017euolo stalvir\u0161iu, atspind\u0117damas skandinavi\u0161k\u0105 stili\u0173, vertinam\u0105 d\u0117l ramyb\u0117s, harmonijos ir subtilios elegancijos. 80 \u00d7 200 cm lentyna si\u016blo daug vietos viskam, ko jums reikia. Derindami Romance lentyn\u0105 su kitais kolekcijos elementais, galite sukurti darn\u0173 ir funkcional\u0173 svetain\u0117s, jaunimo kambario ar biuro i\u0161d\u0117stym\u0105. Derinkite \u012fvairius modulius, kad sukurtum\u0117te ergonomi\u0161k\u0105 ir esteti\u0161kai patraukli\u0105 erdv\u0119, atspindin\u010di\u0105 j\u016bs\u0173 gyvenimo b\u016bd\u0105.<\/p>\n<p>Prek\u0117s kodas S516-REG\/20\/8-MSJ\/DSAJ Simbolis ZM EAN Plotis 76 cm Gylis 38 cm Auk\u0161tis 202 cm Kolekcija Romantika Spalva \u0161viesi Sibiu maumedis\/\u0161viesi San Remo \u0105\u017euolas Gaubtas \u0161viesi mediena Stilius modernus Med\u017eiaga laminatas Dureli\u0173 skai\u010dius be dur\u0173 Stal\u010di\u0173 skai\u010dius be stal\u010di\u0173 Gamintojas Juoda Raudona Balta Bald\u0173 tipas Lentynos ir vitrinos PVM mokestis 23% EAN 5906123812993<\/p>","protected":false},"excerpt":{"rendered":"<p>Romance knyg\u0173 lentyna \u2013 demonstruokite tai, ko norite. Projektuojant namus, ypa\u010d biur\u0105 ar jaunimo kambar\u012f, Romance knyg\u0173 lentyna yra nepakei\u010diamas elementas. Paprastas dizainas, tvirti \u0161onai ir harmoninga spalv\u0173 gama leis sukurti ne tik funkcional\u0173, bet ir stiling\u0105 interjer\u0105. Auk\u0161ta Romance knyg\u0173 lentyna puikiai tinka [\u2026]<\/p>","protected":false},"featured_media":264121,"comment_status":"open","ping_status":"open","template":"","meta":[],"product_brand":[],"product_cat":[9200,1987],"product_tag":[],"class_list":{"0":"post-264120","1":"product","2":"type-product","3":"status-publish","4":"has-post-thumbnail","6":"product_cat-black-red-white","7":"product_cat-shelving-units","9":"first","10":"instock","11":"purchasable","12":"product-type-simple"},"_links":{"self":[{"href":"https:\/\/baldumarket.lt\/lt\/wp-json\/wp\/v2\/product\/264120","targetHints":{"allow":["GET"]}}],"collection":[{"href":"https:\/\/baldumarket.lt\/lt\/wp-json\/wp\/v2\/product"}],"about":[{"href":"https:\/\/baldumarket.lt\/lt\/wp-json\/wp\/v2\/types\/product"}],"replies":[{"embeddable":true,"href":"https:\/\/baldumarket.lt\/lt\/wp-json\/wp\/v2\/comments?post=264120"}],"wp:featuredmedia":[{"embeddable":true,"href":"https:\/\/baldumarket.lt\/lt\/wp-json\/wp\/v2\/media\/264121"}],"wp:attachment":[{"href":"https:\/\/baldumarket.lt\/lt\/wp-json\/wp\/v2\/media?parent=264120"}],"wp:term":[{"taxonomy":"product_brand","embeddable":true,"href":"https:\/\/baldumarket.lt\/lt\/wp-json\/wp\/v2\/product_brand?post=264120"},{"taxonomy":"product_cat","embeddable":true,"href":"https:\/\/baldumarket.lt\/lt\/wp-json\/wp\/v2\/product_cat?post=264120"},{"taxonomy":"product_tag","embeddable":true,"href":"https:\/\/baldumarket.lt\/lt\/wp-json\/wp\/v2\/product_tag?post=264120"}],"curies":[{"name":"wp","href":"https:\/\/api.w.org\/{rel}","templated":true}]}}