{"id":264117,"date":"2026-01-13T23:49:53","date_gmt":"2026-01-13T20:49:53","guid":{"rendered":"https:\/\/baldumarket.lt\/product\/regal-otwarty-wysoki-nepo-plus-77-cm-dab-sonoma\/"},"modified":"2026-02-11T18:18:53","modified_gmt":"2026-02-11T15:18:53","slug":"regal-otwarty-wysoki-nepo-plus-77-cm-dab-sonoma","status":"publish","type":"product","link":"https:\/\/baldumarket.lt\/lt\/product\/regal-otwarty-wysoki-nepo-plus-77-cm-dab-sonoma\/","title":{"rendered":"NEPO PLUS auk\u0161ta atvira lentyna 77 cm, Sonoma \u0105\u017euolas"},"content":{"rendered":"<p>\u201eNepo Plus\u201c atvira lentyna \u2013 unikali ekspozicija ir daikt\u0173 laikymas. Jei ie\u0161kote bald\u0173, kurie ne tik efektyviai eksponuot\u0173 j\u016bs\u0173 knygas ir dekoracijas, bet ir skland\u017eiai \u012fsiliet\u0173 \u012f modern\u0173 interjer\u0105, \u201eNepo Plus\u201c lentyna yra atsakymas \u012f j\u016bs\u0173 poreikius. \u0160tai kod\u0117l tur\u0117tum\u0117te apsvarstyti \u0161\u012f unikal\u0173 bald\u0105: \u201eNepo Plus\u201c lentyn\u0105 sudaro de\u0161imt kvadratini\u0173 lentyn\u0173, sukurian\u010di\u0173 unikal\u0173 ir original\u0173 dizain\u0105. Tai ne \u0161iaip eilin\u0117 lentyn\u0173 sistema \u2013 tai tikra j\u016bs\u0173 knyg\u0173, kolekcij\u0173 ir dekoracij\u0173 vitrina. Ji leid\u017eia sukurti patraukl\u0173 akcent\u0105 j\u016bs\u0173 interjere. Jaukios erdv\u0117s paslaptis \u2013 subalansuotas dizainas. Paprastos \u201eNepo Plus\u201c lentynos formos ir dr\u0105sus r\u0117mas suteikia elegancijos ir charakterio bet kokiam interjerui. \u0160is baldas i\u0161siskiria ne tik savo funkcionalumu, bet ir estetika. D\u0117l pla\u010dios spalv\u0173 palet\u0117s galite pritaikyti lentyn\u0105 pagal individualius poreikius ir interjero charakter\u012f. Galite rinktis i\u0161 \u012fvairi\u0173 atspalvi\u0173 ir derinti j\u0105 su kitais \u201eBlack Red White\u201c kolekcijos elementais, sukurdami darnias kompozicijas. Baldus lengva surinkti, o prid\u0117tos nuoseklios instrukcijos leid\u017eia lengvai surinkti patys. Tai rei\u0161kia, kad savo nauj\u0105ja \u201eNepo Plus\u201c lentyn\u0173 sistema gal\u0117site m\u0117gautis akimirksniu. \u201eNepo Plus\u201c kolekcija derina modern\u0173 dizain\u0105 ir funkcionalum\u0105. D\u0117l \u012fvairi\u0173 kolekcijos element\u0173 galite prakti\u0161kai ir stilingai \u012frengti \u012fvairius kambarius, tokius kaip jaunimo kambarys, svetain\u0117, biuras ar prie\u0161kambaris. \u201eNepo Plus\u201c lentyn\u0173 sistema yra universalus baldas, kuris gali rasti savo viet\u0105 daugelyje j\u016bs\u0173 nam\u0173 zon\u0173. Trumpai tariant, \u201eNepo Plus\u201c lentyn\u0173 sistema yra ne tik daikt\u0173 laikymo vieta; tai tikras dekoratyvinis elementas. Originalus dizainas, modern\u016bs ra\u0161tai, \u012fvairi spalv\u0173 palet\u0117 ir funkcionalumas daro j\u0105 puikiu pasirinkimu modernaus ir funkcionalaus interjero m\u0117g\u0117jams. \u0160is baldas ne tik palengvina organizavim\u0105, bet ir suteikia j\u016bs\u0173 interjerui charakterio bei stiliaus. Tod\u0117l verta apsvarstyti \u201eNepo Plus\u201c lentyn\u0173 sistem\u0105, kad sukurtum\u0117te unikali\u0105 erdv\u0119 savo namuose.<\/p>\n<p>Prek\u0117s kodas S435-REG\/19\/8-DSO Simbolis ZM EAN Plotis 77 cm Gylis 38,5 cm Auk\u0161tis 182 cm Kolekcija Nepo Plus Spalva sonoma \u0105\u017euolas Atspalvis \u0161viesus medis Stilius modernus Dur\u0173 skai\u010dius be dur\u0173 Stal\u010di\u0173 skai\u010dius be stal\u010di\u0173 Gamintojas Juoda Raudona Balta Bald\u0173 tipas Lentynos ir vitrinos PVM mokestis 23% EAN 5906123949484<\/p>","protected":false},"excerpt":{"rendered":"<p>\u201eNepo Plus\u201c atvira lentyna \u2013 unikali ekspozicija ir daikt\u0173 laikymas. Jei ie\u0161kote bald\u0173, kurie ne tik efektyviai eksponuot\u0173 j\u016bs\u0173 knygas ir dekoracijas, bet ir skland\u017eiai der\u0117t\u0173 prie modernaus interjero, \u201eNepo Plus\u201c lentyna yra atsakymas \u012f j\u016bs\u0173 poreikius. \u0160tai kod\u0117l tur\u0117tum\u0117te apsvarstyti \u0161\u012f unikal\u0173 bald\u0105: \u201eNepo Plus\u201c lentyn\u0105 sudaro [\u2026]<\/p>","protected":false},"featured_media":264118,"comment_status":"open","ping_status":"open","template":"","meta":[],"product_brand":[],"product_cat":[9200,1987],"product_tag":[],"class_list":{"0":"post-264117","1":"product","2":"type-product","3":"status-publish","4":"has-post-thumbnail","6":"product_cat-black-red-white","7":"product_cat-shelving-units","9":"first","10":"instock","11":"purchasable","12":"product-type-simple"},"_links":{"self":[{"href":"https:\/\/baldumarket.lt\/lt\/wp-json\/wp\/v2\/product\/264117","targetHints":{"allow":["GET"]}}],"collection":[{"href":"https:\/\/baldumarket.lt\/lt\/wp-json\/wp\/v2\/product"}],"about":[{"href":"https:\/\/baldumarket.lt\/lt\/wp-json\/wp\/v2\/types\/product"}],"replies":[{"embeddable":true,"href":"https:\/\/baldumarket.lt\/lt\/wp-json\/wp\/v2\/comments?post=264117"}],"wp:featuredmedia":[{"embeddable":true,"href":"https:\/\/baldumarket.lt\/lt\/wp-json\/wp\/v2\/media\/264118"}],"wp:attachment":[{"href":"https:\/\/baldumarket.lt\/lt\/wp-json\/wp\/v2\/media?parent=264117"}],"wp:term":[{"taxonomy":"product_brand","embeddable":true,"href":"https:\/\/baldumarket.lt\/lt\/wp-json\/wp\/v2\/product_brand?post=264117"},{"taxonomy":"product_cat","embeddable":true,"href":"https:\/\/baldumarket.lt\/lt\/wp-json\/wp\/v2\/product_cat?post=264117"},{"taxonomy":"product_tag","embeddable":true,"href":"https:\/\/baldumarket.lt\/lt\/wp-json\/wp\/v2\/product_tag?post=264117"}],"curies":[{"name":"wp","href":"https:\/\/api.w.org\/{rel}","templated":true}]}}