{"id":264111,"date":"2026-01-13T23:49:48","date_gmt":"2026-01-13T20:49:48","guid":{"rendered":"https:\/\/baldumarket.lt\/product\/regal-otwarty-szafka-multido-80-cm-jasny-atelier\/"},"modified":"2026-02-11T18:18:53","modified_gmt":"2026-02-11T15:18:53","slug":"regal-otwarty-szafka-multido-80-cm-jasny-atelier","status":"publish","type":"product","link":"https:\/\/baldumarket.lt\/lt\/product\/regal-otwarty-szafka-multido-80-cm-jasny-atelier\/","title":{"rendered":"Atvira lentyna \u201eMultiDo\u201c spintel\u0117, 80 cm, \u0161viesi atelj\u0117"},"content":{"rendered":"<p>\u201eMultiDo\u201c atvira lentyna \u2013 paprastas b\u016bdas palaikyti tvark\u0105 namuose. 80 cm \u201eMultiDo\u201c lentyna yra funkcionalus ir universalus baldas, puikiai tiksiantis \u012fvairiuose kambariuose, tokiuose kaip biuras, miegamasis ar vaik\u0173 kambarys. D\u0117l kompakti\u0161ko dizaino ir prakti\u0161k\u0173 sprendim\u0173 ji pad\u0117s sutvarkyti erdv\u0119 ir \u012fvesti tvark\u0105, nepriklausomai nuo to, k\u0105 joje norite laikyti \u2013 nuo knyg\u0173 ir dokument\u0173 iki drabu\u017ei\u0173 ir \u017eaisl\u0173. Specialios savyb\u0117s: Kompakti\u0161kas ir funkcionalus dizainas: puikiai tinka ma\u017eesn\u0117ms patalpoms, tokioms kaip biuras, miegamasis ar vaik\u0173 kambarys, nes joje galima laikyti \u012fvairius daiktus. Stabilus stalvir\u0161is: leid\u017eia efektyviai eksponuoti dekoracijas, tokias kaip augalai, lempos ar nuotrauk\u0173 r\u0117meliai, suteikiant interjerui estetin\u012f akcent\u0105. Lankstus i\u0161d\u0117stymas: lentyn\u0105 galima pastatyti ant grind\u0173, ant stalvir\u0161io arba pakabinti ant sienos d\u0117l reguliuojam\u0173 pakab\u0173, tod\u0117l optimaliai i\u0161naudojama erdv\u0117, nepriklausomai nuo kambario dyd\u017eio. Modulin\u0117 \u201eMultiDo\u201c sistema: lentyna yra pla\u010dios modulin\u0117s sistemos, leid\u017eian\u010dios laisvai konfig\u016bruoti elementus, dalis, kurios d\u0117ka galite sukurti tobulus i\u0161d\u0117stymus, pritaikytus j\u016bs\u0173 poreikiams. Trys nesenstan\u010dios versijos. Spalvos: rinkit\u0117s balt\u0105, grafito arba dirbtinio \u0105\u017euolo spalv\u0105 \u2013 taip lentyn\u0105 puikiai priderinsite prie savo interjero stiliaus. Papildomos lentynos: kaip papildom\u0105 variant\u0105 galite \u012fsigyti dviej\u0173 lentyn\u0173 komplekt\u0105, kurio d\u0117ka gal\u0117site i\u0161pl\u0117sti savo daikt\u0173 laikymo erdv\u0119 ir pritaikyti lentyn\u0105 pagal savo poreikius. Santrauka: Atvira \u201eMultiDo\u201c lentyna \u2013 puikus b\u016bdas palaikyti tvark\u0105 namuose. Nesvarbu, ar jums reikia papildomos vietos knygoms darbo kambaryje, drabu\u017ei\u0173 laikymo vietos miegamajame, ar \u017eaisl\u0173 organizavimo vaiko kambaryje, \u0161is universalus baldas bus tobulas. D\u0117l lanks\u010di\u0173 i\u0161d\u0117stymo galimybi\u0173 ir \u012fvairi\u0173 konfig\u016bravimo galimybi\u0173 \u201eMultiDo\u201c modulin\u0117je sistemoje galite lengvai susikurti puikiai organizuot\u0105 erdv\u0119, pritaikyt\u0105 j\u016bs\u0173 stiliui ir poreikiams. Per\u017ei\u016br\u0117kite \u201eMultiDo\u201c sistemos katalog\u0105 ir atraskite visas jos konfig\u016bravimo galimybes.<\/p>\n<p>Prek\u0117s kodas S588-REG\/80\/30\/40-JAT Plotis 80 cm Gylis 40 cm Auk\u0161tis 35 cm Kolekcija MultiDo Spalva \u0161viesi atelj\u0117 Atspalvis pilka Stilius modernus Med\u017eiaga laminatas Dureli\u0173 skai\u010dius be dur\u0173 Stal\u010di\u0173 skai\u010dius be stal\u010di\u0173 Gamintojas Juoda Raudona Balta Bald\u0173 tipas Lentynos ir vitrinos PVM 23% EAN 5906123125123<\/p>","protected":false},"excerpt":{"rendered":"<p>\u201eMultiDo\u201c atvira lentyna \u2013 paprastas b\u016bdas palaikyti tvark\u0105 namuose. 80 cm \u201eMultiDo\u201c lentyna yra funkcionalus ir universalus baldas, puikiai tiksiantis \u012fvairiuose kambariuose, tokiuose kaip biuras, miegamasis ar vaik\u0173 kambarys. D\u0117l kompakti\u0161ko dizaino ir prakti\u0161k\u0173 sprendim\u0173 ji pad\u0117s jums susitvarkyti [\u2026]<\/p>","protected":false},"featured_media":264112,"comment_status":"open","ping_status":"open","template":"","meta":[],"product_brand":[],"product_cat":[9200,1987],"product_tag":[],"class_list":{"0":"post-264111","1":"product","2":"type-product","3":"status-publish","4":"has-post-thumbnail","6":"product_cat-black-red-white","7":"product_cat-shelving-units","9":"first","10":"instock","11":"purchasable","12":"product-type-simple"},"_links":{"self":[{"href":"https:\/\/baldumarket.lt\/lt\/wp-json\/wp\/v2\/product\/264111","targetHints":{"allow":["GET"]}}],"collection":[{"href":"https:\/\/baldumarket.lt\/lt\/wp-json\/wp\/v2\/product"}],"about":[{"href":"https:\/\/baldumarket.lt\/lt\/wp-json\/wp\/v2\/types\/product"}],"replies":[{"embeddable":true,"href":"https:\/\/baldumarket.lt\/lt\/wp-json\/wp\/v2\/comments?post=264111"}],"wp:featuredmedia":[{"embeddable":true,"href":"https:\/\/baldumarket.lt\/lt\/wp-json\/wp\/v2\/media\/264112"}],"wp:attachment":[{"href":"https:\/\/baldumarket.lt\/lt\/wp-json\/wp\/v2\/media?parent=264111"}],"wp:term":[{"taxonomy":"product_brand","embeddable":true,"href":"https:\/\/baldumarket.lt\/lt\/wp-json\/wp\/v2\/product_brand?post=264111"},{"taxonomy":"product_cat","embeddable":true,"href":"https:\/\/baldumarket.lt\/lt\/wp-json\/wp\/v2\/product_cat?post=264111"},{"taxonomy":"product_tag","embeddable":true,"href":"https:\/\/baldumarket.lt\/lt\/wp-json\/wp\/v2\/product_tag?post=264111"}],"curies":[{"name":"wp","href":"https:\/\/api.w.org\/{rel}","templated":true}]}}