{"id":264017,"date":"2026-01-13T23:48:26","date_gmt":"2026-01-13T20:48:26","guid":{"rendered":"https:\/\/baldumarket.lt\/product\/regal-otwarty-system-64-kubik-dab-evoke\/"},"modified":"2026-02-11T18:18:54","modified_gmt":"2026-02-11T15:18:54","slug":"regal-otwarty-system-64-kubik-dab-evoke","status":"publish","type":"product","link":"https:\/\/baldumarket.lt\/lt\/product\/regal-otwarty-system-64-kubik-dab-evoke\/","title":{"rendered":"Atvir\u0173 lentyn\u0173 sistema 64 kubo formos \u0105\u017euolo spalvos, \u201eEvoke\u201c"},"content":{"rendered":"<p>\u201eSystem 64\u201c kubin\u0117 atvira lentyna \u2013 modulinis interjeras pagal j\u016bs\u0173 stili\u0173. \u201eSystem 64\u201c kolekcija \u2013 tai modernus modulini\u0173 bald\u0173 komplektas, kurio plotis \u2013 64 cm, o auk\u0161tis \u2013 32 arba 64 cm. Vis\u0173 element\u0173 gylis \u2013 35 cm, tod\u0117l juos galima laisvai derinti \u012f komodas, knyg\u0173 lentynas, vitrinas ar televizoriaus staliukus. Modulius galima sud\u0117ti atskirai, pakabinti ant sienos arba sud\u0117ti vienas ant kito, sukuriant harmoningas kompozicijas. \u201eSystem 64\u201c yra trij\u0173 spalv\u0173 \u2013 baltos, \u0105\u017euolo ir grafito \u2013 tod\u0117l baldai gali papildyti \u012fvairius interjero stilius. Be to, pasirinktos vitrinos gali b\u016bti apr\u016bpintos LED ap\u0161vietimu, o 64, 128 ir 192 cm ilgio stalvir\u0161iai leid\u017eia sukurti darnius, eleganti\u0161kus komplektus. Funkcionalumas ir konfig\u016bracija: \u201eSystem 64\u201c kubin\u0117 atvira lentyna yra modernus ir prakti\u0161kas baldas, kuris bet kokiam interjerui suteikia lengvumo, tvarkos ir stiliaus. 64 x 32 x 33 cm matmenys ir maksimali 10 kg apkrova daro lentyn\u0105 idealiai tinkan\u010di\u0105 svetainei, biurui, miegamajam, prie\u0161kambariui ar vaik\u0173 kambariui. Atviras dizainas suteikia lengv\u0105 prieig\u0105 prie laikom\u0173 daikt\u0173 ir puikiai eksponuoja knygas, dekoracijas ar \u017eaislus. Patvari med\u017eio dro\u017eli\u0173 plok\u0161t\u0117s konstrukcija u\u017etikrina stabilum\u0105 ir ilgaam\u017ei\u0161kum\u0105, o tiksli apdaila suteikia lentynai esteti\u0161k\u0105 i\u0161vaizd\u0105 i\u0161 bet kurio kampo. D\u0117l modulin\u0117s konstrukcijos j\u0105 galite naudoti kaip vien\u0105 vienet\u0105 arba derinti su kitais \u201eSystem 64\u201c moduliais, sukurdami funkcionalius ir stilingus i\u0161d\u0117stymus. Specialios savyb\u0117s: matmenys: 64 x 32 x 33 cm, atvira konstrukcija, u\u017etikrinanti greit\u0105 prieig\u0105 prie turinio, maksimali apkrova: 10 kg, vientisa med\u017eio dro\u017eli\u0173 plok\u0161t\u0117, u\u017etikrinanti patvarum\u0105 ir stabilum\u0105, esteti\u0161ka apdaila, matoma i\u0161 vis\u0173 pusi\u0173, galimos spalvos: balta, \u201eEvoke Oak\u201c, grafito, galima montuoti: stovint arba pakabinant, lengvai derinama su kitais \u201eSystem 64\u201c moduliais, lengvas, modernus dizainas, papildantis \u012fvairius i\u0161d\u0117stymus, pridedami sieniniai tvirtinimo elementai, spalva: \u201eCoast Evoke Oak\u201c. Santrauka: \u201eSystem 64\u201c atvira kubo formos lentyna yra funkcionalus ir stilingas modulis, kur\u012f galima pritaikyti bet kurioje erdv\u0117je. Jis puikiai derina moderni\u0105 form\u0105 su prakti\u0161kumu, leisdamas sukurti darn\u0173, organizuot\u0105 interjer\u0105 pasirinkta spalva.<\/p>\n<p>Prek\u0117s kodas S707-SFK_A-DCE Plotis 64 cm Gylis 33 cm Auk\u0161tis 32 cm Surinkimo sistema 64 Spalva pakrant\u0117s \u0105\u017euolo imitacija Atspalvis \u0161viesus medis Stilius modernus Med\u017eiaga laminatas Dureli\u0173 skai\u010dius be dur\u0173 Stal\u010di\u0173 skai\u010dius be stal\u010di\u0173 Gamintojas Juoda Raudona Balta Bald\u0173 tipas Lentynos ir vitrinos PVM mokestis 23% EAN 5906123128070<\/p>","protected":false},"excerpt":{"rendered":"<p>\u201eSystem 64\u201c kubin\u0117 atvira lentyna \u2013 modulinis interjeras pagal j\u016bs\u0173 stili\u0173. \u201eSystem 64\u201c kolekcija \u2013 tai modernus modulini\u0173 bald\u0173 komplektas, kurio plotis \u2013 64 cm, o auk\u0161tis \u2013 32 arba 64 cm. Vis\u0173 element\u0173 gylis \u2013 35 cm, tod\u0117l juos galima laisvai derinti \u012f komodas, knyg\u0173 lentynas, vitrinas ar televizoriaus staliukus. [\u2026]<\/p>","protected":false},"featured_media":264018,"comment_status":"open","ping_status":"open","template":"","meta":[],"product_brand":[],"product_cat":[9200,1987],"product_tag":[],"class_list":{"0":"post-264017","1":"product","2":"type-product","3":"status-publish","4":"has-post-thumbnail","6":"product_cat-black-red-white","7":"product_cat-shelving-units","9":"first","10":"instock","11":"purchasable","12":"product-type-simple"},"_links":{"self":[{"href":"https:\/\/baldumarket.lt\/lt\/wp-json\/wp\/v2\/product\/264017","targetHints":{"allow":["GET"]}}],"collection":[{"href":"https:\/\/baldumarket.lt\/lt\/wp-json\/wp\/v2\/product"}],"about":[{"href":"https:\/\/baldumarket.lt\/lt\/wp-json\/wp\/v2\/types\/product"}],"replies":[{"embeddable":true,"href":"https:\/\/baldumarket.lt\/lt\/wp-json\/wp\/v2\/comments?post=264017"}],"wp:featuredmedia":[{"embeddable":true,"href":"https:\/\/baldumarket.lt\/lt\/wp-json\/wp\/v2\/media\/264018"}],"wp:attachment":[{"href":"https:\/\/baldumarket.lt\/lt\/wp-json\/wp\/v2\/media?parent=264017"}],"wp:term":[{"taxonomy":"product_brand","embeddable":true,"href":"https:\/\/baldumarket.lt\/lt\/wp-json\/wp\/v2\/product_brand?post=264017"},{"taxonomy":"product_cat","embeddable":true,"href":"https:\/\/baldumarket.lt\/lt\/wp-json\/wp\/v2\/product_cat?post=264017"},{"taxonomy":"product_tag","embeddable":true,"href":"https:\/\/baldumarket.lt\/lt\/wp-json\/wp\/v2\/product_tag?post=264017"}],"curies":[{"name":"wp","href":"https:\/\/api.w.org\/{rel}","templated":true}]}}