{"id":264005,"date":"2026-01-13T23:48:16","date_gmt":"2026-01-13T20:48:16","guid":{"rendered":"https:\/\/baldumarket.lt\/product\/regal-otwarty-space-office-80-cm-dab-artisan\/"},"modified":"2026-02-11T18:18:54","modified_gmt":"2026-02-11T15:18:54","slug":"regal-otwarty-space-office-80-cm-dab-artisan","status":"publish","type":"product","link":"https:\/\/baldumarket.lt\/lt\/product\/regal-otwarty-space-office-80-cm-dab-artisan\/","title":{"rendered":"SPACE OFFICE atvira lentyna, 80 cm, \u0105\u017euolo spalvos"},"content":{"rendered":"<p>SPACE OFFICE biuro lentyna \u2013 stilinga ir funkcionali tvarka. \u0160i tvirtos konstrukcijos ir prakti\u0161ko dizaino biuro lentyn\u0173 sistema yra pagrindinis biuro organizavimo elementas. Auk\u0161ta, siaura forma leid\u017eia efektyviai i\u0161naudoti turim\u0105 erdv\u0119 tiek biuruose, tiek nam\u0173 biuruose ar svetain\u0117se. Penkios erdvios lentynos yra puiki vieta dokumentams, byloms, knygoms ar net asmeniniams suvenyrams eksponuoti. \u0160ios lentynos patvarum\u0105 lemia auk\u0161tos kokyb\u0117s laminuotos plok\u0161t\u0117s naudojimas, kuris garantuoja ilgaam\u017ei\u0161kum\u0105. Atsparumas \u012fbr\u0117\u017eimams u\u017etikrina, kad ji i\u0161laikys estetin\u012f patrauklum\u0105 net ir intensyviai naudojant. Nat\u016brali med\u017eio spalva suteikia jai eleganti\u0161k\u0105 charakter\u012f, tinkant\u012f tiek moderniam, tiek klasikiniam interjerui. Lentynos matmenys (80 x 37 x 202,5 cm) leid\u017eia j\u0105 lengvai pritaikyti \u012fvairioms biuro ar nam\u0173 erdv\u0117s konfig\u016bracijoms. Tai ne tik prakti\u0161kas daikt\u0173 laikymo sprendimas, bet ir stilingas interjero dizaino akcentas.<\/p>\n<p>Prek\u0117s kodas S479-REG\/80\/200-DASN Simbolis ZM EAN Plotis 80 cm Gylis 37 cm Auk\u0161tis 202,5 cm Kolekcija Erdv\u0117 Biuras Spalva meni\u0161kas \u0105\u017euolas Atspalvis \u0161viesi mediena Stilius modernus Med\u017eiaga laminatas Dur\u0173 skai\u010dius be dur\u0173 Stal\u010di\u0173 skai\u010dius be stal\u010di\u0173 Gamintojas Juoda Raudona Balta Bald\u0173 tipas Lentynos ir vitrinos PVM mokestis 23% EAN 5906123707510<\/p>","protected":false},"excerpt":{"rendered":"<p>SPACE OFFICE biuro lentyna \u2013 stilinga ir funkcionali tvarka. \u0160i tvirtos konstrukcijos ir prakti\u0161ko dizaino biuro lentyn\u0173 sistema yra pagrindinis biuro organizavimo elementas. Auk\u0161ta, siaura forma leid\u017eia efektyviai i\u0161naudoti turim\u0105 erdv\u0119 tiek biuruose, tiek nam\u0173 biuruose ar svetain\u0117se. Penkios erdvios lentynos suteikia puiki\u0105 viet\u0105 [\u2026]<\/p>","protected":false},"featured_media":264006,"comment_status":"open","ping_status":"open","template":"","meta":[],"product_brand":[],"product_cat":[9200,1987],"product_tag":[],"class_list":{"0":"post-264005","1":"product","2":"type-product","3":"status-publish","4":"has-post-thumbnail","6":"product_cat-black-red-white","7":"product_cat-shelving-units","9":"first","10":"instock","11":"purchasable","12":"product-type-simple"},"_links":{"self":[{"href":"https:\/\/baldumarket.lt\/lt\/wp-json\/wp\/v2\/product\/264005","targetHints":{"allow":["GET"]}}],"collection":[{"href":"https:\/\/baldumarket.lt\/lt\/wp-json\/wp\/v2\/product"}],"about":[{"href":"https:\/\/baldumarket.lt\/lt\/wp-json\/wp\/v2\/types\/product"}],"replies":[{"embeddable":true,"href":"https:\/\/baldumarket.lt\/lt\/wp-json\/wp\/v2\/comments?post=264005"}],"wp:featuredmedia":[{"embeddable":true,"href":"https:\/\/baldumarket.lt\/lt\/wp-json\/wp\/v2\/media\/264006"}],"wp:attachment":[{"href":"https:\/\/baldumarket.lt\/lt\/wp-json\/wp\/v2\/media?parent=264005"}],"wp:term":[{"taxonomy":"product_brand","embeddable":true,"href":"https:\/\/baldumarket.lt\/lt\/wp-json\/wp\/v2\/product_brand?post=264005"},{"taxonomy":"product_cat","embeddable":true,"href":"https:\/\/baldumarket.lt\/lt\/wp-json\/wp\/v2\/product_cat?post=264005"},{"taxonomy":"product_tag","embeddable":true,"href":"https:\/\/baldumarket.lt\/lt\/wp-json\/wp\/v2\/product_tag?post=264005"}],"curies":[{"name":"wp","href":"https:\/\/api.w.org\/{rel}","templated":true}]}}