{"id":264001,"date":"2026-01-13T23:48:13","date_gmt":"2026-01-13T20:48:13","guid":{"rendered":"https:\/\/baldumarket.lt\/product\/regal-otwarty-space-office-42-cm-dab-artisan\/"},"modified":"2026-02-11T18:18:54","modified_gmt":"2026-02-11T15:18:54","slug":"regal-otwarty-space-office-42-cm-dab-artisan","status":"publish","type":"product","link":"https:\/\/baldumarket.lt\/lt\/product\/regal-otwarty-space-office-42-cm-dab-artisan\/","title":{"rendered":"SPACE OFFICE atvira lentyna, 42 cm, \u0105\u017euolo spalvos"},"content":{"rendered":"<p>SPACE OFFICE laminuotos plok\u0161t\u0117s knyg\u0173 lentyna \u2013 elegancija ir funkcionalumas biurui ir namams. \u0160i moderni, i\u0161skirtinio dizaino knyg\u0173 lentyna yra universalus baldas, puikiai tinkantis biurams, darbo kambariams ir gyvenamosioms erdv\u0117ms, tokioms kaip svetain\u0117s. Klasikinis ir eleganti\u0161kas dizainas paver\u010dia j\u0105 ne tik prakti\u0161ku daikt\u0173 laikymo sprendimu, bet ir dekoratyviniu elementu. Penkios erdvios lentynos suteikia daug vietos byloms, dokumentams, aplankams, taip pat knygoms, albumams ir nam\u0173 dekoracijoms laikyti. Universalus dizainas dera prie \u012fvairi\u0173 interjero dizain\u0173, ypa\u010d minimalistinio, modernaus, skandinavi\u0161ko ir lofto stili\u0173. Knyg\u0173 lentyna pagaminta i\u0161 auk\u0161tos kokyb\u0117s laminuotos plok\u0161t\u0117s, tod\u0117l yra atspari \u012fbr\u0117\u017eimams ir mechaniniams pa\u017eeidimams. Nat\u016brali med\u017eio atspalvio knyg\u0173 lentynos korpuso spalva suteikia estetinio patrauklumo ir \u0161ilumos. 42 x 37 x 202,5 cm matmenys leid\u017eia lentynai b\u016bti funkcionaliai ir lengvai pritaikomai \u012fvairiose erdv\u0117se. Ji puikiai tiks kaip biuro baldas, o namuose ji gali b\u016bti stilingas svetain\u0117s ar biuro papildymas. J\u0105 galite laisvai derinti su kitais mediniais ar pana\u0161ios spalvos baldais, sukurdami darni\u0105 kompozicij\u0105 bet kuriame kambaryje.<\/p>\n<p>Prek\u0117s kodas S479-REG\/200-DASN Simbolis ZM EAN Plotis 42 cm Gylis 37 cm Auk\u0161tis 202,5 cm Kolekcija Erdv\u0117 Biuras Spalva meni\u0161kas \u0105\u017euolas Atspalvis \u0161viesi mediena Stilius modernus Med\u017eiaga laminatas Dur\u0173 skai\u010dius be dur\u0173 Stal\u010di\u0173 skai\u010dius be stal\u010di\u0173 Gamintojas Juoda Raudona Balta Bald\u0173 tipas Lentynos ir vitrinos PVM mokestis 23% EAN 5906123707480<\/p>","protected":false},"excerpt":{"rendered":"<p>SPACE OFFICE laminuotos plok\u0161t\u0117s knyg\u0173 lentyna \u2013 elegancija ir funkcionalumas biurui ir namams. \u0160i moderni, auk\u0161to dizaino knyg\u0173 lentyna yra universalus baldas, puikiai tinkantis biurams, darbo kambariams ir gyvenamosioms erdv\u0117ms, tokioms kaip svetain\u0117s. Klasikinis ir eleganti\u0161kas dizainas paver\u010dia j\u0105 ne tik prakti\u0161ku daikt\u0173 laikymo sprendimu, bet ir [\u2026]<\/p>","protected":false},"featured_media":264002,"comment_status":"open","ping_status":"open","template":"","meta":[],"product_brand":[],"product_cat":[9200,1987],"product_tag":[],"class_list":{"0":"post-264001","1":"product","2":"type-product","3":"status-publish","4":"has-post-thumbnail","6":"product_cat-black-red-white","7":"product_cat-shelving-units","9":"first","10":"instock","11":"purchasable","12":"product-type-simple"},"_links":{"self":[{"href":"https:\/\/baldumarket.lt\/lt\/wp-json\/wp\/v2\/product\/264001","targetHints":{"allow":["GET"]}}],"collection":[{"href":"https:\/\/baldumarket.lt\/lt\/wp-json\/wp\/v2\/product"}],"about":[{"href":"https:\/\/baldumarket.lt\/lt\/wp-json\/wp\/v2\/types\/product"}],"replies":[{"embeddable":true,"href":"https:\/\/baldumarket.lt\/lt\/wp-json\/wp\/v2\/comments?post=264001"}],"wp:featuredmedia":[{"embeddable":true,"href":"https:\/\/baldumarket.lt\/lt\/wp-json\/wp\/v2\/media\/264002"}],"wp:attachment":[{"href":"https:\/\/baldumarket.lt\/lt\/wp-json\/wp\/v2\/media?parent=264001"}],"wp:term":[{"taxonomy":"product_brand","embeddable":true,"href":"https:\/\/baldumarket.lt\/lt\/wp-json\/wp\/v2\/product_brand?post=264001"},{"taxonomy":"product_cat","embeddable":true,"href":"https:\/\/baldumarket.lt\/lt\/wp-json\/wp\/v2\/product_cat?post=264001"},{"taxonomy":"product_tag","embeddable":true,"href":"https:\/\/baldumarket.lt\/lt\/wp-json\/wp\/v2\/product_tag?post=264001"}],"curies":[{"name":"wp","href":"https:\/\/api.w.org\/{rel}","templated":true}]}}