{"id":263993,"date":"2026-01-13T23:48:07","date_gmt":"2026-01-13T20:48:07","guid":{"rendered":"https:\/\/baldumarket.lt\/product\/regal-otwarty-office-lux-80-cm-jasny-szary\/"},"modified":"2026-02-11T18:18:54","modified_gmt":"2026-02-11T15:18:54","slug":"regal-otwarty-office-lux-80-cm-jasny-szary","status":"publish","type":"product","link":"https:\/\/baldumarket.lt\/lt\/product\/regal-otwarty-office-lux-80-cm-jasny-szary\/","title":{"rendered":"OFFICE LUX atvira lentyna, 80 cm, \u0161viesiai pilka"},"content":{"rendered":"<p>Auk\u0161ta knyg\u0173 lentyna \u201eOffice Lux\u201c. \u0160i atvira knyg\u0173 lentyna i\u0161 \u201eOffice Lux\u201c kolekcijos si\u016blo plat\u0173 eksponavimo variant\u0173 pasirinkim\u0105, derindama estetik\u0105 su funkcionalumu, tod\u0117l puikiai tinka moderniems biurams. 79 cm plo\u010dio \u201eOffice Lux\u201c knyg\u0173 lentyna yra b\u016btinas biuro aksesuaras, turintis penkias prakti\u0161kas lentynas dokumentams, knygoms, organizatoriams ir esteti\u0161kai patraukliems dekoracijoms laikyti. \u0160viesiai pilka apdaila puikiai dera prie balt\u0173 sien\u0173 arba sukuria kontrast\u0105 su ry\u0161kesn\u0117mis spalvomis. Knyg\u0173 lentyn\u0105 laiko minimalistin\u0117s chromuotos kojel\u0117s, suteikian\u010dios jai lengvumo ir modernumo.<\/p>\n<p>Su \u201eOffice Lux\u201c kolekcija galite sukurti ergonomi\u0161k\u0105 biuro erdv\u0119, derindami stal\u0105, mobili\u0105 komod\u0105 ir knyg\u0173 lentyn\u0173 komplekt\u0105, taip m\u0117gaudamiesi i\u0161samiu ir esteti\u0161kai patraukliu biuro i\u0161d\u0117stymu.<\/p>\n<p>Prek\u0117s kodas S363-REG\/79\/220-JSZ Simbolis ZM EAN Plotis 79 cm Gylis 35 cm Auk\u0161tis 221,2 cm Kolekcija Office Lux Spalva \u0161viesiai pilka Pilkas atspalvis Stilius modernus Med\u017eiaga laminatas Dureli\u0173 skai\u010dius be dur\u0173 Stal\u010di\u0173 skai\u010dius be stal\u010di\u0173 Gamintojas Juoda Raudona Balta Bald\u0173 tipas Lentynos ir vitrinos PVM mokestis 23% EAN 5906123927116<\/p>","protected":false},"excerpt":{"rendered":"<p>Auk\u0161ta knyg\u0173 lentyna \u201eOffice Lux\u201c. \u0160i atvira knyg\u0173 lentyna i\u0161 \u201eOffice Lux\u201c kolekcijos si\u016blo plat\u0173 eksponavimo variant\u0173 pasirinkim\u0105, derindama estetik\u0105 su funkcionalumu, tod\u0117l puikiai tinka moderniems biurams. 79 cm plo\u010dio \u201eOffice Lux\u201c knyg\u0173 lentyna yra b\u016btinas biuro aksesuaras, turintis penkias prakti\u0161kas lentynas dokumentams, knygoms, organizatoriams ir esteti\u0161kai patraukliems daiktams laikyti. [\u2026]<\/p>","protected":false},"featured_media":263994,"comment_status":"open","ping_status":"open","template":"","meta":[],"product_brand":[],"product_cat":[9200,1987],"product_tag":[],"class_list":{"0":"post-263993","1":"product","2":"type-product","3":"status-publish","4":"has-post-thumbnail","6":"product_cat-black-red-white","7":"product_cat-shelving-units","9":"first","10":"instock","11":"purchasable","12":"product-type-simple"},"_links":{"self":[{"href":"https:\/\/baldumarket.lt\/lt\/wp-json\/wp\/v2\/product\/263993","targetHints":{"allow":["GET"]}}],"collection":[{"href":"https:\/\/baldumarket.lt\/lt\/wp-json\/wp\/v2\/product"}],"about":[{"href":"https:\/\/baldumarket.lt\/lt\/wp-json\/wp\/v2\/types\/product"}],"replies":[{"embeddable":true,"href":"https:\/\/baldumarket.lt\/lt\/wp-json\/wp\/v2\/comments?post=263993"}],"wp:featuredmedia":[{"embeddable":true,"href":"https:\/\/baldumarket.lt\/lt\/wp-json\/wp\/v2\/media\/263994"}],"wp:attachment":[{"href":"https:\/\/baldumarket.lt\/lt\/wp-json\/wp\/v2\/media?parent=263993"}],"wp:term":[{"taxonomy":"product_brand","embeddable":true,"href":"https:\/\/baldumarket.lt\/lt\/wp-json\/wp\/v2\/product_brand?post=263993"},{"taxonomy":"product_cat","embeddable":true,"href":"https:\/\/baldumarket.lt\/lt\/wp-json\/wp\/v2\/product_cat?post=263993"},{"taxonomy":"product_tag","embeddable":true,"href":"https:\/\/baldumarket.lt\/lt\/wp-json\/wp\/v2\/product_tag?post=263993"}],"curies":[{"name":"wp","href":"https:\/\/api.w.org\/{rel}","templated":true}]}}