{"id":263989,"date":"2026-01-13T23:48:04","date_gmt":"2026-01-13T20:48:04","guid":{"rendered":"https:\/\/baldumarket.lt\/product\/regal-otwarty-niski-space-office-80-cm-dab-artisan\/"},"modified":"2026-02-11T18:18:54","modified_gmt":"2026-02-11T15:18:54","slug":"regal-otwarty-niski-space-office-80-cm-dab-artisan","status":"publish","type":"product","link":"https:\/\/baldumarket.lt\/lt\/product\/regal-otwarty-niski-space-office-80-cm-dab-artisan\/","title":{"rendered":"SPACE OFFICE \u017eema atvira lentyna, 80 cm, \u0105\u017euolas"},"content":{"rendered":"<p>SPACE OFFICE biuro lentyna \u2013 tvarkingumas su stilingu prisilietimu. \u0160i prakti\u0161ka ir universali biuro lentyn\u0173 sistema puikiai tinka \u012fvairioms erdv\u0117ms \u2013 nuo biur\u0173 iki nam\u0173 biur\u0173 ir svetaini\u0173. Trys erdvios lentynos suteikia daug vietos dokumentams ir aplankams tvarkyti, taip pat knygoms, albumams ir dekoratyviniams nieku\u010diams namuose laikyti. Funkcionalumo ir modernaus stiliaus derinys daro j\u0105 puikiu pasirinkimu biurams, biurams ir sekretori\u0173 kabinetams. Ta\u010diau d\u0117l savo universalumo ji taip pat puikiai dera prie nam\u0173 interjero, suteikdama erdv\u0117s organizavimui eleganti\u0161k\u0105 akcent\u0105. Lentyn\u0173 sistema pagaminta i\u0161 auk\u0161tos kokyb\u0117s laminuotos plok\u0161t\u0117s, u\u017etikrinan\u010dios patvarum\u0105 ir atsparum\u0105 \u012fbr\u0117\u017eimams. Patraukli nat\u016brali med\u017eio spalva suteikia jai maloni\u0105 i\u0161vaizd\u0105, o matmenys (80 x 37 x 122 cm) leid\u017eia lengvai pritaikyti j\u0105 \u012fvairiuose kambariuose. Bendra i\u0161vaizda yra stilinga ir harmoninga, puikiai dera su kitais biuro baldais, ypa\u010d su pana\u0161aus atspalvio mediena. Erdv\u0117s organizavimas dar niekada nebuvo toks stilingas!<\/p>\n<p>Prek\u0117s kodas S479-REG\/80\/120-DASN Simbolis ZM EAN Plotis 80 cm Gylis 37 cm Auk\u0161tis 122 cm Kolekcija Erdv\u0117 Biuras Spalva meni\u0161kas \u0105\u017euolas Atspalvis \u0161viesi mediena Stilius modernus Med\u017eiaga laminatas Dur\u0173 skai\u010dius be dur\u0173 Stal\u010di\u0173 skai\u010dius be stal\u010di\u0173 Gamintojas Juoda Raudona Balta Bald\u0173 tipas Lentynos ir vitrinos PVM mokestis 23% EAN 5906123707503<\/p>","protected":false},"excerpt":{"rendered":"<p>SPACE OFFICE biuro lentyna \u2013 stilinga tvarka. \u0160i prakti\u0161ka ir universali biuro lentyn\u0173 sistema puikiai tinka \u012fvairioms erdv\u0117ms \u2013 nuo biur\u0173 iki nam\u0173 biur\u0173 ir svetaini\u0173. Trys erdvios lentynos suteikia daug vietos dokumentams ir aplankams tvarkyti, taip pat knygoms, albumams ir dekoratyviniams nieku\u010diams laikyti [\u2026]<\/p>","protected":false},"featured_media":263990,"comment_status":"open","ping_status":"open","template":"","meta":[],"product_brand":[],"product_cat":[9200,1987],"product_tag":[],"class_list":{"0":"post-263989","1":"product","2":"type-product","3":"status-publish","4":"has-post-thumbnail","6":"product_cat-black-red-white","7":"product_cat-shelving-units","9":"first","10":"instock","11":"purchasable","12":"product-type-simple"},"_links":{"self":[{"href":"https:\/\/baldumarket.lt\/lt\/wp-json\/wp\/v2\/product\/263989","targetHints":{"allow":["GET"]}}],"collection":[{"href":"https:\/\/baldumarket.lt\/lt\/wp-json\/wp\/v2\/product"}],"about":[{"href":"https:\/\/baldumarket.lt\/lt\/wp-json\/wp\/v2\/types\/product"}],"replies":[{"embeddable":true,"href":"https:\/\/baldumarket.lt\/lt\/wp-json\/wp\/v2\/comments?post=263989"}],"wp:featuredmedia":[{"embeddable":true,"href":"https:\/\/baldumarket.lt\/lt\/wp-json\/wp\/v2\/media\/263990"}],"wp:attachment":[{"href":"https:\/\/baldumarket.lt\/lt\/wp-json\/wp\/v2\/media?parent=263989"}],"wp:term":[{"taxonomy":"product_brand","embeddable":true,"href":"https:\/\/baldumarket.lt\/lt\/wp-json\/wp\/v2\/product_brand?post=263989"},{"taxonomy":"product_cat","embeddable":true,"href":"https:\/\/baldumarket.lt\/lt\/wp-json\/wp\/v2\/product_cat?post=263989"},{"taxonomy":"product_tag","embeddable":true,"href":"https:\/\/baldumarket.lt\/lt\/wp-json\/wp\/v2\/product_tag?post=263989"}],"curies":[{"name":"wp","href":"https:\/\/api.w.org\/{rel}","templated":true}]}}