{"id":263985,"date":"2026-01-13T23:48:00","date_gmt":"2026-01-13T20:48:00","guid":{"rendered":"https:\/\/baldumarket.lt\/product\/regal-otwarty-niski-space-office-42-cm-dab-artisan\/"},"modified":"2026-02-11T18:18:54","modified_gmt":"2026-02-11T15:18:54","slug":"regal-otwarty-niski-space-office-42-cm-dab-artisan","status":"publish","type":"product","link":"https:\/\/baldumarket.lt\/lt\/product\/regal-otwarty-niski-space-office-42-cm-dab-artisan\/","title":{"rendered":"SPACE OFFICE \u017eema atvira lentyna, 42 cm, \u0105\u017euolas"},"content":{"rendered":"<p>SPACE OFFICE lentyna \u2013 elegancija ir funkcionalumas biure. Biuro lentyna yra ne tik prakti\u0161kas sprendimas dokumentams laikyti, bet ir elementas, suteikiantis biuro erdvei elegancijos bei tvarkos. \u0160i lentyna su trimis erdviomis lentynomis puikiai tinka palaikyti tvark\u0105 biure. Pagaminta vien i\u0161 laminuotos plok\u0161t\u0117s, lentyna yra ne tik esteti\u0161kai patraukli, bet ir patvari bei atspari pa\u017eeidimams. Laminuota plok\u0161t\u0117 garantuoja ilgalaik\u012f naudojim\u0105 ir lengv\u0105 valym\u0105. Nat\u016brali med\u017eio spalva suteikia lentynai modern\u0173 ir universal\u0173 charakter\u012f, pabr\u0117\u017eiant\u012f interjero stili\u0173. Lentynos matmenys \u2013 42 x 37 x 122 cm \u2013 leid\u017eia lengvai pritaikyti j\u0105 \u012fvairioms biuro erdv\u0117ms. Paprastas dizainas puikiai tinka moderniam, minimalistiniam, skandinavi\u0161kam ir lofto stiliaus interjerui. \u0160viesesni lentyn\u0173 atspalviai suteikia bendrai kompozicijai subtilumo ir lengvumo. Biuro lentyna taip pat gali b\u016bti prakti\u0161kas priva\u010di\u0173 nam\u0173 papildymas, ypa\u010d jei siekiate tvarkos ir elegancijos. D\u0117l savo universalumo ji puikiai dera su kitais pana\u0161aus dizaino ir spalv\u0173 gamos biuro baldais, sukurdama darni\u0105 ir esteti\u0161kai patraukli\u0105 erdv\u0119.<\/p>\n<p>Prek\u0117s kodas S479-REG\/120-DASN Simbolis ZM EAN Plotis 42 cm Gylis 37 cm Auk\u0161tis 122 cm Kolekcija Erdv\u0117 Biuras Spalva meni\u0161kas \u0105\u017euolas Atspalvis \u0161viesi mediena Stilius modernus Med\u017eiaga laminatas Dur\u0173 skai\u010dius be dur\u0173 Stal\u010di\u0173 skai\u010dius be stal\u010di\u0173 Gamintojas Juoda Raudona Balta Bald\u0173 tipas Lentynos ir vitrinos PVM mokestis 23% EAN 5906123707466<\/p>","protected":false},"excerpt":{"rendered":"<p>SPACE OFFICE lentyna \u2013 elegancija ir funkcionalumas biure. Biuro lentyn\u0173 blokas yra ne tik prakti\u0161kas sprendimas dokumentams laikyti, bet ir elementas, suteikiantis biuro erdvei elegancijos bei tvarkos. \u0160is lentyn\u0173 blokas su trimis erdviomis lentynomis puikiai tinka palaikyti tvark\u0105 biure. Pagaminta visi\u0161kai [\u2026]<\/p>","protected":false},"featured_media":263986,"comment_status":"open","ping_status":"open","template":"","meta":[],"product_brand":[],"product_cat":[9200,1987],"product_tag":[],"class_list":{"0":"post-263985","1":"product","2":"type-product","3":"status-publish","4":"has-post-thumbnail","6":"product_cat-black-red-white","7":"product_cat-shelving-units","9":"first","10":"instock","11":"purchasable","12":"product-type-simple"},"_links":{"self":[{"href":"https:\/\/baldumarket.lt\/lt\/wp-json\/wp\/v2\/product\/263985","targetHints":{"allow":["GET"]}}],"collection":[{"href":"https:\/\/baldumarket.lt\/lt\/wp-json\/wp\/v2\/product"}],"about":[{"href":"https:\/\/baldumarket.lt\/lt\/wp-json\/wp\/v2\/types\/product"}],"replies":[{"embeddable":true,"href":"https:\/\/baldumarket.lt\/lt\/wp-json\/wp\/v2\/comments?post=263985"}],"wp:featuredmedia":[{"embeddable":true,"href":"https:\/\/baldumarket.lt\/lt\/wp-json\/wp\/v2\/media\/263986"}],"wp:attachment":[{"href":"https:\/\/baldumarket.lt\/lt\/wp-json\/wp\/v2\/media?parent=263985"}],"wp:term":[{"taxonomy":"product_brand","embeddable":true,"href":"https:\/\/baldumarket.lt\/lt\/wp-json\/wp\/v2\/product_brand?post=263985"},{"taxonomy":"product_cat","embeddable":true,"href":"https:\/\/baldumarket.lt\/lt\/wp-json\/wp\/v2\/product_cat?post=263985"},{"taxonomy":"product_tag","embeddable":true,"href":"https:\/\/baldumarket.lt\/lt\/wp-json\/wp\/v2\/product_tag?post=263985"}],"curies":[{"name":"wp","href":"https:\/\/api.w.org\/{rel}","templated":true}]}}