{"id":263982,"date":"2026-01-13T23:47:58","date_gmt":"2026-01-13T20:47:58","guid":{"rendered":"https:\/\/baldumarket.lt\/product\/regal-otwarty-niski-nepo-plus-114-cm-dab-sonoma\/"},"modified":"2026-02-11T18:18:54","modified_gmt":"2026-02-11T15:18:54","slug":"regal-otwarty-niski-nepo-plus-114-cm-dab-sonoma","status":"publish","type":"product","link":"https:\/\/baldumarket.lt\/lt\/product\/regal-otwarty-niski-nepo-plus-114-cm-dab-sonoma\/","title":{"rendered":"NEPO PLUS \u017eema atvira lentyna, 114 cm, Sonoma \u0105\u017euolas"},"content":{"rendered":"<p>\u201eNepo Plus\u201c lentyna \u2013 moderni alternatyva j\u016bs\u0173 interjerui. Jei m\u0117gstate modern\u0173 dizain\u0105, kuriam b\u016bdingos paprastos formos, ergonomi\u0161kos formos ir prakti\u0161kumas, \u201eNepo Plus\u201c kolekcija kaip tik jums. \u0160iame straipsnyje pristatysime vien\u0105 i\u0161skirtiniausi\u0173 \u0161ios kolekcijos gamini\u0173 \u2013 \u201eNepo Plus\u201c lentyn\u0105, kuri ne tik i\u0161siskiria originaliu dizainu, bet ir si\u016blo daugyb\u0119 funkcini\u0173 galimybi\u0173. \u201eNepo Plus\u201c lentyna \u2013 tai baldas, kuris u\u017ekariaus t\u0173, kurie ie\u0161ko ka\u017eko netradicinio, \u0161irdis. J\u0105 sudaro devynios kvadratin\u0117s lentynos, sukurian\u010dios unikali\u0105 strukt\u016br\u0105. Tai ne tik dar vienas tradicinis lentyn\u0173 blokas \u2013 tai tikras ekspozicijos elementas. D\u0117l ne\u012fprastos formos ji si\u016blo ir prakti\u0161k\u0105 sprendim\u0105, ir patraukl\u0173 dekoratyvin\u012f element\u0105. \u201eNepo Plus\u201c lentynos spalv\u0173 gama yra tikras malonumas tiems, kurie vertina pasirinkimo laisv\u0119 ir galimyb\u0119 suasmeninti savo interjer\u0105. Nesvarbu, ar jums labiau patinka prislopinti atspalviai, ar ry\u0161kios, i\u0161rai\u0161kingos spalvos, tikrai rasite sau tinkam\u0105 variant\u0105. Tai puiki proga priderinti baldus prie savo interjero charakterio ir stiliaus. Modernus \u201eNepo Plus\u201c knyg\u0173 lentynos dizainas yra raktas \u012f jaukios erdv\u0117s, dekoruotos minimalistiniu, ta\u010diau i\u0161rai\u0161kingu stiliumi, k\u016brim\u0105. Paprastos formos ir dr\u0105sus r\u0117mas suteikia jai elegancijos ir \u017eavesio, tod\u0117l ji tinka \u012fvairiems interjero dizainams. Nesvarbu, ar turite minimalistin\u012f, ar ekscentri\u0161kesn\u012f but\u0105, \u201eNepo Plus\u201c knyg\u0173 lentyna tikrai suteiks modernumo ir gaivumo. Ta\u010diau \u201eNepo Plus\u201c kolekcija \u2013 tai ne tik estetika, bet ir funkcionalumas. \u0160ios serijos baldai leid\u017eia prakti\u0161kai ir madingai \u012frengti \u012fvairius kambarius. \u201eNepo Plus\u201c knyg\u0173 lentyna gali rasti savo viet\u0105 jaunimo kambaryje, kur ji puikiai tiks knygoms, dekoracijoms ar net multimedijos \u012frangai laikyti. Ji taip pat gali b\u016bti puiki svetain\u0117s puo\u0161mena, kurioje gal\u0117site lengvai laikyti m\u0117gstamas knygas ir dekoracijas, sukurdami unikal\u0173 kampel\u012f poilsiui ir poilsiui. Ji taip pat puikiai tinka naudoti biure ar koridoriuje, nes tai prakti\u0161ka vieta dokumentams, aksesuarams ar net vazoniniams augalams. Trumpai tariant, \u201eNepo Plus\u201c lentyna derina modern\u0173 dizain\u0105 su funkcionalumu. Paprastos formos, spalv\u0173 \u012fvairov\u0117 ir i\u0161rai\u0161kingas dizainas daro j\u0105 puikiu pasirinkimu tiems, kurie ie\u0161ko ka\u017eko unikalaus savo interjerui. Nesvarbu, kur j\u012f pastatysite, jis tikrai pritrauks d\u0117mes\u012f ir atliks savo praktin\u012f vaidmen\u012f. \u0160tai kod\u0117l \u201eNepo Plus\u201c kolekcija sulaukia vis didesnio populiarumo tarp modernaus dizaino ir funkcionali\u0173 interjero sprendim\u0173 m\u0117g\u0117j\u0173.<\/p>\n<p>Prek\u0117s kodas S435-REG\/12\/12-DSO Simbolis ZM EAN Plotis 114 cm Gylis 38,5 cm Auk\u0161tis 111 cm Kolekcija Nepo Plus Spalva sonoma \u0105\u017euolas Atspalvis \u0161viesi mediena Stilius modernus Dur\u0173 skai\u010dius be dur\u0173 Stal\u010di\u0173 skai\u010dius be stal\u010di\u0173 Gamintojas Juoda Raudona Balta Bald\u0173 tipas Lentynos ir vitrinos PVM mokestis 23% EAN 5906123949293<\/p>","protected":false},"excerpt":{"rendered":"<p>\u201eNepo Plus\u201c lentyna \u2013 moderni alternatyva j\u016bs\u0173 interjerui. Jei m\u0117gstate modern\u0173 dizain\u0105, kuriam b\u016bdingos paprastos formos, ergonomi\u0161kos formos ir prakti\u0161kumas, \u201eNepo Plus\u201c kolekcija kaip tik jums. \u0160iame straipsnyje pristatysime vien\u0105 i\u0161skirtiniausi\u0173 \u0161ios kolekcijos gamini\u0173 \u2013 \u201eNepo Plus\u201c [\u2026]<\/p>","protected":false},"featured_media":263983,"comment_status":"open","ping_status":"open","template":"","meta":[],"product_brand":[],"product_cat":[9200,1987],"product_tag":[],"class_list":{"0":"post-263982","1":"product","2":"type-product","3":"status-publish","4":"has-post-thumbnail","6":"product_cat-black-red-white","7":"product_cat-shelving-units","9":"first","10":"instock","11":"purchasable","12":"product-type-simple"},"_links":{"self":[{"href":"https:\/\/baldumarket.lt\/lt\/wp-json\/wp\/v2\/product\/263982","targetHints":{"allow":["GET"]}}],"collection":[{"href":"https:\/\/baldumarket.lt\/lt\/wp-json\/wp\/v2\/product"}],"about":[{"href":"https:\/\/baldumarket.lt\/lt\/wp-json\/wp\/v2\/types\/product"}],"replies":[{"embeddable":true,"href":"https:\/\/baldumarket.lt\/lt\/wp-json\/wp\/v2\/comments?post=263982"}],"wp:featuredmedia":[{"embeddable":true,"href":"https:\/\/baldumarket.lt\/lt\/wp-json\/wp\/v2\/media\/263983"}],"wp:attachment":[{"href":"https:\/\/baldumarket.lt\/lt\/wp-json\/wp\/v2\/media?parent=263982"}],"wp:term":[{"taxonomy":"product_brand","embeddable":true,"href":"https:\/\/baldumarket.lt\/lt\/wp-json\/wp\/v2\/product_brand?post=263982"},{"taxonomy":"product_cat","embeddable":true,"href":"https:\/\/baldumarket.lt\/lt\/wp-json\/wp\/v2\/product_cat?post=263982"},{"taxonomy":"product_tag","embeddable":true,"href":"https:\/\/baldumarket.lt\/lt\/wp-json\/wp\/v2\/product_tag?post=263982"}],"curies":[{"name":"wp","href":"https:\/\/api.w.org\/{rel}","templated":true}]}}