{"id":263970,"date":"2026-01-13T23:47:48","date_gmt":"2026-01-13T20:47:48","guid":{"rendered":"https:\/\/baldumarket.lt\/product\/regal-otwarty-nevada-a-81-cm-z-5-polkami-bialy\/"},"modified":"2026-02-11T18:18:54","modified_gmt":"2026-02-11T15:18:54","slug":"regal-otwarty-nevada-a-81-cm-z-5-polkami-bialy","status":"publish","type":"product","link":"https:\/\/baldumarket.lt\/lt\/product\/regal-otwarty-nevada-a-81-cm-z-5-polkami-bialy\/","title":{"rendered":"Nevada A atvira lentyna 81 cm su 5 lentynomis, balta"},"content":{"rendered":"<p>Nevada lentyna \u2013 patogumas ir unikalus dizainas. Atvira baltos spalvos Nevada lentyna yra idealus baldas \u012fvairiems interjero dizaino stiliams \u2013 ji puikiai dera tiek prie modernaus, tiek prie klasikinio interjero. 81 cm plo\u010dio, 199 cm auk\u0161\u010dio ir 37 cm gylio Nevada knyg\u0173 lentyna yra kompakti\u0161ka, ta\u010diau si\u016blo daug vietos daiktams laikyti ir eksponuoti, suteikdama bet kokiam interjerui elegancijos ir lengvumo. Nevada knyg\u0173 lentynos ypatyb\u0117s: 81 x 199 x 37 cm matmenys leid\u017eia jai tilpti net ir ma\u017eose erdv\u0117se. Penkios funkcin\u0117s lentynos puikiai tinka dokumentams, knygoms, dekoracijoms, vazoniniams augalams ir kitiems smulkiems daiktams. Atviras dizainas suteikia vizualinio lengvumo ir palengvina erdv\u0117s i\u0161d\u0117stym\u0105. Baltos spalvos atspalvis suteikia elegancijos ir harmoningai dera su \u012fvairiais interjero stiliais. Universalus panaudojimas \u2013 idealiai tinka svetain\u0117ms, biurams ir miegamiesiems, kur gali atlikti tiek funkcinius, tiek dekoratyvinius tikslus. Nevada kolekcijos dalis, leid\u017eianti sukurti darn\u0173 ir eleganti\u0161k\u0105 biuro interjer\u0105. Stilius ir funkcionalumas biure. Nevada knyg\u0173 lentyna derina estetik\u0105 ir prakti\u0161kum\u0105. D\u0117l atviro dizaino ir universalaus patrauklumo \u0161i lentyna puikiai tinka bet kokiam kambariui, kuriam reikia papildomos vietos kasdieniams daiktams ar dekoracijoms. Ji bus stilingas biuro, svetain\u0117s ar miegamojo papildymas, suteikiantis erdvei ramyb\u0117s ir tvarkos. Santrauka: \u201eNevada\u201c knyg\u0173 lentyna yra kompakti\u0161kas ir funkcionalus baldas, kuris tiks prie bet kokio interjero. Penkios lentynos ir gerai apgalvotas dizainas leid\u017eia eleganti\u0161kai laikyti ir eksponuoti daiktus. Universalumas ir nesenstantis stilius daro j\u0105 puikiu pasirinkimu tiems, kurie vertina harmonij\u0105 ir estetik\u0105 savo erdv\u0117je.<\/p>\n<p>Prek\u0117s kodas S599-REG_80_A-BI Plotis 81 cm Gylis 37 cm Auk\u0161tis 199 cm Kolekcija Nevada Spalva balta Atspalvis balta Stilius modernus Med\u017eiaga laminatas Dureli\u0173 skai\u010dius be dur\u0173 Stal\u010di\u0173 skai\u010dius be stal\u010di\u0173 Gamintojas Juoda Raudona Balta Bald\u0173 tipas Lentynos ir vitrinos PVM 23% EAN 5906123049856<\/p>","protected":false},"excerpt":{"rendered":"<p>Nevada lentyna \u2013 patogumas ir unikalus dizainas. Atvira baltos spalvos Nevada lentyna yra idealus baldas \u012fvairiems interjero dizaino stiliams \u2013 ji puikiai dera tiek moderniame, tiek klasikiniame interjere. 81 cm plo\u010dio, 199 cm auk\u0161\u010dio ir 37 cm gylio Nevada knyg\u0173 lentyna yra kompakti\u0161ka, ta\u010diau si\u016blo daug vietos daiktams laikyti [\u2026]<\/p>","protected":false},"featured_media":263971,"comment_status":"open","ping_status":"open","template":"","meta":[],"product_brand":[],"product_cat":[9200,1987],"product_tag":[],"class_list":{"0":"post-263970","1":"product","2":"type-product","3":"status-publish","4":"has-post-thumbnail","6":"product_cat-black-red-white","7":"product_cat-shelving-units","9":"first","10":"instock","11":"purchasable","12":"product-type-simple"},"_links":{"self":[{"href":"https:\/\/baldumarket.lt\/lt\/wp-json\/wp\/v2\/product\/263970","targetHints":{"allow":["GET"]}}],"collection":[{"href":"https:\/\/baldumarket.lt\/lt\/wp-json\/wp\/v2\/product"}],"about":[{"href":"https:\/\/baldumarket.lt\/lt\/wp-json\/wp\/v2\/types\/product"}],"replies":[{"embeddable":true,"href":"https:\/\/baldumarket.lt\/lt\/wp-json\/wp\/v2\/comments?post=263970"}],"wp:featuredmedia":[{"embeddable":true,"href":"https:\/\/baldumarket.lt\/lt\/wp-json\/wp\/v2\/media\/263971"}],"wp:attachment":[{"href":"https:\/\/baldumarket.lt\/lt\/wp-json\/wp\/v2\/media?parent=263970"}],"wp:term":[{"taxonomy":"product_brand","embeddable":true,"href":"https:\/\/baldumarket.lt\/lt\/wp-json\/wp\/v2\/product_brand?post=263970"},{"taxonomy":"product_cat","embeddable":true,"href":"https:\/\/baldumarket.lt\/lt\/wp-json\/wp\/v2\/product_cat?post=263970"},{"taxonomy":"product_tag","embeddable":true,"href":"https:\/\/baldumarket.lt\/lt\/wp-json\/wp\/v2\/product_tag?post=263970"}],"curies":[{"name":"wp","href":"https:\/\/api.w.org\/{rel}","templated":true}]}}